{"id":25,"date":"2023-12-18T11:30:38","date_gmt":"2023-12-18T11:30:38","guid":{"rendered":"https:\/\/blogs2.abo.fi\/firp-en\/?page_id=25"},"modified":"2024-03-12T10:30:23","modified_gmt":"2024-03-12T10:30:23","slug":"consent-and-data-protection","status":"publish","type":"page","link":"https:\/\/blogs2.abo.fi\/firp-en\/consent-and-data-protection\/","title":{"rendered":"Consent and data protection"},"content":{"rendered":"<p><a href=\"https:\/\/blogs2.abo.fi\/firp-en\/register\/\">Click here to sign up!<\/a><\/p>\n<h3><strong>Informed Consent<\/strong><\/h3>\n<p>We cordially invite you to participate in a scientific study that investigates the dynamics of social relations and mental wellbeing. To participate, you must be over 18 years old and have access to a smartphone. Participation is voluntary, and all answers will be treated with complete confidentiality. You can choose to end your participation at any point without giving a reason for doing so. However, the data that have already been collected cannot be deleted.<\/p>\n<p>The study consists of surveys that will be completed in the Ethica (Avicenna) app. First, you will complete this questionnaire and then a pre-survey that takes about 15 minutes to fill out in total. The day after filling out the pre-survey, you will start to receive notifications that link to a short questionnaire in the evening every day for 120 days. During the 120 day period, the questionnaire is open from 21 \u2013 04 o\u00b4clock and takes 1 \u2013 3 minutes to fill out. After the 120 days, you will receive a post-survey. At this stage, you will have the option to provide us with your email address to receive your feedback profile. You will also have the option to participate in a follow-up study to give us feedback on your profile. If you participate for over 85% of the data collection (100 days of filled questionnaires), you will also receive a 25-euro gift card to R-Kioski (where it can be used, among other things, to buy other gift cards for your specific interest). If you drop out of the study before the end of 120 days, you may still receive a limited personal profile based on the data that you have given up until that time. If you forget or miss to fill out the daily questionnaire for some reason, it is no problem and you can continue answering them the next day.<\/p>\n<p>If you are in an intimate relationship, you will be asked questions about your relationship and questions related to mental wellbeing, such as feelings of loneliness, depression, and anxiety. Lastly, you will answer some questions on behavior, such as sleep quality and amount of exercise. If you\u00b4re relationship ends before completing the study, we kindly ask you to terminate your participation in the study.<\/p>\n<p>If you are single, you will be asked questions about your social relations and your perception of them. You will also be asked questions related to mental wellbeing, such as feelings of loneliness, depression, and anxiety. Lastly, you will answer some questions on behavior, such as sleep quality and amount of exercise. If you start an intimate relationship during participation, that does not affect participation in the study and you can continue answering the daily surveys.<\/p>\n<p>For you to receive your feedback profile at the end of the study, you need to give an email address that will be connected<strong>\u00a0<\/strong>to your personal data. This address does not have to be the same that you used to register to Avicenna. Along with getting your data sent to you, there will be a questionnaire available on the Avicenna app, this questionnaire will ask you questions about your experience of the study and the data that you received. After completing this questionnaire, you can remove the Avicenna app and the study is completed.<\/p>\n<p>Your data will be stored on the Avicenna research app during the study. Your personal data will be handled only by the study\u2019s main researchers (Jeremia Sj\u00f6blom and Martin Lagerstr\u00f6m) and will be treated with complete confidentiality. As soon as it is no longer necessary to connect your personal data to your email, we will make the data pseudonymous by\u00a0deleting your email information. After completion of the study, your data will be deleted from the Avicenna research app, and the research material will then be stored on a closed server at \u00c5bo Akademi University. At the end of the study, the research material is archived at \u00c5bo Akademi University. Pseudonymized research material may also be made openly available through an online repository.<\/p>\n<p>For more information, please read the privacy notice of the study.<\/p>\n<h3><strong>Privacy notice<\/strong><\/h3>\n<p><strong>\u00c5BO AKADEMI UNIVERSITY<\/strong><\/p>\n<p><strong>www.abo.fi<\/strong><\/p>\n<p><strong>PRIVACY NOTICE <\/strong><\/p>\n<p>According to the EU General Data Protection Regulation GDPR (EU 679\/2016), Art. 13-14<\/p>\n<p><strong>The notice concerns:<\/strong><\/p>\n<p>Scientific research<\/p>\n<p><strong>The Finnish Interpersonal relationship project<\/strong><\/p>\n<p>__________________________________________________________________________<\/p>\n<p><strong>Data controller<\/strong><\/p>\n<p>\u00c5bo Akademi University<\/p>\n<p>Tuomiokirkontori 3<\/p>\n<p>20500 Turku<\/p>\n<p>Finland<\/p>\n<p>\u00c5bo Akademi University is controller for the personal data collected and processed in the university\u2019s activities \u2013 in teaching, guidance, research, administration, and cooperation, internally and externally.<\/p>\n<p>Responsible unit for the processing that is described in this document:<\/p>\n<p>Faculty of Arts, Psychology and Theology<\/p>\n<p>Contact person: Jeremia Sj\u00f6blom, Psychology, jeremia.sjoblom@abo.fi, 0445120399<\/p>\n<p>Data Protection Officer at \u00c5bo Akademi University: dataskydd@abo.fi, +358 2 215 31 (switchboard)<\/p>\n<p>__________________________________________________________________________<\/p>\n<p><strong>Why do we treat your personal data?<\/strong><\/p>\n<p>Participation is voluntary and pseudonymized. To enable you to have access to your own data and the opportunity to participate in follow-up, we will ask for your email address near the end of the study. It will be stored separately from the rest of your data and will be deleted once we have sent your data to you at the end of the study.<\/p>\n<p><strong>According to GDPR there must always be a legal basis for processing personal data. The legal basis for processing your personal data is: <\/strong><\/p>\n<p>Public interest or official authority: \u00c5bo Akademi University has statutory tasks of public interest and the right to exercise official authority according to the Universities Act. Scientific and historical research is an example of a statutory task of public interest.<\/p>\n<p>Public interest or official authority: we collect your personal data in order to conduct research in the public interest.<\/p>\n<p>The legal basis for processing personal data is based on art. 6.1e and further on art. 9.2 j. Data will be stored on secure servers at \u00c5bo Akademi University. Only Jeremia Sj\u00f6blom and Martin Lagerstr\u00f6m will have access to the email addresses linked to the data. The data will be pseudonymized immediately as it is not necessary to be able to link the data with email addresses for the continuation study. This will be done no later than 6 months after the end of the study.<\/p>\n<p><strong>Which personal data is processed and by whom?<\/strong><\/p>\n<p>E-mail address. Information on depression, anxiety, loneliness, stress, sex life, relationship quality.<\/p>\n<p>Jeremia Sj\u00f6blom and Martin Lagerstr\u00f6m. We use Avicenna Research as data controller for the data collection.<\/p>\n<p><strong>From where do we collect your personal data and how is the data processed?<\/strong><\/p>\n<p>From the participant himself.<\/p>\n<p>Avicenna Research stores the data for the duration of the study. After that, all data is downloaded on secure servers at \u00c5bo Akademi University and all data on Avicenna Research is deleted. The email addresses are temporarily saved in a password-protected folder on \u00c5bo Akademi University&#8217;s server and are deleted no later than 6 months after the end of the study. In connection with the publication of studies, pseudonymized data can be published according to the Open Science Framework.<\/p>\n<p>E-mail addresses are deleted no later than 6 months after the data collection has been completed. Pseudonymized data are archived for reuse on protected servers at \u00c5bo Akademi University for 25 years.<\/p>\n<p><strong>Is your personal data transferred to a third party (outside \u00c5bo Akademi University) for processing?<\/strong><\/p>\n<p>No, personal data will not be transferred for processing outside \u00c5bo Akademi University.<\/p>\n<p><strong>Is your personal data transferred to a third party (outside \u00c5bo Akademi University) for the needs of the third party?<\/strong><\/p>\n<p>No, personal data will not be transferred outside \u00c5bo Akademi University<\/p>\n<p><strong>Is your personal data transferred outside EU\/EEA?<\/strong><\/p>\n<p>Personal data may be transferred temporarily outside EU\/EEA due to the tool being used.<\/p>\n<p>We use Avicenna Research which is a Canadian private company to collect data. According to the EU Commission, Canadian companies have adequate protection of personal data and can therefore be used to collect personal data without the need for additional agreements.<\/p>\n<p>__________________________________________________________________________<\/p>\n<p><strong>What rights do you have when \u00c5bo Akademi University processes your personal data? <\/strong><\/p>\n<p>\u00c5bo Akademi University is responsible for taking appropriate technical and organisational measures to protect personal data against unauthorized or illegal processing and against damage to or loss of personal data. Personal data must always be processed in a fair and transparent manner in accordance with applicable data protection regulations<\/p>\n<p><strong>According to the EU General Data Protection Regulation GDPR, you have the right to<\/strong><\/p>\n<p>&#8211; get transparent information on how your personal data is processed and how you can exercise your rights (Art. 12)<\/p>\n<p>&#8211; get access to your personal data at \u00c5bo Akademi University and information on the processing of data (Art. 15)<\/p>\n<p>&#8211; have your personal data corrected (Art. 16). <em>Note that employees and students at \u00c5bo Akademi University can in most cases correct their own data according to the instructions on the intranet.<\/em><\/p>\n<p>&#8211; have your data erased (&#8221;the right to be forgotten&#8221;) in certain situations (Art. 17)<\/p>\n<p>&#8211; restrict the processing of your personal data in certain situations (Art. 18)<\/p>\n<p>&#8211; have your personal data transferred between systems in certain situations (Art. 20)<\/p>\n<p>&#8211; object to the processing of your personal data in certain situations (Art. 21)<\/p>\n<p>&#8211; not be subject to automated decision-making, with certain exceptions (Art. 22)<\/p>\n<p>You have also the right to be informed of a personal data breach involving a high risk for your personal data (Art. 34).<\/p>\n<p><strong>When the purpose of the processing is scientific research, statistics or archival purposes,<\/strong> the rights may be restricted by the Data Protection Act (1050\/2018). Restrictions on rights always require special protective measures.<\/p>\n<p><strong>If you have questions about your rights<\/strong>, you can contact the responsible contact person (see above) or the \u00c5AU Data Protection Officer (<a href=\"mailto:dataskydd@abo.fi\">dataskydd@abo.fi<\/a>). See also the overall information on the processing of personal data on the \u00c5AU website (<a href=\"http:\/\/www.abo.fi\/en\/processing-of-personal-data-at-abo-akademi-university\">www.abo.fi\/en\/processing-of-personal-data-at-abo-akademi-university<\/a>).<\/p>\n<p><strong>You have the right to lodge a complaint with the data protection authority<\/strong> if you believe that the processing of your personal data is an infringement of the General Data Protection Regulation (GDPR).<\/p>\n<p>Contact information to the data protection authority<\/p>\n<p>Office of the Data Protection Ombudsman<\/p>\n<p>PL 800<\/p>\n<p>00531 Helsinki<\/p>\n<p>+358 29 566 6700 (switchboard)<\/p>\n<p>tietosuoja@om.fi<\/p>\n<p>tietosuoja.fi<\/p>\n<h3><strong>What can the profile reveal, and what are its limitations?<\/strong><\/h3>\n<p>The profile will include descriptions and graphs illustrating how your well-being and\/or your romantic relationship have varied during your participation in the study. Using the profile, you will be able to identify patterns and correlations between different factors, patterns that may be challenging to see by yourself over an extended period.<\/p>\n<ul>\n<li>The profile can reveal patterns within yourself\/your romantic relationship.<\/li>\n<li>The profile can show variations between days: it is common with both high and low variation, which does not necessarily indicate that something is problematic.<\/li>\n<li>The profile is not a diagnostic tool; the research aims to determine whether it is possible to create this type of profile in the first place.<\/li>\n<\/ul>\n","protected":false},"excerpt":{"rendered":"<p>Click here to sign up! Informed Consent We cordially invite you to participate in a scientific study that investigates the dynamics of social relations and mental wellbeing. To participate, you must be over 18 years old and have access to a smartphone. Participation is voluntary, and all answers will be treated with complete confidentiality. You &hellip; <a href=\"https:\/\/blogs2.abo.fi\/firp-en\/consent-and-data-protection\/\" class=\"more-link\">Forts\u00e4tt l\u00e4sa <span class=\"screen-reader-text\">Consent and data protection<\/span> <span class=\"meta-nav\">&rarr;<\/span><\/a><\/p>\n","protected":false},"author":892,"featured_media":0,"parent":0,"menu_order":0,"comment_status":"closed","ping_status":"closed","template":"","meta":{"footnotes":""},"class_list":["post-25","page","type-page","status-publish","hentry"],"_links":{"self":[{"href":"https:\/\/blogs2.abo.fi\/firp-en\/wp-json\/wp\/v2\/pages\/25","targetHints":{"allow":["GET"]}}],"collection":[{"href":"https:\/\/blogs2.abo.fi\/firp-en\/wp-json\/wp\/v2\/pages"}],"about":[{"href":"https:\/\/blogs2.abo.fi\/firp-en\/wp-json\/wp\/v2\/types\/page"}],"author":[{"embeddable":true,"href":"https:\/\/blogs2.abo.fi\/firp-en\/wp-json\/wp\/v2\/users\/892"}],"replies":[{"embeddable":true,"href":"https:\/\/blogs2.abo.fi\/firp-en\/wp-json\/wp\/v2\/comments?post=25"}],"version-history":[{"count":6,"href":"https:\/\/blogs2.abo.fi\/firp-en\/wp-json\/wp\/v2\/pages\/25\/revisions"}],"predecessor-version":[{"id":124,"href":"https:\/\/blogs2.abo.fi\/firp-en\/wp-json\/wp\/v2\/pages\/25\/revisions\/124"}],"wp:attachment":[{"href":"https:\/\/blogs2.abo.fi\/firp-en\/wp-json\/wp\/v2\/media?parent=25"}],"curies":[{"name":"wp","href":"https:\/\/api.w.org\/{rel}","templated":true}]}}