{"id":21,"date":"2021-09-10T11:56:19","date_gmt":"2021-09-10T11:56:19","guid":{"rendered":"https:\/\/blogs2.abo.fi\/fikon\/?page_id=21"},"modified":"2024-12-16T13:47:36","modified_gmt":"2024-12-16T13:47:36","slug":"redaktionsrad-och-skribenter","status":"publish","type":"page","link":"https:\/\/blogs2.abo.fi\/fikon\/redaktionsrad-och-skribenter\/","title":{"rendered":"Redaktionsr\u00e5d och skribenter"},"content":{"rendered":"<p>Redaktionsr\u00e5den utg\u00f6rs av renommerade experter p\u00e5 ett visst omr\u00e5de. Medlemmarna fungerar ocks\u00e5 som skribenter. Ut\u00f6ver redaktionsr\u00e5dsmedlemmarna deltar en stor m\u00e4ngd experter inom olika omr\u00e5den som skribenter. Majoriteten av skribenterna utg\u00f6rs av konsthistoriker. Andra vetenskaper som representeras meddelas i samband med aktuell skribent.<\/p>\n<h3><strong>Inledning<\/strong><\/h3>\n<p>Marie-Sofie Lundstr\u00f6m, professor, konstvetenskap, \u00c5bo Akademi<\/p>\n<h3><strong>Historisk \u00f6versikt<\/strong><\/h3>\n<p>Johanna Wassholm, docent, nordisk historia, \u00c5bo Akademi<\/p>\n<h3><strong>\u00d6versikt<\/strong><\/h3>\n<p>Pia Wolff-Helminen, FM, doktorand, \u00c5bo Akademi<\/p>\n<h3><strong>Historiografi<\/strong><\/h3>\n<p>Mia \u00c5kerfelt, FD, akademilektor, \u00c5bo Akademi<\/p>\n<h3><strong>Medeltiden<\/strong><\/h3>\n<p><strong>Redaktionsr\u00e5d och skribenter<\/strong><br \/>\nordf. Elina R\u00e4s\u00e4nen, FD, docent, konsthistoria, Helsingfors Universitet<br \/>\nSofia Lahti, FD<br \/>\nKatri Vuola, FM, doktorand<\/p>\n<p><strong>\u00d6vriga skribenter<\/strong><br \/>\nVisa Immonen , professor, medeltidsarkeologi, Universitetet i Bergen<br \/>\nMinna Lehtom\u00e4ki, FM, doktorand<\/p>\n<h3><strong>1500-1600-talet<\/strong><\/h3>\n<p><strong>Redaktionsr\u00e5d och skribenter<\/strong><br \/>\nordf. Heikki Hanka, professor, konsthistoria, Jyv\u00e4skyl\u00e4n yliopisto<br \/>\nHanna Pirinen, FD, docent<br \/>\nKari Kotkavaara, FD, docent<br \/>\nHeidi Pf\u00e4ffli, FL, doktorand<br \/>\nEva Johansson, FD<\/p>\n<h3><strong>1700-talet<\/strong><\/h3>\n<p><strong>Redaktionsr\u00e5d och skribenter<\/strong><br \/>\nordf. Johanna Ilmakunnas, professor, nordisk historia, \u00c5A<br \/>\nPanu Savolainen, bitr. professor, arkitekturhistoria, Aalto Yliopisto<br \/>\nHeikki Hanka, professor, konsthistoria, Jyv\u00e4skyl\u00e4n yliopisto<br \/>\nKari Kotkavaara, FD, docent<\/p>\n<p><strong>\u00d6vriga skribenter<\/strong><br \/>\nHanna Kemppi, FD<br \/>\nRainer Knapas, FL, konst- och kulturhistoria<\/p>\n<h3><strong>1800-talet<\/strong><\/h3>\n<p><strong>Redaktionsr\u00e5d och skribenter<\/strong><br \/>\nordf. Marie-Sofie Lundstr\u00f6m, professor, konstvetenskap, \u00c5A<br \/>\nAnna Ripatti, FD, docent<br \/>\nAnna-Maria von Bonsdorff, FD<br \/>\nKari Kotkavaara, FD, docent<br \/>\nTutta Palin, professor, Turun yliopisto<br \/>\nSofia Aittomaa, FD<br \/>\nMia \u00c5kerfelt, FD<\/p>\n<p><strong>\u00d6vriga skribenter<br \/>\n<\/strong>Lars Berggren, professor em.,\u00a0 \u00c5bo Akademi<br \/>\nMarina Catani, FM, doktorand<br \/>\nHeikki Hanka, professor, Jyv\u00e4skyl\u00e4n yliopisto<br \/>\nToni Jakala, FM, doktorand<br \/>\nHanna Kemppi, FD<br \/>\nTeppo Jokinen, FD, docent<br \/>\nMarja Lahelma, FD, docent<br \/>\nLiisa Lindgren, FD, docent<br \/>\nVille Lukkarinen, professor, Helsingfors universitet<br \/>\nLeena Valkeap\u00e4\u00e4, FD, konst- och kulturhistoria<\/p>\n<h3><strong>1900-2020<\/strong><\/h3>\n<p><strong>Redaktionsr\u00e5d och skribenter<br \/>\n<\/strong>ordf. Mia \u00c5kerfelt, FD<br \/>\nordf. Katve-Kaisa Kontturi, FD, docent<br \/>\nMaria Hirvi-Ij\u00e4s, FD, docent<br \/>\nNina Kokkinen, FD, docent<br \/>\nRenja Suominen-Kokkonen, FD, docent<br \/>\nRiikka Stewen, professor, Taideyliopisto<br \/>\nLeena Svinhufvud, FD, docent<\/p>\n<p><strong>\u00d6vriga skribenter<br \/>\n<\/strong>Camilla Granbacka, FM<br \/>\nMarko Gylen, FM, doktorand<br \/>\nTuija Hautala-Hirvioja, professor em., Lapin yliopisto<br \/>\nEva Johansson, FD<br \/>\nHanna Johansson, dekan, Bildkonstakademin<br \/>\nHanna Kemppi, FD<br \/>\nHelka Ketonen, FM<br \/>\nMarja-Terttu Kivirinta, FD<br \/>\nLeena Kuumola, FM<br \/>\nAltti Kuusamo, professor em. Turun yliopisto<br \/>\nMarja Lahelma, FD, docent<br \/>\nJuhana Lahti, FD<br \/>\nSatu Pajarre, doktorand<br \/>\n<span style=\"font-size: 12.0pt;color: black\">Tutta Palin, professor, Turun yliopisto<br \/>\n<\/span>Johanna Ruohonen, FD<br \/>\nKirsi Saarikangas, professor, Helsingfors universitet<br \/>\nAura Seikkula, FD<br \/>\nUlla Sepp\u00e4l\u00e4-Kav\u00e9n, FM<br \/>\nKatarina Siltavuori, FM<br \/>\nAnu Utriainen, FM<br \/>\nNina Zilliacus, FM<br \/>\nAnnamari V\u00e4nsk\u00e4, \u00e4ldre lektor, Aalto yliopisto<\/p>\n","protected":false},"excerpt":{"rendered":"<p>Redaktionsr\u00e5den utg\u00f6rs av renommerade experter p\u00e5 ett visst omr\u00e5de. Medlemmarna fungerar ocks\u00e5 som skribenter. Ut\u00f6ver redaktionsr\u00e5dsmedlemmarna deltar en stor m\u00e4ngd experter inom olika omr\u00e5den som skribenter. Majoriteten av skribenterna utg\u00f6rs av konsthistoriker. Andra vetenskaper som representeras meddelas i samband med aktuell skribent. Inledning Marie-Sofie Lundstr\u00f6m, professor, konstvetenskap, \u00c5bo Akademi Historisk \u00f6versikt Johanna Wassholm, docent, nordisk &hellip; <a href=\"https:\/\/blogs2.abo.fi\/fikon\/redaktionsrad-och-skribenter\/\" class=\"more-link\">Forts\u00e4tt l\u00e4sa <span class=\"screen-reader-text\">Redaktionsr\u00e5d och skribenter<\/span> <span class=\"meta-nav\">&rarr;<\/span><\/a><\/p>\n","protected":false},"author":523,"featured_media":0,"parent":0,"menu_order":0,"comment_status":"closed","ping_status":"closed","template":"","meta":{"footnotes":""},"class_list":["post-21","page","type-page","status-publish","hentry"],"_links":{"self":[{"href":"https:\/\/blogs2.abo.fi\/fikon\/wp-json\/wp\/v2\/pages\/21","targetHints":{"allow":["GET"]}}],"collection":[{"href":"https:\/\/blogs2.abo.fi\/fikon\/wp-json\/wp\/v2\/pages"}],"about":[{"href":"https:\/\/blogs2.abo.fi\/fikon\/wp-json\/wp\/v2\/types\/page"}],"author":[{"embeddable":true,"href":"https:\/\/blogs2.abo.fi\/fikon\/wp-json\/wp\/v2\/users\/523"}],"replies":[{"embeddable":true,"href":"https:\/\/blogs2.abo.fi\/fikon\/wp-json\/wp\/v2\/comments?post=21"}],"version-history":[{"count":9,"href":"https:\/\/blogs2.abo.fi\/fikon\/wp-json\/wp\/v2\/pages\/21\/revisions"}],"predecessor-version":[{"id":212,"href":"https:\/\/blogs2.abo.fi\/fikon\/wp-json\/wp\/v2\/pages\/21\/revisions\/212"}],"wp:attachment":[{"href":"https:\/\/blogs2.abo.fi\/fikon\/wp-json\/wp\/v2\/media?parent=21"}],"curies":[{"name":"wp","href":"https:\/\/api.w.org\/{rel}","templated":true}]}}