{"id":45,"date":"2021-02-03T12:52:25","date_gmt":"2021-02-03T10:52:25","guid":{"rendered":"http:\/\/blogs2.abo.fi\/euco2021\/?page_id=45"},"modified":"2021-10-27T09:57:36","modified_gmt":"2021-10-27T07:57:36","slug":"start","status":"publish","type":"page","link":"https:\/\/blogs2.abo.fi\/euco2021\/","title":{"rendered":"EUCO 2021\/EUKO 2021"},"content":{"rendered":"<h2><strong>Social Issues in Corporate and Business Communication<\/strong><\/h2>\n<p><strong>\u00c5bo Akademi University 28-30.10.2021<\/strong><\/p>\n<h4><a href=\"https:\/\/blogs2.abo.fi\/euco2021\/conference-programme-euco-2021-tagungsprogramm-euko-2021\/\">Conference Programme<\/a><\/h4>\n<h4><a href=\"http:\/\/blogs2.abo.fi\/euco2021\/wp-content\/uploads\/sites\/180\/2021\/10\/broschyr.pdf\">Conference Proceedings<\/a><\/h4>\n<p>The conference will be held on campus at \u00c5bo Akademi University.<\/p>\n<p>21st International and Interdisciplinary Conference of the Research Network <em>European Cultures in Corporate and Business Communication \u2013 Europ\u00e4ische Kulturen in der Wirtschaftskommunikation<\/em> \u00a0(EUCO\/EUKO)<\/p>\n<p>Since the outbreak of the COVID-19 pandemic, the framework conditions for business and corporate communication have fundamentally changed in many respects. Such diverse areas as employee communication, diversity in the workplace, social commitment, security thinking, networking, environmental orientation, brand management, PR and advertising have been confronted with previously unimagined challenges, partly due to different triggers.<\/p>\n<p>For more information on the theme of the congress see <a href=\"http:\/\/blogs2.abo.fi\/euco2021\/start\/english\/\"><strong>Call for Papers.<\/strong><\/a><\/p>\n<h2><strong>Soziale Themen in Unternehmens-\u00a0 und Wirtschaftskommunikation<\/strong><\/h2>\n<p><strong>Universit\u00e4t \u00c5bo Akademi\u00a0 28.-30.10.2021<\/strong><\/p>\n<h4><a href=\"https:\/\/blogs2.abo.fi\/euco2021\/conference-programme-euco-2021-tagungsprogramm-euko-2021\/\">Tagungsprogramm EUKO 2021<\/a><\/h4>\n<h4><a href=\"http:\/\/blogs2.abo.fi\/euco2021\/wp-content\/uploads\/sites\/180\/2021\/10\/broschyr.pdf\">Tagungsband<\/a><\/h4>\n<p><strong>Der Kongress findet vor Ort an der \u00c5bo Akademi statt.<br \/>\n<\/strong><\/p>\n<p>21. internationale und interdisziplin\u00e4re Jahrestagung des Forschungsnetzwerks <em>Europ\u00e4ische Kulturen in der Wirtschaftskommunikation<\/em><em> &#8211;<\/em> <em>European Cultures in Corporate and Business Communication<\/em> (EUKO\/EUCO)<\/p>\n<p>Die Rahmenbedingungen f\u00fcr Wirtschaftskommunikation haben sich seit Ausbruch der COVID-19-Pandemie in vielen Unternehmensbereichen grundlegend ver\u00e4ndert. So unterschiedliche Bereiche wie Mitarbeitendenkommunikation, Diversit\u00e4t am Arbeitsplatz, soziales Engagement, Sicherheitsdenken, Netzwerkgestaltung, Umweltorientierung, Markenf\u00fchrung, PR und Werbung sind seit Ausbruch der letzten Pandemie \u2013 teilweise durch unterschiedliche Ausl\u00f6ser \u2013 vor bisher nicht geahnte Herausforderungen gestellt worden.<\/p>\n<p>Mehr Information zum Tagungsthema finden Sie im <a href=\"http:\/\/blogs2.abo.fi\/euco2021\/start\/deutsch\/\"><strong>Call for Papers<\/strong><\/a>.<\/p>\n","protected":false},"excerpt":{"rendered":"<p>Social Issues in Corporate and Business Communication \u00c5bo Akademi University 28-30.10.2021 Conference Programme Conference Proceedings The conference will be held on campus at \u00c5bo Akademi University. 21st International and Interdisciplinary Conference of the Research Network European Cultures in Corporate and Business Communication \u2013 Europ\u00e4ische Kulturen in der Wirtschaftskommunikation \u00a0(EUCO\/EUKO) Since the outbreak of the COVID-19 &hellip; <a href=\"https:\/\/blogs2.abo.fi\/euco2021\/\" class=\"more-link\">Forts\u00e4tt l\u00e4sa<span class=\"screen-reader-text\"> \u201dEUCO 2021\/EUKO 2021\u201d<\/span><\/a><\/p>\n","protected":false},"author":523,"featured_media":0,"parent":0,"menu_order":0,"comment_status":"closed","ping_status":"closed","template":"","meta":{"footnotes":""},"class_list":["post-45","page","type-page","status-publish","hentry"],"_links":{"self":[{"href":"https:\/\/blogs2.abo.fi\/euco2021\/wp-json\/wp\/v2\/pages\/45","targetHints":{"allow":["GET"]}}],"collection":[{"href":"https:\/\/blogs2.abo.fi\/euco2021\/wp-json\/wp\/v2\/pages"}],"about":[{"href":"https:\/\/blogs2.abo.fi\/euco2021\/wp-json\/wp\/v2\/types\/page"}],"author":[{"embeddable":true,"href":"https:\/\/blogs2.abo.fi\/euco2021\/wp-json\/wp\/v2\/users\/523"}],"replies":[{"embeddable":true,"href":"https:\/\/blogs2.abo.fi\/euco2021\/wp-json\/wp\/v2\/comments?post=45"}],"version-history":[{"count":30,"href":"https:\/\/blogs2.abo.fi\/euco2021\/wp-json\/wp\/v2\/pages\/45\/revisions"}],"predecessor-version":[{"id":231,"href":"https:\/\/blogs2.abo.fi\/euco2021\/wp-json\/wp\/v2\/pages\/45\/revisions\/231"}],"wp:attachment":[{"href":"https:\/\/blogs2.abo.fi\/euco2021\/wp-json\/wp\/v2\/media?parent=45"}],"curies":[{"name":"wp","href":"https:\/\/api.w.org\/{rel}","templated":true}]}}