{"id":33,"date":"2021-02-03T12:35:57","date_gmt":"2021-02-03T10:35:57","guid":{"rendered":"http:\/\/blogs2.abo.fi\/euco2021\/?page_id=33"},"modified":"2021-06-02T14:00:44","modified_gmt":"2021-06-02T12:00:44","slug":"deutsch","status":"publish","type":"page","link":"https:\/\/blogs2.abo.fi\/euco2021\/start\/deutsch\/","title":{"rendered":"Second Call for Papers &#8211; Neue Deadline 5. August"},"content":{"rendered":"<h2><strong>Soziale Themen in Unternehmens-\u00a0 und Wirtschaftskommunikation<\/strong><\/h2>\n<p>21. internationale und interdisziplin\u00e4re Jahrestagung des Forschungsnetzwerks <em>Europ\u00e4ische Kulturen in der Wirtschaftskommunikation<\/em><em> \u2013<\/em> <em>European Cultures in Corporate and Business Communication<\/em> (EUKO\/EUCO)<\/p>\n<p><strong>Universit\u00e4t \u00c5bo Akademi\u00a0 28.-30.10.2021<\/strong><\/p>\n<p><a href=\"#cfp\">Call for papers<\/a><br \/>\n<a href=\"#theme\">Themenspektrum<\/a><br \/>\n<a href=\"#abstract\">Abstracts<\/a><\/p>\n<p>&nbsp;<\/p>\n<p>Die Rahmenbedingungen f\u00fcr Wirtschaftskommunikation haben sich seit Ausbruch der COVID-19-Pandemie in vielen Unternehmensbereichen grundlegend ver\u00e4ndert. So unterschiedliche Bereiche wie Mitarbeitendenkommunikation, Diversit\u00e4t am Arbeitsplatz, soziales Engagement, Sicherheitsdenken, Netzwerkgestaltung, Umweltorientierung, Markenf\u00fchrung, PR und Werbung sind seit Ausbruch der letzten Pandemie &#8211; teilweise durch unterschiedliche Ausl\u00f6ser &#8211; vor bisher nicht geahnte Herausforderungen gestellt worden.<\/p>\n<p>Durch das Prinzip der virtuellen Kontaktwelten bei zunehmender r\u00e4umlicher und sozialer Bewegungseinschr\u00e4nkung in innerbetrieblichen Prozessen aufgrund von COVID-19 ist die technikgetriebene Kommunikation ins Zentrum von Arbeitsprozessen ger\u00fcckt. Noch ist nicht \u00fcberschaubar, welche Folgen die Gesundheitskrise f\u00fcr eine eventuell nachfolgende Wirtschaftskrise in Zukunft haben wird und wie sich dies auf die zwischenmenschlichen Prozesse in Organisationen auswirken wird. Dies zieht die Frage der Gestaltungsprinzipien von interpersoneller Kooperation und der Entwicklung von Mitarbeitendenkommunikation sowohl in kulturell abgesteckten Rahmen wie auch interkulturell \u00fcber nationale Grenzen in virtuellen Welten nach sich.<\/p>\n<p>W\u00e4hrend fr\u00fcher eine grenz\u00fcberschreitende T\u00e4tigkeit selbstverst\u00e4ndlich war, ist mittlerweile die lokale Dimension in der Bedarfsdeckung von Ansprechgruppen wichtig geworden. Hieraus ergeben sich Konsequenzen f\u00fcr z.B. Fragen der Art von Probleml\u00f6sung oder Nachhaltigkeitseinbettung, die Unternehmen anbieten und kommunizieren. Gleichzeitig gewinnt ein nachhaltiges Konsumentenverhalten verst\u00e4rkt an Bedeutung. Dies gilt beispielsweise f\u00fcr den Kauf regionaler Produkte, aber auch f\u00fcr Konzepte des \u00abNew Work\u00bb, speziell in den Bereichen Videokonferenzen und Homeoffice. Weiterhin sind durch soziale und geopolitische Entwicklungen vor und w\u00e4hrend der COVID-19-Pandemie neue Herausforderungen f\u00fcr das soziale Bewusstsein von Unternehmen sozusagen von au\u00dfen an Organisationen herangetragen worden. Dies betrifft z.B. ein zunehmendes Interesse an #<em>Me Too<\/em>-Thematik, an Genderdiversit\u00e4t am Arbeitsplatz sowie auch f\u00fcr <em>Black Lives Matter<\/em> und andere Fragen der Inklusion und\/oder Gleichbehandlung.<\/p>\n<p>Viele Organisationen sehen sich immer mehr zum Um-\/Neudenken ihrer wertebasierten Handlungsweisen veranlasst. Das Wohlbefinden im Rahmen einer sich sozial neu definierenden Arbeitsumwelt bringt Handlungsbedarf f\u00fcr Arbeitsgemeinschaften. Daraus ergeben sich auch neue M\u00f6glichkeiten f\u00fcr die Selbstdarstellung von Organisationen. Neben innerbetrieblichen Prozessen entsteht nicht zuletzt auch in der PR- und Werbegestaltung die Frage, wie inner- und au\u00dferbetriebliche Ver\u00e4nderungen von Wertelandschaften &#8211; auch \u00fcber Kulturgrenzen &#8211; an Zielgruppen kommuniziert werden k\u00f6nnen.<\/p>\n<h5><a name=\"cfp\"><\/a>Call for papers<\/h5>\n<p>Vor dem Hintergrund ihrer interdisziplin\u00e4ren Forschungsgeschichte l\u00e4dt die EUKO am 28.-30. Oktober 2021 Vertreterinnen und Vertreter aus sowohl Wissenschaft als auch unternehmerischer Praxis zu Vortr\u00e4gen ein. Neben Verankerungen in T\u00e4tigkeitsbereichen der wirtschaftlichen Praxis k\u00f6nnen die Beitr\u00e4ge auch grundlagentheoretische Fragen aus dem oben aufgezeigten Themenspektrum behandeln, wobei die Methodenfrage frei ist.<\/p>\n<p>Die obigen Themenfelder k\u00f6nnen als solche oder aus ihren Teilbereichen heraus betrachtet werden; sie k\u00f6nnen aber auch vernetzt und themen\u00fcbergreifend behandelt werden. Der Kongress begr\u00fc\u00dft Beitr\u00e4ge mit unterschiedlichen sozialen Themenverortungen im Bereich der Unternehmens- und Wirtschaftskommunikation. Besonders willkommen sind auch Beitr\u00e4ge mit interdisziplin\u00e4rer Spannweite, die sich mit konkreten Bedarfen und Herausforderungen von Kommunikationst\u00e4tigkeit in, von, \u00fcber oder mit Unternehmen befassen.<\/p>\n<p>Da die Tagung sich als resultatorientierte Veranstaltung versteht, wird die M\u00f6glichkeit zur Gr\u00fcndung eines internationalen Forschungsprojekts in Betracht gezogen, das sich aus den Beitr\u00e4gen heraus entwickeln k\u00f6nnte. Dies wird im Rahmen eines In-Congress-Workshops w\u00e4hrend der Kongresstage f\u00fcr Interessierte geplant.<\/p>\n<h5><a name=\"theme\"><\/a><strong>Themenspektrum des Kongresses im Lichte des Rahmenthemas:<\/strong><\/h5>\n<ul>\n<li style=\"list-style-type: none\">\n<ul>\n<li>Neugestaltung von Arbeitsprozessen im Rahmen von COVID-19<\/li>\n<li>Entwicklung von Work-Life-Balance<\/li>\n<li>Netzwerkgestaltung<\/li>\n<li>interpersonelle Diskurse in Organisationen<\/li>\n<li>Kommunikation und Kooperation in digitalen Welten<\/li>\n<li>unternehmensinterne Kommunikationgestaltung im Zuge der Pandemie<\/li>\n<li>kulturelle Implikationen der Kommunikationsgestaltung<\/li>\n<li>effektivierte Kommunikation mit Ansprechgruppe<\/li>\n<li>Smartworking<\/li>\n<li>M\u00f6glichkeiten und Herausforderungen im Rahmen von &#8217;New Work&#8217;<\/li>\n<li>nachhaltige Umwelteinbettung\/Umwelteinwirkung von Unternehmen<\/li>\n<li>Experten-Laien-Kommunikation in dynamischen Entwicklungen<\/li>\n<li>interaktive Neuorientierungen in alten und neuen Medien<\/li>\n<li>Entwicklung von Identit\u00e4t und Inklusion in sozialen Gemeinschaften<\/li>\n<li>Herausforderungen und M\u00f6glichkeiten im Schnittpunkt analoger und digitaler Kontakte<\/li>\n<li>textuelle Verfahrensweisen in multidisziplin\u00e4ren Kontexten<\/li>\n<li>Entwicklung von Sprachgebrauch und Begrifflichkeiten in beruflichen Dom\u00e4nen<\/li>\n<li>Strategien der Verst\u00e4ndlichkeits-Steuerung<\/li>\n<li>kultursensible Faktoren multimodaler Kommunikationsgestaltung<\/li>\n<li>soziale Entwicklungen im Rahmen digitaler Gemeinschaften<\/li>\n<li>Einwirkung gesellschaftlicher Einfl\u00fcsse auf organisationale Kommunikationspraktiken<\/li>\n<li>Tendenzen in Marketing, Werbung und\/oder PR<\/li>\n<li>Rhetorik in der Unternehmenskommunikation<\/li>\n<li>Entwicklung von Markenkulturen<\/li>\n<\/ul>\n<\/li>\n<\/ul>\n<h5><a name=\"abstract\"><\/a>Abstracts<\/h5>\n<p>Bitte <a href=\"https:\/\/survey.abo.fi\/lomakkeet\/13328\/lomake.html\">reichen Sie Ihr Abstract<\/a> bis zum 05.08.2021 ein.<\/p>\n","protected":false},"excerpt":{"rendered":"<p>Soziale Themen in Unternehmens-\u00a0 und Wirtschaftskommunikation 21. internationale und interdisziplin\u00e4re Jahrestagung des Forschungsnetzwerks Europ\u00e4ische Kulturen in der Wirtschaftskommunikation \u2013 European Cultures in Corporate and Business Communication (EUKO\/EUCO) Universit\u00e4t \u00c5bo Akademi\u00a0 28.-30.10.2021 Call for papers Themenspektrum Abstracts &nbsp; Die Rahmenbedingungen f\u00fcr Wirtschaftskommunikation haben sich seit Ausbruch der COVID-19-Pandemie in vielen Unternehmensbereichen grundlegend ver\u00e4ndert. So unterschiedliche Bereiche &hellip; <a href=\"https:\/\/blogs2.abo.fi\/euco2021\/start\/deutsch\/\" class=\"more-link\">Forts\u00e4tt l\u00e4sa<span class=\"screen-reader-text\"> \u201dSecond Call for Papers &#8211; Neue Deadline 5. August\u201d<\/span><\/a><\/p>\n","protected":false},"author":523,"featured_media":0,"parent":45,"menu_order":0,"comment_status":"closed","ping_status":"closed","template":"","meta":{"footnotes":""},"class_list":["post-33","page","type-page","status-publish","hentry"],"_links":{"self":[{"href":"https:\/\/blogs2.abo.fi\/euco2021\/wp-json\/wp\/v2\/pages\/33","targetHints":{"allow":["GET"]}}],"collection":[{"href":"https:\/\/blogs2.abo.fi\/euco2021\/wp-json\/wp\/v2\/pages"}],"about":[{"href":"https:\/\/blogs2.abo.fi\/euco2021\/wp-json\/wp\/v2\/types\/page"}],"author":[{"embeddable":true,"href":"https:\/\/blogs2.abo.fi\/euco2021\/wp-json\/wp\/v2\/users\/523"}],"replies":[{"embeddable":true,"href":"https:\/\/blogs2.abo.fi\/euco2021\/wp-json\/wp\/v2\/comments?post=33"}],"version-history":[{"count":8,"href":"https:\/\/blogs2.abo.fi\/euco2021\/wp-json\/wp\/v2\/pages\/33\/revisions"}],"predecessor-version":[{"id":157,"href":"https:\/\/blogs2.abo.fi\/euco2021\/wp-json\/wp\/v2\/pages\/33\/revisions\/157"}],"up":[{"embeddable":true,"href":"https:\/\/blogs2.abo.fi\/euco2021\/wp-json\/wp\/v2\/pages\/45"}],"wp:attachment":[{"href":"https:\/\/blogs2.abo.fi\/euco2021\/wp-json\/wp\/v2\/media?parent=33"}],"curies":[{"name":"wp","href":"https:\/\/api.w.org\/{rel}","templated":true}]}}