{"id":172,"date":"2021-09-28T10:35:05","date_gmt":"2021-09-28T08:35:05","guid":{"rendered":"https:\/\/blogs2.abo.fi\/euco2021\/?page_id=172"},"modified":"2021-11-25T15:51:11","modified_gmt":"2021-11-25T13:51:11","slug":"conference-programme-euco-2021-tagungsprogramm-euko-2021","status":"publish","type":"page","link":"https:\/\/blogs2.abo.fi\/euco2021\/conference-programme-euco-2021-tagungsprogramm-euko-2021\/","title":{"rendered":"Conference Programme EUCO 2021 \/ Tagungsprogramm EUKO 2021"},"content":{"rendered":"<h4 id=\"thursday\">Thursday, October 28th 2021<br \/>\nDonnerstag 28. Oktober 2021<\/h4>\n<p><strong>9:00-10:00<\/strong><br \/>\nRegistration \/ Anmeldung<br \/>\n<strong>10:00-10:15<\/strong><br \/>\nOpening and Welcoming (Dean of the faculty Peter Nyn\u00e4s)<br \/>\nEr\u00f6ffnung und Begr\u00fcbung (Dekan der Fakult\u00e4t Peter Nyn\u00e4s)<\/p>\n<h4><strong><br \/>\nINTERACTION IN AND WITH ORGANISATIONS<br \/>\nINTERAKTION IN UND MIT ORGANISATIONEN<br \/>\n<\/strong><\/h4>\n<p><strong>Section 1<br \/>\nArmfelt<\/strong><\/p>\n<p>Chair: Christopher Schmidt<strong><br \/>\n<\/strong><\/p>\n<p><strong>10:15-10:45<\/strong>\u00a0 <strong>Keynote<\/strong> Miriam Holstein (online) ENG<br \/>\n<strong>10:45-11:15<\/strong> Nelke\/Bittner-Fesseler (online) DEU<br \/>\n<strong>11:15-11:45<\/strong>\u00a0 Heiland\u00a0 (online) ENG<\/p>\n<p><strong>11:45-12:30<\/strong> Lunch\/Mittag<\/p>\n<p><strong>Section 2<br \/>\nArmfelt<\/strong><\/p>\n<p>Chair: Christopher Schmidt<\/p>\n<p><strong>12:30-13:00<\/strong>\u00a0 <strong>Keynote<\/strong> Sara Salmani (online) ENG<br \/>\n<strong>13:00-13:30<\/strong>\u00a0 Muss\/F\u00fcrstenau (online) ENG<br \/>\n<strong>13:30-14:00<\/strong>\u00a0 Bo\u00dfow-Thies\/Krol (online) DEU<br \/>\n<strong>14:00-14:30<\/strong>\u00a0 Adenau\/Scheuch (online) DEU<\/p>\n<p><strong>14:30 -15:00<\/strong> Coffee break\/Kaffepause<\/p>\n<p><strong>Section 3<br \/>\nArmfelt<br \/>\n<\/strong><\/p>\n<p><strong>Chair<\/strong>: Eva-Maria Jakobs<\/p>\n<p><strong>15:00-15:30<\/strong>\u00a0 Kummler\/Steigerwald (online) DEU<br \/>\n<strong>15:30-16:00<\/strong>\u00a0 Nguyen (online) DEU<br \/>\n<strong>16:00-16:30\u00a0<\/strong> Redler\/Rolke\/Giuliano (online) DEU<\/p>\n<p><strong> Section 4<br \/>\nHelikon<\/strong><\/p>\n<p><strong>Chair<\/strong>: Natalie Peters<\/p>\n<p><strong>15:00-15:30<\/strong>\u00a0 Malik\/F\u00fcrstenau\/Hommel (\u00c5A) ENG<br \/>\n<strong>15:30-16:00<\/strong>\u00a0 Behrens (\u00c5A) DEU<br \/>\n<strong>16:00-16:30<\/strong>\u00a0 Jiang (\u00c5A) DEU<\/p>\n<p><strong>18:00-19:30\u00a0 Reception by the City of Turku\/Empfang der Stadt Turku<\/strong><\/p>\n<p>&nbsp;<\/p>\n<h4 id=\"friday\">Friday October 29th<br \/>\nFreitag 29. Oktober<\/h4>\n<h4><strong>COVID-19 AND SOCIETAL CHALLENGES<br \/>\n<\/strong><strong>COVID-19 UND SOZIALE HERAUSFORDERUNGEN<\/strong><\/h4>\n<p><strong>Section 1<br \/>\nArmfelt<br \/>\n<\/strong><\/p>\n<p><strong>Chair: <\/strong>Karl-Heinz Pogner<\/p>\n<p><strong>9:00-9:4<\/strong><strong>5<\/strong> \u00a0\u00a0 <strong>Keynote<\/strong> Anette Hallin (\u00c5A) ENG<br \/>\n<strong>9:45-10:15<\/strong>\u00a0\u00a0\u00a0 Stumpf\/Hellenthal (\u00c5A) DEU<br \/>\n<strong>10:15-10:45<\/strong>\u00a0 Landmann\/Nguyen\/Siems (\u00c5A) DEU<br \/>\n<strong><br \/>\n10:45-11:15<\/strong>\u00a0 Coffee break\/Kaffepause<\/p>\n<p><strong>Section 2<br \/>\nArmfelt<\/strong><\/p>\n<p><strong>Chair: <\/strong>Marcus Stumpf<\/p>\n<p><strong>11:15-11:45<\/strong>\u00a0 Ditlevsen\/Pedersen (\u00c5A) DEU<br \/>\n<strong>11:45-12:15<\/strong>\u00a0 Heinemann (\u00c5A) DEU<br \/>\n<strong>12:15-12:45<\/strong>\u00a0 Nielsen (\u00c5A) DEU<\/p>\n<p><strong>Section 3<br \/>\nHelikon<br \/>\n<\/strong><\/p>\n<p><strong>Chair:<\/strong> Elisa Landmann<\/p>\n<p><strong>11:15-11:45<\/strong>\u00a0 Peters (\u00c5A) DEU<br \/>\n<strong>11:45-12:15<\/strong>\u00a0 Mundorf\/Seidl (online) DEU<\/p>\n<p><strong>12:45-13:30<\/strong>\u00a0 Lunch\/Mittag<\/p>\n<p><strong>Section 4<\/strong><br \/>\n<strong>Armfelt \u00a0\u00a0<\/strong><\/p>\n<p><strong>Chair: <\/strong>Florian Siems<\/p>\n<p><strong>13:30-14:00\u00a0<\/strong> Dellert\/Bo\u00dfow-Thies (online) DEU<br \/>\n<strong>14:00-14:30<\/strong>\u00a0 Krol\/L\u00fcbcke\/Beneke\/Bo\u00dfow-Thies (online) DEU<br \/>\n<strong>14:30-15:00<\/strong>\u00a0 Pilny (\u00c5A) DEU<br \/>\n<strong>15:00-15:30<\/strong>\u00a0 Pietzcker (online) DEU<\/p>\n<p><strong><br \/>\nSection 5<br \/>\nHelikon<br \/>\n<\/strong><\/p>\n<p><strong>Chair:<\/strong> Anne Grethe Pedersen<\/p>\n<p><strong>13:30-14:00\u00a0<\/strong> Schenk\/Gelberg\/Kurik\/Lischka (\u00c5A) DEU<br \/>\n<strong>14:00-14:30 <\/strong>Kobsch<sup>\/<\/sup>Conrad\/Kaniewicz\/Stricker\u00a0(\u00c5A) ENG<br \/>\n<strong>14:30-15:00\u00a0 <\/strong>Le\u0301vy-To\u0308dter (\u00c5A) DEU<strong><br \/>\n<\/strong><\/p>\n<p><strong>15.45-16:15\u00a0<\/strong> Coffee break\/Kaffepause<\/p>\n<p><strong>16:15-18:15<\/strong>\u00a0 Workshop<\/p>\n<p><strong>19:00 Restaurant (own expenses\/Selbstzahler)<\/strong><\/p>\n<p>&nbsp;<\/p>\n<h4 id=\"saturday\">Saturday October 30th<br \/>\nSamstag 30. Oktober<\/h4>\n<p>&nbsp;<\/p>\n<p><strong>Herrankukkaro<\/strong><\/p>\n<p><strong>9:00<\/strong> Departure from Turku\/Abfahrt Turku<br \/>\n<strong>10.00<\/strong> Arrival and reception at Herrankukkaro\/Ankunft und Empfang Herrankukkaro<\/p>\n<h4><strong>CORPORATIONS IN CHANGING ENVIRONMENT<br \/>\n<\/strong><strong> UNTERNEHMEN IN VER\u00c4NDERLICHER UMGEBUNG<\/strong><\/h4>\n<p><strong>Chair:<\/strong> Nina Janich<\/p>\n<p><strong>11:00 -11:45<\/strong>\u00a0 <strong>Keynote<\/strong> Eva-Maria Jakobs (H) DEU<br \/>\n<strong>11:45 -12:15<\/strong>\u00a0 Banholzer (H) DEU<br \/>\n<strong>12:15-12:45<\/strong>\u00a0 Plefka (H) DEU<\/p>\n<p><strong>12:45-14:00<\/strong> Lunch\/Mittag<\/p>\n<p><strong>Chair:<\/strong> Christopher Schmidt<\/p>\n<p><strong>14:00-14:30<\/strong>\u00a0 Pogner (H) ENG<br \/>\n<strong>14:30-15:00<\/strong>\u00a0 Landmann\/Nguyen\/Pilny\/Siems (H) DEU<\/p>\n<p><strong>15:00-15:30<\/strong>\u00a0 Abschlusssitzung und Pr\u00e4sentation von EUKO 2022<\/p>\n<p><strong>15:30-17:30<\/strong>\u00a0 Sauna<\/p>\n<p><strong>17.30-19:00<\/strong>\u00a0 Buffet<\/p>\n<p><strong>19:00 Return to\/R\u00fcckreise Turku<\/strong><\/p>\n<p><strong>20:00 Arrival\/Ankunft Turku<br \/>\n<\/strong><\/p>\n<p>&nbsp;<\/p>\n<p>&nbsp;<\/p>\n<p>&nbsp;<\/p>\n","protected":false},"excerpt":{"rendered":"<p>Thursday, October 28th 2021 Donnerstag 28. Oktober 2021 9:00-10:00 Registration \/ Anmeldung 10:00-10:15 Opening and Welcoming (Dean of the faculty Peter Nyn\u00e4s) Er\u00f6ffnung und Begr\u00fcbung (Dekan der Fakult\u00e4t Peter Nyn\u00e4s) INTERACTION IN AND WITH ORGANISATIONS INTERAKTION IN UND MIT ORGANISATIONEN Section 1 Armfelt Chair: Christopher Schmidt 10:15-10:45\u00a0 Keynote Miriam Holstein (online) ENG 10:45-11:15 Nelke\/Bittner-Fesseler (online) &hellip; <a href=\"https:\/\/blogs2.abo.fi\/euco2021\/conference-programme-euco-2021-tagungsprogramm-euko-2021\/\" class=\"more-link\">Forts\u00e4tt l\u00e4sa<span class=\"screen-reader-text\"> \u201dConference Programme EUCO 2021 \/ Tagungsprogramm EUKO 2021\u201d<\/span><\/a><\/p>\n","protected":false},"author":523,"featured_media":0,"parent":0,"menu_order":0,"comment_status":"closed","ping_status":"closed","template":"","meta":{"footnotes":""},"class_list":["post-172","page","type-page","status-publish","hentry"],"_links":{"self":[{"href":"https:\/\/blogs2.abo.fi\/euco2021\/wp-json\/wp\/v2\/pages\/172","targetHints":{"allow":["GET"]}}],"collection":[{"href":"https:\/\/blogs2.abo.fi\/euco2021\/wp-json\/wp\/v2\/pages"}],"about":[{"href":"https:\/\/blogs2.abo.fi\/euco2021\/wp-json\/wp\/v2\/types\/page"}],"author":[{"embeddable":true,"href":"https:\/\/blogs2.abo.fi\/euco2021\/wp-json\/wp\/v2\/users\/523"}],"replies":[{"embeddable":true,"href":"https:\/\/blogs2.abo.fi\/euco2021\/wp-json\/wp\/v2\/comments?post=172"}],"version-history":[{"count":16,"href":"https:\/\/blogs2.abo.fi\/euco2021\/wp-json\/wp\/v2\/pages\/172\/revisions"}],"predecessor-version":[{"id":247,"href":"https:\/\/blogs2.abo.fi\/euco2021\/wp-json\/wp\/v2\/pages\/172\/revisions\/247"}],"wp:attachment":[{"href":"https:\/\/blogs2.abo.fi\/euco2021\/wp-json\/wp\/v2\/media?parent=172"}],"curies":[{"name":"wp","href":"https:\/\/api.w.org\/{rel}","templated":true}]}}