{"id":142,"date":"2021-02-23T14:20:16","date_gmt":"2021-02-23T12:20:16","guid":{"rendered":"http:\/\/blogs2.abo.fi\/euco2021\/?page_id=142"},"modified":"2021-02-23T14:20:33","modified_gmt":"2021-02-23T12:20:33","slug":"congress-workshop-kongress-workshop","status":"publish","type":"page","link":"https:\/\/blogs2.abo.fi\/euco2021\/congress-workshop-kongress-workshop\/","title":{"rendered":"Congress Workshop \/ Kongress Workshop"},"content":{"rendered":"<p>As the congress is a result-oriented congress the organisation will strive to developing an international research project together with interested participants out of the thematic spectrum. This will be done during a special meeting event as a congress workshop during the congress days.<\/p>\n<p>If you are interested in developing a research project please mark your participation at the workshop on the registration form to be published later when the congress registration is opened (after note of acceptance of your abstract).<\/p>\n<p><strong>\u00a0<\/strong><\/p>\n<p>&nbsp;<\/p>\n<p>Da die Tagung sich als resultatorientierte Veranstaltung versteht, wird die M\u00f6glichkeit zur Gr\u00fcndung eines internationalen Forschungsprojekts in Betracht gezogen, das sich in Zusammenarbeit zwischen Kongress-TeilnehmerInnen aus dem Themenspektrum entwickeln k\u00f6nnte. Dies wird im Rahmen eines Kongress-Workshops w\u00e4hrend der Kongresstage f\u00fcr Interessierte geplant.<\/p>\n<p>Wenn Sie Interesse an einer Projektgenese haben, dann markieren Sie Ihre Teilnahme am Workshop bitte auf dem Anmeldungsformular, wenn die Kongress-Anmeldung er\u00f6ffnet wird (nach Annahme-Bescheid Ihres Abstracts).<\/p>\n<p>&nbsp;<\/p>\n","protected":false},"excerpt":{"rendered":"<p>As the congress is a result-oriented congress the organisation will strive to developing an international research project together with interested participants out of the thematic spectrum. This will be done during a special meeting event as a congress workshop during the congress days. If you are interested in developing a research project please mark your &hellip; <a href=\"https:\/\/blogs2.abo.fi\/euco2021\/congress-workshop-kongress-workshop\/\" class=\"more-link\">Forts\u00e4tt l\u00e4sa<span class=\"screen-reader-text\"> \u201dCongress Workshop \/ Kongress Workshop\u201d<\/span><\/a><\/p>\n","protected":false},"author":523,"featured_media":0,"parent":0,"menu_order":0,"comment_status":"closed","ping_status":"closed","template":"","meta":{"footnotes":""},"class_list":["post-142","page","type-page","status-publish","hentry"],"_links":{"self":[{"href":"https:\/\/blogs2.abo.fi\/euco2021\/wp-json\/wp\/v2\/pages\/142","targetHints":{"allow":["GET"]}}],"collection":[{"href":"https:\/\/blogs2.abo.fi\/euco2021\/wp-json\/wp\/v2\/pages"}],"about":[{"href":"https:\/\/blogs2.abo.fi\/euco2021\/wp-json\/wp\/v2\/types\/page"}],"author":[{"embeddable":true,"href":"https:\/\/blogs2.abo.fi\/euco2021\/wp-json\/wp\/v2\/users\/523"}],"replies":[{"embeddable":true,"href":"https:\/\/blogs2.abo.fi\/euco2021\/wp-json\/wp\/v2\/comments?post=142"}],"version-history":[{"count":1,"href":"https:\/\/blogs2.abo.fi\/euco2021\/wp-json\/wp\/v2\/pages\/142\/revisions"}],"predecessor-version":[{"id":143,"href":"https:\/\/blogs2.abo.fi\/euco2021\/wp-json\/wp\/v2\/pages\/142\/revisions\/143"}],"wp:attachment":[{"href":"https:\/\/blogs2.abo.fi\/euco2021\/wp-json\/wp\/v2\/media?parent=142"}],"curies":[{"name":"wp","href":"https:\/\/api.w.org\/{rel}","templated":true}]}}