{"id":85,"date":"2021-09-08T14:11:50","date_gmt":"2021-09-08T14:11:50","guid":{"rendered":"https:\/\/blogs2.abo.fi\/etnologi-folkloristik-norden\/?page_id=85"},"modified":"2022-11-09T08:51:00","modified_gmt":"2022-11-09T06:51:00","slug":"hem","status":"publish","type":"page","link":"https:\/\/blogs2.abo.fi\/etnologi-folkloristik-norden\/","title":{"rendered":"Etnologi och folkloristik i Norden"},"content":{"rendered":"<h3>V\u00e4lkommen till portalen <em>Etnologi och folkloristik i Norden<\/em> &#8211; ett f\u00f6rs\u00f6k till att samla information f\u00f6r alla oss aktiva inom etnologi och folkloristik i de nordiska l\u00e4nderna.<\/h3>\n<p>(in English below)<\/p>\n<p>Nordiskt samarbete har haft stor betydelse inom etnologin och folkloristiken och f\u00f6r att st\u00e4rka banden ytterligare har vi nu gl\u00e4djen att introducera en samnordisk portal f\u00f6r etnologi och folkloristik.<\/p>\n<p>Under den stora nordiska etnolog- och folkloristkongressen i Uppsala 2018, ordnades en v\u00e4lbes\u00f6kt paneldebatt, med representanter fr\u00e5n alla nordiska l\u00e4nder, d\u00e4r olika samarbetsformat \u00f6ver nationsgr\u00e4nserna diskuterades. Diskussionen initierades av folklorister och etnologer fr\u00e5n Traditionsvetenskapliga n\u00e4mnden vid Svenska litteraturs\u00e4llskapet i Finland. Ett av samarbetsf\u00f6rslagen som valdes ut var en samnordisk n\u00e4tbaserad plattform, en samlingsplats f\u00f6r etnologer och folklorister i Norden.<\/p>\n<p>Blanka Henriksson (TVN\/\u00c5bo Akademi) och Lars-Eric J\u00f6nsson (KGAA\/Lunds universitet) tog p\u00e5 sig att utarbeta plattformen som ett samarbete finansierat av <a href=\"https:\/\/www.sls.fi\/sv\/namnder\">Traditionsvetenskapliga n\u00e4mnden<\/a> (TVN) vid Svenska Litteraturs\u00e4llskapet (SLS) och <a href=\"https:\/\/gustavadolfsakademien.se\/\">Kungliga Gustav Adolfs Akademien f\u00f6r svensk folkkultur<\/a> (KGAA) och nu finns den \u00e4ntligen tillg\u00e4nglig f\u00f6r allm\u00e4nheten.<\/p>\n<p>Men vi beh\u00f6ver er hj\u00e4lp att sprida nyheten i era n\u00e4tverk och att fylla portalen med aktuell och relevant information om vetenskaplig verksamhet inom omr\u00e5det: etnologi, folkloristik, kulturanalys, kulturhistoria, traditionsvetenskap. Nedan ser ni en lista p\u00e5 s\u00e5dant som vi g\u00e4rna samlar in, men det finns s\u00e4kert annat som vi inte kommit att t\u00e4nka p\u00e5.<\/p>\n<p><strong>Inneh\u00e5llsf\u00f6rslag <\/strong><\/p>\n<ul>\n<li>Aktuella konferenser<\/li>\n<li>Aktuella seminarier<\/li>\n<li>Call for papers f\u00f6r tidskrifter och antologier<\/li>\n<li>Nya tidskriftsnummer<\/li>\n<li>F\u00e4rska doktorsavhandlingar<\/li>\n<li>Aktuella publikationer<\/li>\n<li>Lediga tj\u00e4nster<\/li>\n<li>Aktuella stipendier<\/li>\n<li>Sp\u00e4nnande projekt<\/li>\n<li>Direktl\u00e4nkar till nordiska tidskrifter<\/li>\n<li>Information om NEFK (info om kommande samt arkiv f\u00f6r tidigare konferenser, abstraktb\u00f6cker etc)<\/li>\n<li>Information om andra relevanta organisationer<\/li>\n<\/ul>\n<p>Har du information om n\u00e5got av ovanst\u00e5ende eller n\u00e5got annat sp\u00e4nnande som du vill n\u00e5 ut med i det nordiska etnolog- och folkloristsamfundet? S\u00e4tt ihop en kort text, bifoga g\u00e4rna en bild om du har, samt kom ih\u00e5g l\u00e4nkar, och skicka den direkt till portalen <a href=\"mailto:etnofolk@abo.fi\">etnofolk@abo.fi<\/a>. Vi publicerar informationen (p\u00e5 engelska, danska, norska eller svenska) efter hand den kommer in.<\/p>\n<p>Med hopp om framtida samarbete,<br \/>\nBlanka Henriksson (<a href=\"mailto:blhenrik@abo.fi\">blhenrik(@)abo.fi<\/a>) &amp; Lars-Eric J\u00f6nsson (<a href=\"mailto:lars-eric.jonsson@KULTUR.LU.SE\">lars-eric.jonsson(@)KULTUR.LU.SE<\/a>)<\/p>\n<p>&nbsp;<\/p>\n<h3>Welcome to the Nordic portal for Ethnology and Folkloristics<\/h3>\n<p>(brief English version)<\/p>\n<p>Nordic cooperation has been of great importance for the disciplines of Ethnology and Folkloristics, and in order to strengthen this we are happy to introduce the Nordic Webb portal for Ethnology and Folkloristics.<\/p>\n<p>This project was initiated during a discussion panel at the Nordic Ethnology and Folklore Conference in Uppsala 2018, organised by folklorists and ethnologists from the\u00a0Committee for Ethnology and Folkloristics\u00a0at The Society of Swedish Literature in Finland.<\/p>\n<p>Blanka Henriksson (TVN\/\u00c5bo Akademi University) and Lars-Eric J\u00f6nsson (KGAA\/Lunds university) agreed to create this portal together and we are now happy to announce its existence as a blog funded by the <a href=\"https:\/\/www.sls.fi\/sv\/namnder\">Committee for Ethnology and Folkloristics<\/a>\u00a0at The Society of Swedish Literature in Finland (TVN) and <a href=\"https:\/\/gustavadolfsakademien.se\/\">The Royal Gustavus Adolphus Academy for Swedish Folk Culture<\/a>.<\/p>\n<p>But we need all your help to fill this portal with important and relevant content. Please spread the news in your networks, and please contribute yourself. Below is a list with things we thought of when creating this portal, but we are sure there are things missing.<\/p>\n<p><strong>Possible content<\/strong><\/p>\n<ul>\n<li>Relevant conferences<\/li>\n<li>Relevant seminars<\/li>\n<li>Calls for papers<\/li>\n<li>New journal issues<\/li>\n<li>Fresh dissertations<\/li>\n<li>New publications<\/li>\n<li>Available positions<\/li>\n<li>Stipends<\/li>\n<li>Exciting projects<\/li>\n<li>Links to Nordic journals<\/li>\n<li>Information about the Nordic Ethnology and Folklore Conference (old and new)<\/li>\n<li>Other relevant organisations<\/li>\n<\/ul>\n<p>Do you have information of anything of the above mentioned, or something else exciting, that you want to spread to other ethnologists or folklorists? Write a short information piece, add a picture, if possible, remember all the relevant links and send it directly to the portal <a href=\"mailto:etnofolk@abo.fi\">etnofolk@abo.fi<\/a>.\u00a0 We publish the information (in English, Danish, Norwegian or Swedish) gradually.<\/p>\n<p>Looking forward to future collaboration,<br \/>\nBlanka Henriksson (<a href=\"mailto:blhenrik@abo.fi\">blhenrik(@)abo.fi<\/a>) &amp; Lars-Eric J\u00f6nsson (<a href=\"mailto:lars-eric.jonsson@KULTUR.LU.SE\">lars-eric.jonsson(@)KULTUR.LU.SE<\/a>)<\/p>\n<p>&nbsp;<\/p>\n","protected":false},"excerpt":{"rendered":"<p>V\u00e4lkommen till portalen Etnologi och folkloristik i Norden &#8211; ett f\u00f6rs\u00f6k till att samla information f\u00f6r alla oss aktiva inom etnologi och folkloristik i de nordiska l\u00e4nderna. (in English below) Nordiskt samarbete har haft stor betydelse inom etnologin och folkloristiken och f\u00f6r att st\u00e4rka banden ytterligare har vi nu gl\u00e4djen att introducera en samnordisk portal &hellip; <a href=\"https:\/\/blogs2.abo.fi\/etnologi-folkloristik-norden\/\" class=\"more-link\">Forts\u00e4tt l\u00e4sa <span class=\"screen-reader-text\">Etnologi och folkloristik i Norden<\/span> <span class=\"meta-nav\">&rarr;<\/span><\/a><\/p>\n","protected":false},"author":645,"featured_media":0,"parent":0,"menu_order":1,"comment_status":"closed","ping_status":"closed","template":"","meta":{"footnotes":""},"class_list":["post-85","page","type-page","status-publish","hentry"],"_links":{"self":[{"href":"https:\/\/blogs2.abo.fi\/etnologi-folkloristik-norden\/wp-json\/wp\/v2\/pages\/85","targetHints":{"allow":["GET"]}}],"collection":[{"href":"https:\/\/blogs2.abo.fi\/etnologi-folkloristik-norden\/wp-json\/wp\/v2\/pages"}],"about":[{"href":"https:\/\/blogs2.abo.fi\/etnologi-folkloristik-norden\/wp-json\/wp\/v2\/types\/page"}],"author":[{"embeddable":true,"href":"https:\/\/blogs2.abo.fi\/etnologi-folkloristik-norden\/wp-json\/wp\/v2\/users\/645"}],"replies":[{"embeddable":true,"href":"https:\/\/blogs2.abo.fi\/etnologi-folkloristik-norden\/wp-json\/wp\/v2\/comments?post=85"}],"version-history":[{"count":9,"href":"https:\/\/blogs2.abo.fi\/etnologi-folkloristik-norden\/wp-json\/wp\/v2\/pages\/85\/revisions"}],"predecessor-version":[{"id":829,"href":"https:\/\/blogs2.abo.fi\/etnologi-folkloristik-norden\/wp-json\/wp\/v2\/pages\/85\/revisions\/829"}],"wp:attachment":[{"href":"https:\/\/blogs2.abo.fi\/etnologi-folkloristik-norden\/wp-json\/wp\/v2\/media?parent=85"}],"curies":[{"name":"wp","href":"https:\/\/api.w.org\/{rel}","templated":true}]}}