{"id":69,"date":"2021-09-07T10:42:14","date_gmt":"2021-09-07T10:42:14","guid":{"rendered":"https:\/\/blogs2.abo.fi\/etnologi-folkloristik-norden\/?page_id=69"},"modified":"2022-03-28T10:37:22","modified_gmt":"2022-03-28T10:37:22","slug":"om-oss","status":"publish","type":"page","link":"https:\/\/blogs2.abo.fi\/etnologi-folkloristik-norden\/info\/om-oss\/","title":{"rendered":"Om portalen"},"content":{"rendered":"<p>Sidan Etnologi och folkloristik i Norden \u00e4r en samnordisk portal f\u00f6r informationsspridning g\u00e4llande allt som kan t\u00e4nkas vara av intresse f\u00f6r forskare och andra aktiva inom de traditionsvetenskapliga \u00e4mnena i de nordiska l\u00e4nderna. H\u00e4r finns en blogg som uppdateras regelbundet med information som skickas in till administrat\u00f6rerna d\u00e4r du f\u00f6rhoppningsvis hittar det som \u00e4r aktuellt just nu. Mer permanenta l\u00e4nkar och information om st\u00f6rre h\u00e4ndelser som konferenser eller calls for papers till olika tidskrifter hittas via menyn.<\/p>\n<p>Portalen finansieras av <a href=\"https:\/\/gustavadolfsakademien.se\">Kungliga Gustav Adolfs Akademien f\u00f6r svensk folkkultur<\/a> samt <a href=\"https:\/\/www.sls.fi\/sv\/namnder\">Traditionsvetenskapliga n\u00e4mnden<\/a> vid Svenska Litteraturs\u00e4llskapet i Finland.<\/p>\n<p><strong>Kontaktpersoner<\/strong><br \/>\n<strong>Lars-Eric J\u00f6nsson<\/strong>, Kungliga Gustav Adolfs Akademien f\u00f6r svensk folkkultur &amp; Lunds universitet, <a href=\"mailto:&lt;lars-eric.jonsson@kultur.lu.se&gt;\">lars-eric.jonsson(@)kultur.lu.se<\/a><br \/>\n<strong>Blanka Henriksson<\/strong>, Traditionsvetenskapliga n\u00e4mnden vid Svenska litteraturs\u00e4llskapet &amp; \u00c5bo Akademi, <a href=\"mailto:&lt;blanka.henriksson@abo.fi&gt;\">blanka.henriksson(@)abo.fi<\/a><\/p>\n<p>The page Ethnology and folkloristics in the Nordic countries is a portal made for sharing information regarding things of interest to researchers and others active within the field. Here you can find a blog that is updated whenever there is anything new happening. More permanent links, calls for papers to conferences or journals or bigger events will be found in the menu above.<\/p>\n<p>The portal is financed by <a href=\"https:\/\/gustavadolfsakademien.se\">The Royal Gustavus Adolphus Academy for Swedish Folk Culture<\/a> and the <a href=\"https:\/\/www.sls.fi\/sv\/namnder\">Committee for Ethnology and Folkloristics<\/a> at The Society of Swedish Literature in Finland<\/p>\n<p><strong>Contacts<br \/>\n<\/strong><strong>Lars-Eric J\u00f6nsson<\/strong>, The Royal Gustavus Adolphus Academy for Swedish Folk Culture &amp; Lund University, <a href=\"mailto:&lt;lars-eric.jonsson@kultur.lu.se&gt;\">lars-eric.jonsson(@)kultur.lu.se<\/a><br \/>\n<strong>Blanka Henriksson<\/strong>, Committee for Ethnology and Folkloristics at The Society of Swedish Literature in Finland &amp; \u00a0\u00c5bo Akademi University, <a href=\"mailto:&lt;blanka.henriksson@abo.fi&gt;\">blanka.henriksson(@)abo.fi<\/a><\/p>\n","protected":false},"excerpt":{"rendered":"<p>Sidan Etnologi och folkloristik i Norden \u00e4r en samnordisk portal f\u00f6r informationsspridning g\u00e4llande allt som kan t\u00e4nkas vara av intresse f\u00f6r forskare och andra aktiva inom de traditionsvetenskapliga \u00e4mnena i de nordiska l\u00e4nderna. H\u00e4r finns en blogg som uppdateras regelbundet med information som skickas in till administrat\u00f6rerna d\u00e4r du f\u00f6rhoppningsvis hittar det som \u00e4r aktuellt &hellip; <a href=\"https:\/\/blogs2.abo.fi\/etnologi-folkloristik-norden\/info\/om-oss\/\" class=\"more-link\">Forts\u00e4tt l\u00e4sa <span class=\"screen-reader-text\">Om portalen<\/span> <span class=\"meta-nav\">&rarr;<\/span><\/a><\/p>\n","protected":false},"author":645,"featured_media":310,"parent":159,"menu_order":9,"comment_status":"closed","ping_status":"closed","template":"","meta":{"footnotes":""},"class_list":["post-69","page","type-page","status-publish","has-post-thumbnail","hentry"],"_links":{"self":[{"href":"https:\/\/blogs2.abo.fi\/etnologi-folkloristik-norden\/wp-json\/wp\/v2\/pages\/69","targetHints":{"allow":["GET"]}}],"collection":[{"href":"https:\/\/blogs2.abo.fi\/etnologi-folkloristik-norden\/wp-json\/wp\/v2\/pages"}],"about":[{"href":"https:\/\/blogs2.abo.fi\/etnologi-folkloristik-norden\/wp-json\/wp\/v2\/types\/page"}],"author":[{"embeddable":true,"href":"https:\/\/blogs2.abo.fi\/etnologi-folkloristik-norden\/wp-json\/wp\/v2\/users\/645"}],"replies":[{"embeddable":true,"href":"https:\/\/blogs2.abo.fi\/etnologi-folkloristik-norden\/wp-json\/wp\/v2\/comments?post=69"}],"version-history":[{"count":9,"href":"https:\/\/blogs2.abo.fi\/etnologi-folkloristik-norden\/wp-json\/wp\/v2\/pages\/69\/revisions"}],"predecessor-version":[{"id":300,"href":"https:\/\/blogs2.abo.fi\/etnologi-folkloristik-norden\/wp-json\/wp\/v2\/pages\/69\/revisions\/300"}],"up":[{"embeddable":true,"href":"https:\/\/blogs2.abo.fi\/etnologi-folkloristik-norden\/wp-json\/wp\/v2\/pages\/159"}],"wp:featuredmedia":[{"embeddable":true,"href":"https:\/\/blogs2.abo.fi\/etnologi-folkloristik-norden\/wp-json\/wp\/v2\/media\/310"}],"wp:attachment":[{"href":"https:\/\/blogs2.abo.fi\/etnologi-folkloristik-norden\/wp-json\/wp\/v2\/media?parent=69"}],"curies":[{"name":"wp","href":"https:\/\/api.w.org\/{rel}","templated":true}]}}