{"id":67,"date":"2021-09-07T10:41:57","date_gmt":"2021-09-07T10:41:57","guid":{"rendered":"https:\/\/blogs2.abo.fi\/etnologi-folkloristik-norden\/?page_id=67"},"modified":"2022-03-10T08:23:07","modified_gmt":"2022-03-10T08:23:07","slug":"organisationer","status":"publish","type":"page","link":"https:\/\/blogs2.abo.fi\/etnologi-folkloristik-norden\/organisationer\/","title":{"rendered":"Organisationer"},"content":{"rendered":"<p>H\u00e4r f\u00f6rs\u00f6ker vi samla olika sorts organisationer som p\u00e5 n\u00e5got s\u00e4tt kan vara av intresse. Vill du veta var man kan studera eller forska i etnologi och folkloristik kan du g\u00e5 till fliken <a href=\"https:\/\/blogs2.abo.fi\/etnologi-folkloristik-norden\/organisationer\/larosaten\/\">l\u00e4ros\u00e4ten<\/a>. \u00c4r du intresserad av arkiv kan du g\u00e5 till fliken <a href=\"https:\/\/blogs2.abo.fi\/etnologi-folkloristik-norden\/organisationer\/arkiv\/\">arkiv<\/a>. \u00c4r det n\u00e5got du skulle vilja att fanns h\u00e4r? Ta kontakt med etnofolk@abo.fi med ditt f\u00f6rslag!<\/p>\n","protected":false},"excerpt":{"rendered":"<p>H\u00e4r f\u00f6rs\u00f6ker vi samla olika sorts organisationer som p\u00e5 n\u00e5got s\u00e4tt kan vara av intresse. Vill du veta var man kan studera eller forska i etnologi och folkloristik kan du g\u00e5 till fliken l\u00e4ros\u00e4ten. \u00c4r du intresserad av arkiv kan du g\u00e5 till fliken arkiv. \u00c4r det n\u00e5got du skulle vilja att fanns h\u00e4r? Ta &hellip; <a href=\"https:\/\/blogs2.abo.fi\/etnologi-folkloristik-norden\/organisationer\/\" class=\"more-link\">Forts\u00e4tt l\u00e4sa <span class=\"screen-reader-text\">Organisationer<\/span> <span class=\"meta-nav\">&rarr;<\/span><\/a><\/p>\n","protected":false},"author":645,"featured_media":0,"parent":0,"menu_order":6,"comment_status":"closed","ping_status":"closed","template":"","meta":{"footnotes":""},"class_list":["post-67","page","type-page","status-publish","hentry"],"_links":{"self":[{"href":"https:\/\/blogs2.abo.fi\/etnologi-folkloristik-norden\/wp-json\/wp\/v2\/pages\/67","targetHints":{"allow":["GET"]}}],"collection":[{"href":"https:\/\/blogs2.abo.fi\/etnologi-folkloristik-norden\/wp-json\/wp\/v2\/pages"}],"about":[{"href":"https:\/\/blogs2.abo.fi\/etnologi-folkloristik-norden\/wp-json\/wp\/v2\/types\/page"}],"author":[{"embeddable":true,"href":"https:\/\/blogs2.abo.fi\/etnologi-folkloristik-norden\/wp-json\/wp\/v2\/users\/645"}],"replies":[{"embeddable":true,"href":"https:\/\/blogs2.abo.fi\/etnologi-folkloristik-norden\/wp-json\/wp\/v2\/comments?post=67"}],"version-history":[{"count":5,"href":"https:\/\/blogs2.abo.fi\/etnologi-folkloristik-norden\/wp-json\/wp\/v2\/pages\/67\/revisions"}],"predecessor-version":[{"id":283,"href":"https:\/\/blogs2.abo.fi\/etnologi-folkloristik-norden\/wp-json\/wp\/v2\/pages\/67\/revisions\/283"}],"wp:attachment":[{"href":"https:\/\/blogs2.abo.fi\/etnologi-folkloristik-norden\/wp-json\/wp\/v2\/media?parent=67"}],"curies":[{"name":"wp","href":"https:\/\/api.w.org\/{rel}","templated":true}]}}