{"id":63,"date":"2021-09-07T10:37:46","date_gmt":"2021-09-07T10:37:46","guid":{"rendered":"https:\/\/blogs2.abo.fi\/etnologi-folkloristik-norden\/?page_id=63"},"modified":"2022-09-13T09:15:39","modified_gmt":"2022-09-13T06:15:39","slug":"lediga-jobb","status":"publish","type":"page","link":"https:\/\/blogs2.abo.fi\/etnologi-folkloristik-norden\/ansokningar\/lediga-jobb\/","title":{"rendered":"Lediga tj\u00e4nster"},"content":{"rendered":"<p>K\u00e4nner du till ett ledigt jobb som kan vara intressant f\u00f6r en etnolog, folklorist eller n\u00e5gon fr\u00e5n ett n\u00e4rliggande \u00e4mne? Maila etnofolk@abo.fi och tipsa oss!<\/p>\n","protected":false},"excerpt":{"rendered":"<p>K\u00e4nner du till ett ledigt jobb som kan vara intressant f\u00f6r en etnolog, folklorist eller n\u00e5gon fr\u00e5n ett n\u00e4rliggande \u00e4mne? Maila etnofolk@abo.fi och tipsa oss!<\/p>\n","protected":false},"author":645,"featured_media":0,"parent":61,"menu_order":0,"comment_status":"closed","ping_status":"closed","template":"","meta":{"footnotes":""},"class_list":["post-63","page","type-page","status-publish","hentry"],"_links":{"self":[{"href":"https:\/\/blogs2.abo.fi\/etnologi-folkloristik-norden\/wp-json\/wp\/v2\/pages\/63","targetHints":{"allow":["GET"]}}],"collection":[{"href":"https:\/\/blogs2.abo.fi\/etnologi-folkloristik-norden\/wp-json\/wp\/v2\/pages"}],"about":[{"href":"https:\/\/blogs2.abo.fi\/etnologi-folkloristik-norden\/wp-json\/wp\/v2\/types\/page"}],"author":[{"embeddable":true,"href":"https:\/\/blogs2.abo.fi\/etnologi-folkloristik-norden\/wp-json\/wp\/v2\/users\/645"}],"replies":[{"embeddable":true,"href":"https:\/\/blogs2.abo.fi\/etnologi-folkloristik-norden\/wp-json\/wp\/v2\/comments?post=63"}],"version-history":[{"count":7,"href":"https:\/\/blogs2.abo.fi\/etnologi-folkloristik-norden\/wp-json\/wp\/v2\/pages\/63\/revisions"}],"predecessor-version":[{"id":725,"href":"https:\/\/blogs2.abo.fi\/etnologi-folkloristik-norden\/wp-json\/wp\/v2\/pages\/63\/revisions\/725"}],"up":[{"embeddable":true,"href":"https:\/\/blogs2.abo.fi\/etnologi-folkloristik-norden\/wp-json\/wp\/v2\/pages\/61"}],"wp:attachment":[{"href":"https:\/\/blogs2.abo.fi\/etnologi-folkloristik-norden\/wp-json\/wp\/v2\/media?parent=63"}],"curies":[{"name":"wp","href":"https:\/\/api.w.org\/{rel}","templated":true}]}}