{"id":59,"date":"2021-09-07T10:35:45","date_gmt":"2021-09-07T10:35:45","guid":{"rendered":"https:\/\/blogs2.abo.fi\/etnologi-folkloristik-norden\/?page_id=59"},"modified":"2023-03-03T10:20:16","modified_gmt":"2023-03-03T08:20:16","slug":"seminarier","status":"publish","type":"page","link":"https:\/\/blogs2.abo.fi\/etnologi-folkloristik-norden\/seminarier\/","title":{"rendered":"Seminarier"},"content":{"rendered":"<p>Organiserar du ett seminarium som skulle kunna vara intressant f\u00f6r etnologer och folklorister? Skicka g\u00e4rna ett mail till <a href=\"mailto:etnofolk@abo.fi\">etnofolk@abo.fi<\/a> s\u00e5 kan vi l\u00e4gga in det h\u00e4r p\u00e5 sidan.<\/p>\n","protected":false},"excerpt":{"rendered":"<p>Organiserar du ett seminarium som skulle kunna vara intressant f\u00f6r etnologer och folklorister? Skicka g\u00e4rna ett mail till etnofolk@abo.fi s\u00e5 kan vi l\u00e4gga in det h\u00e4r p\u00e5 sidan.<\/p>\n","protected":false},"author":645,"featured_media":0,"parent":0,"menu_order":4,"comment_status":"closed","ping_status":"closed","template":"","meta":{"footnotes":""},"class_list":["post-59","page","type-page","status-publish","hentry"],"_links":{"self":[{"href":"https:\/\/blogs2.abo.fi\/etnologi-folkloristik-norden\/wp-json\/wp\/v2\/pages\/59","targetHints":{"allow":["GET"]}}],"collection":[{"href":"https:\/\/blogs2.abo.fi\/etnologi-folkloristik-norden\/wp-json\/wp\/v2\/pages"}],"about":[{"href":"https:\/\/blogs2.abo.fi\/etnologi-folkloristik-norden\/wp-json\/wp\/v2\/types\/page"}],"author":[{"embeddable":true,"href":"https:\/\/blogs2.abo.fi\/etnologi-folkloristik-norden\/wp-json\/wp\/v2\/users\/645"}],"replies":[{"embeddable":true,"href":"https:\/\/blogs2.abo.fi\/etnologi-folkloristik-norden\/wp-json\/wp\/v2\/comments?post=59"}],"version-history":[{"count":6,"href":"https:\/\/blogs2.abo.fi\/etnologi-folkloristik-norden\/wp-json\/wp\/v2\/pages\/59\/revisions"}],"predecessor-version":[{"id":1008,"href":"https:\/\/blogs2.abo.fi\/etnologi-folkloristik-norden\/wp-json\/wp\/v2\/pages\/59\/revisions\/1008"}],"wp:attachment":[{"href":"https:\/\/blogs2.abo.fi\/etnologi-folkloristik-norden\/wp-json\/wp\/v2\/media?parent=59"}],"curies":[{"name":"wp","href":"https:\/\/api.w.org\/{rel}","templated":true}]}}