{"id":549,"date":"2022-05-24T09:57:52","date_gmt":"2022-05-24T06:57:52","guid":{"rendered":"https:\/\/blogs2.abo.fi\/etnologi-folkloristik-norden\/?page_id=549"},"modified":"2023-06-01T08:50:15","modified_gmt":"2023-06-01T05:50:15","slug":"sociala-medier","status":"publish","type":"page","link":"https:\/\/blogs2.abo.fi\/etnologi-folkloristik-norden\/sociala-medier\/","title":{"rendered":"Sociala medier"},"content":{"rendered":"<h6>Facebook<\/h6>\n<p>P\u00e5 facebook finns en grupp som heter <a href=\"https:\/\/www.facebook.com\/groups\/125772304169954\">Etnologi<\/a>.<\/p>\n<p>Dansk Folkmindesamling har en <a href=\"https:\/\/www.facebook.com\/danskfolkemindesamling\/\">facebooksida<\/a> som du kan f\u00f6lja.<\/p>\n<h6>Instagram<\/h6>\n<p>\u00c4mnena kulturanalys, etnologi och folkloristik vid \u00c5bo Akademi har ett gemensamt instagramkonto som heter <a href=\"https:\/\/www.instagram.com\/kulturanalys\/\">kulturanalys<\/a><\/p>\n<p>Dansk folkmindesamling har ett intagramkonto: <a href=\"https:\/\/www.instagram.com\/folkemindesamlingen\/\">folkmindesamlingen<\/a><\/p>\n<p class=\"_aacl _aaco _aacu _aacx _aad6 _aade\" dir=\"auto\">Konto f\u00f6r etnologin vid Institutionen f\u00f6r kulturantropologi och etnologi, Uppsala universitet: <a href=\"https:\/\/www.instagram.com\/uppsala_ethnology_folklore\/\">uppsala_ethnology_folklore<\/a><\/p>\n<h6>Youtube<\/h6>\n<p>Svenska Litteraturs\u00e4llskapet i Finland har en egen <a href=\"https:\/\/www.youtube.com\/user\/SLSFinland\">youtube-kanal<\/a><\/p>\n<p>&nbsp;<\/p>\n","protected":false},"excerpt":{"rendered":"<p>Facebook P\u00e5 facebook finns en grupp som heter Etnologi. Dansk Folkmindesamling har en facebooksida som du kan f\u00f6lja. Instagram \u00c4mnena kulturanalys, etnologi och folkloristik vid \u00c5bo Akademi har ett gemensamt instagramkonto som heter kulturanalys Dansk folkmindesamling har ett intagramkonto: folkmindesamlingen Konto f\u00f6r etnologin vid Institutionen f\u00f6r kulturantropologi och etnologi, Uppsala universitet: uppsala_ethnology_folklore Youtube Svenska Litteraturs\u00e4llskapet &hellip; <a href=\"https:\/\/blogs2.abo.fi\/etnologi-folkloristik-norden\/sociala-medier\/\" class=\"more-link\">Forts\u00e4tt l\u00e4sa <span class=\"screen-reader-text\">Sociala medier<\/span> <span class=\"meta-nav\">&rarr;<\/span><\/a><\/p>\n","protected":false},"author":645,"featured_media":0,"parent":0,"menu_order":0,"comment_status":"closed","ping_status":"closed","template":"","meta":{"footnotes":""},"class_list":["post-549","page","type-page","status-publish","hentry"],"_links":{"self":[{"href":"https:\/\/blogs2.abo.fi\/etnologi-folkloristik-norden\/wp-json\/wp\/v2\/pages\/549","targetHints":{"allow":["GET"]}}],"collection":[{"href":"https:\/\/blogs2.abo.fi\/etnologi-folkloristik-norden\/wp-json\/wp\/v2\/pages"}],"about":[{"href":"https:\/\/blogs2.abo.fi\/etnologi-folkloristik-norden\/wp-json\/wp\/v2\/types\/page"}],"author":[{"embeddable":true,"href":"https:\/\/blogs2.abo.fi\/etnologi-folkloristik-norden\/wp-json\/wp\/v2\/users\/645"}],"replies":[{"embeddable":true,"href":"https:\/\/blogs2.abo.fi\/etnologi-folkloristik-norden\/wp-json\/wp\/v2\/comments?post=549"}],"version-history":[{"count":8,"href":"https:\/\/blogs2.abo.fi\/etnologi-folkloristik-norden\/wp-json\/wp\/v2\/pages\/549\/revisions"}],"predecessor-version":[{"id":1224,"href":"https:\/\/blogs2.abo.fi\/etnologi-folkloristik-norden\/wp-json\/wp\/v2\/pages\/549\/revisions\/1224"}],"wp:attachment":[{"href":"https:\/\/blogs2.abo.fi\/etnologi-folkloristik-norden\/wp-json\/wp\/v2\/media?parent=549"}],"curies":[{"name":"wp","href":"https:\/\/api.w.org\/{rel}","templated":true}]}}