{"id":539,"date":"2022-05-19T10:34:01","date_gmt":"2022-05-19T07:34:01","guid":{"rendered":"https:\/\/blogs2.abo.fi\/etnologi-folkloristik-norden\/?page_id=539"},"modified":"2024-03-26T18:40:03","modified_gmt":"2024-03-26T16:40:03","slug":"bloggar","status":"publish","type":"page","link":"https:\/\/blogs2.abo.fi\/etnologi-folkloristik-norden\/bloggar\/","title":{"rendered":"Bloggar"},"content":{"rendered":"<h5><a href=\"https:\/\/kulturmiljonorrbotten.com\/\">Kulturmilj\u00f6 vid Norrbottens museum<\/a><\/h5>\n<p>Aktuellt om Norrbottens f\u00f6rhistoria, historia och nutid. Det \u00e4r en blogg som skrivs framf\u00f6rallt av\u00a0 dem som arbetar p\u00e5 avdelningen f\u00f6r Kulturmilj\u00f6 p\u00e5 l\u00e4nsmuseet, men dessutom g\u00e4stas bloggen av b\u00e5de museikollegor fr\u00e5n \u00f6vriga avdelningar p\u00e5 Norrbottens museum och av g\u00e4stbloggare fr\u00e5n universitet och andra kulturinstitutioner. Inl\u00e4ggen t\u00e4cker ett brett omr\u00e5de; bland annat arkeologi, bebyggelsehistoria, etnologi, historia, forskningsprojekt, arbetet med museets samlingar, pedagogiska projekt, arkivkunskap med mera. Vissa teman \u00e4r specifikt f\u00f6r Norrbotten medan andra lyfter generella fr\u00e5gest\u00e4llningar inom olika omr\u00e5den.<\/p>\n<h5><a href=\"https:\/\/blogs.abo.fi\/etnologi\/\">Kulturanalyser<\/a><\/h5>\n<p>Kulturanalyser \u00e4r den gemensamma bloggen f\u00f6r \u00e4mnena kulturanalys, etnologi och folkloristik vid \u00c5bo Akademi. H\u00e4r hittas reflektionber av s\u00e5v\u00e4l professorer, lektorer, forskare som studenter.<\/p>\n<h5><a href=\"https:\/\/www.isof.se\/lar-dig-mer\/bloggar\">ISOFs bloggar<\/a><\/h5>\n<p>Institutet f\u00f6r spr\u00e5k och folkminnen har flera olika bloggar, bland annat en om <a href=\"https:\/\/www.isof.se\/lar-dig-mer\/bloggar\/folkminnesbloggen\">folkminnen<\/a>, en om <a href=\"https:\/\/www.isof.se\/lar-dig-mer\/bloggar\/i-rorelse-bloggen\">migration<\/a> och en om <a href=\"https:\/\/www.isof.se\/lar-dig-mer\/bloggar\/sant-vi-bara-gor\">s\u00e5dant vi bara g\u00f6r<\/a>. H\u00e4r finns ocks\u00e5 en flertal bloggar om spr\u00e5k.<\/p>\n<h5><a href=\"https:\/\/ethnosry.org\/blogi\/\">Ethnos Ry Blogi<\/a><\/h5>\n<p>Den finska etnologif\u00f6reningen Ethnos blogg (p\u00e5 finska)<\/p>\n","protected":false},"excerpt":{"rendered":"<p>Kulturmilj\u00f6 vid Norrbottens museum Aktuellt om Norrbottens f\u00f6rhistoria, historia och nutid. Det \u00e4r en blogg som skrivs framf\u00f6rallt av\u00a0 dem som arbetar p\u00e5 avdelningen f\u00f6r Kulturmilj\u00f6 p\u00e5 l\u00e4nsmuseet, men dessutom g\u00e4stas bloggen av b\u00e5de museikollegor fr\u00e5n \u00f6vriga avdelningar p\u00e5 Norrbottens museum och av g\u00e4stbloggare fr\u00e5n universitet och andra kulturinstitutioner. Inl\u00e4ggen t\u00e4cker ett brett omr\u00e5de; bland &hellip; <a href=\"https:\/\/blogs2.abo.fi\/etnologi-folkloristik-norden\/bloggar\/\" class=\"more-link\">Forts\u00e4tt l\u00e4sa <span class=\"screen-reader-text\">Bloggar<\/span> <span class=\"meta-nav\">&rarr;<\/span><\/a><\/p>\n","protected":false},"author":645,"featured_media":0,"parent":0,"menu_order":0,"comment_status":"closed","ping_status":"closed","template":"","meta":{"footnotes":""},"class_list":["post-539","page","type-page","status-publish","hentry"],"_links":{"self":[{"href":"https:\/\/blogs2.abo.fi\/etnologi-folkloristik-norden\/wp-json\/wp\/v2\/pages\/539","targetHints":{"allow":["GET"]}}],"collection":[{"href":"https:\/\/blogs2.abo.fi\/etnologi-folkloristik-norden\/wp-json\/wp\/v2\/pages"}],"about":[{"href":"https:\/\/blogs2.abo.fi\/etnologi-folkloristik-norden\/wp-json\/wp\/v2\/types\/page"}],"author":[{"embeddable":true,"href":"https:\/\/blogs2.abo.fi\/etnologi-folkloristik-norden\/wp-json\/wp\/v2\/users\/645"}],"replies":[{"embeddable":true,"href":"https:\/\/blogs2.abo.fi\/etnologi-folkloristik-norden\/wp-json\/wp\/v2\/comments?post=539"}],"version-history":[{"count":7,"href":"https:\/\/blogs2.abo.fi\/etnologi-folkloristik-norden\/wp-json\/wp\/v2\/pages\/539\/revisions"}],"predecessor-version":[{"id":1721,"href":"https:\/\/blogs2.abo.fi\/etnologi-folkloristik-norden\/wp-json\/wp\/v2\/pages\/539\/revisions\/1721"}],"wp:attachment":[{"href":"https:\/\/blogs2.abo.fi\/etnologi-folkloristik-norden\/wp-json\/wp\/v2\/media?parent=539"}],"curies":[{"name":"wp","href":"https:\/\/api.w.org\/{rel}","templated":true}]}}