{"id":518,"date":"2022-05-11T10:15:21","date_gmt":"2022-05-11T07:15:21","guid":{"rendered":"https:\/\/blogs2.abo.fi\/etnologi-folkloristik-norden\/?page_id=518"},"modified":"2025-09-04T16:05:09","modified_gmt":"2025-09-04T13:05:09","slug":"poddar-och-radio","status":"publish","type":"page","link":"https:\/\/blogs2.abo.fi\/etnologi-folkloristik-norden\/poddar-och-radio\/","title":{"rendered":"Poddar och radio"},"content":{"rendered":"<p>H\u00e4r hittas poddar som etnologer och folklorister regelbundet deltar i och ber\u00e4ttar om sin forskning eller \u00e4mnen de har expertis inom:<\/p>\n<h5 class=\"node-title\"><a href=\"https:\/\/www.sls.fi\/sv\/vetskap\" rel=\"bookmark\"><span class=\"field-wrapper field field--name-title field--type-string field--label-hidden\">Podden Vetskap<\/span><\/a><\/h5>\n<div class=\"view-mode-full node__content\">\n<div class=\"field-wrapper body field node__body\">\n<div class=\"field-items\">\n<div class=\"field-item\">\n<p class=\"text-align-center\">I podden ber\u00e4ttar humanister och samh\u00e4llsvetare om sin forskning och ger nya perspektiv p\u00e5 b\u00e5de v\u00e4lk\u00e4nda \u00e4mnen och \u00f6verraskande fenomen. Med Hanna Nordenswan.<\/p>\n<p class=\"text-align-center\"><strong>#poddenVetskap\u00a0 #f\u00e4rskforskning<\/strong><\/p>\n<p class=\"text-align-center\">Produceras av Svenska litteraturs\u00e4llskapet i Finland i samarbete med\u00a0<a href=\"https:\/\/www.hbl.fi\/tagg\/podden-vetskap\/\" target=\"_blank\" rel=\"noopener nofollow\">Hufvudstadsbladet<\/a>.<\/p>\n<h5><a href=\"https:\/\/www.abo.fi\/aktuellt\/podcast\/\">Podcasten Forskaren<\/a><\/h5>\n<p>\u00c5bo Akademis vetenskapspodd\u00a0<em>Forskaren<\/em>\u00a0erbjuder f\u00f6rdjupande och bildande samtal med vetenskapare inom olika omr\u00e5den. Under den andra s\u00e4songen tr\u00e4ffar vi experter som i sju avsnitt diskuterar mycket olika fr\u00e5gor, fr\u00e5n djurens r\u00e4tt, Rysslands anfallskrig i Ukraina, transport och energi, ub\u00e5tar, och andra \u00e4mnen.<\/p>\n<p>Forskaren publiceras via\u00a0<a href=\"https:\/\/anchor.fm\/forskaren\" target=\"_blank\" rel=\"noopener noreferrer\">Anchor.fm<\/a>\u00a0och hittas p\u00e5 alla de vanligaste poddplattformarna. V\u00e4rdar f\u00f6r Forskaren \u00e4r Pamela Fristr\u00f6m och Marcus Prest.<\/p>\n<h5 class=\"series-name\"><a href=\"https:\/\/heimildin.is\/thaettir\/thjodhaettir\/\">\u00dej\u00f3\u00f0h\u00e6ttir<\/a><\/h5>\n<\/div>\n<\/div>\n<\/div>\n<\/div>\n<p>\u00dej\u00f3\u00f0h\u00e6ttir \u00e4r en isl\u00e4ndsk podcast som diskuterar ny forskning och olika medier inom folklore. Handleds av Dr Dagr\u00fan \u00d3sk J\u00f3nsd\u00f3ttir och Sigurlaug Dagsd\u00f3ttir.<\/p>\n<p>https:\/\/heimildin.is\/thaettir\/thjodhaettir\/<\/p>\n<h5><a href=\"https:\/\/www.youtube.com\/@EthnosRy\">Agendahyppyj\u00e4<\/a><\/h5>\n<div class=\"xdj266r x14z9mp xat24cr x1lziwak x1vvkbs x126k92a\">\n<div dir=\"auto\">\n<p>Agendahyppyj\u00e4-podcast etnologian yst\u00e4ville<\/p>\n<\/div>\n<\/div>\n<div class=\"x14z9mp xat24cr x1lziwak x1vvkbs xtlvy1s x126k92a\">\n<div dir=\"auto\">\n<p>Agendahyppyj\u00e4-podcastissa etnologit keskustelevat siit\u00e4, mill\u00e4 eri tavoin arkea voidaan tarkastella ja miten tutkimusta on eri aikoina tehty. Mit\u00e4 ja miksi on haluttu tiet\u00e4\u00e4 ja miten t\u00e4m\u00e4n tiedon \u00e4\u00e4relle on pyritty? Mink\u00e4laisia agendahyppyj\u00e4 on tehty ja kenties tullaan tekem\u00e4\u00e4n?<\/p>\n<\/div>\n<\/div>\n<div class=\"x14z9mp xat24cr x1lziwak x1vvkbs xtlvy1s x126k92a\">\n<div dir=\"auto\">\n<p>Podcast-sarja sis\u00e4lt\u00e4\u00e4 kuusi jaksoa: Aika, Kansa, Alue, Esine, Tienoo ja Liike<\/p>\n<\/div>\n<\/div>\n<div class=\"x14z9mp xat24cr x1lziwak x1vvkbs xtlvy1s x126k92a\">\n<div dir=\"auto\">Kuuntele sarjan kaikki jaksot Ethnos ry:n Youtube kanavalla: <span class=\"html-span xdj266r x14z9mp xat24cr x1lziwak xexx8yu xyri2b x18d9i69 x1c1uobl x1hl2dhg x16tdsg8 x1vvkbs\"><a class=\"x1i10hfl xjbqb8w x1ejq31n x18oe1m7 x1sy0etr xstzfhl x972fbf x10w94by x1qhh985 x14e42zd x9f619 x1ypdohk xt0psk2 x3ct3a4 xdj266r x14z9mp xat24cr x1lziwak xexx8yu xyri2b x18d9i69 x1c1uobl x16tdsg8 x1hl2dhg xggy1nq x1a2a7pz xkrqix3 x1sur9pj x1fey0fg x1s688f\" role=\"link\" href=\"https:\/\/www.youtube.com\/@EthnosRy?fbclid=IwZXh0bgNhZW0CMTAAYnJpZBExQkJaU2FwMERMTHAwOElVWgEeyaEA45HumGZHCMcEPk_oa4tFBLiKGsXNGDJ_cI3Ptr1VuxhPshYTGrZ3pJ0_aem_k5DR7fHHuw005y5VyJ1tbQ\" target=\"_blank\" rel=\"nofollow noopener noreferrer\">https:\/\/www.youtube.com\/@EthnosRy<\/a><\/span><\/div>\n<\/div>\n<div class=\"view-mode-full node__content\">\n<div class=\"field-wrapper body field node__body\">\n<div class=\"field-items\">\n<h6>N\u00e5gra avsnitt med etnologer eller folklorister:<\/h6>\n<p><a href=\"https:\/\/sverigesradio.se\/avsnitt\/starlet-lasarna-stottade-varandra-r?fbclid=iwy2xjawfcyxhlehrua2flbqixmqabhvd-ejanac8n2h42sntt6-4qzo_alga5zc0melpzymubezbqqjrrdsunig_aem_cgam3rubhvm6frblrz5wna\">Kristina \u00d6hman ber\u00e4ttar om Starlet<\/a> i Vetenskapsradion Forskarliv 3 juli 2024<\/p>\n<p>Elin Franz\u00e9n, etnolog vid Stockholms Universitet, g\u00e4star <a href=\"https:\/\/www.sverigesradio.se\/avsnitt\/radio-nar-den-ar-som-bast-sa-kom-den-till-och-sa-lyssnar-vi-idag?fbclid=iwy2xjawmdb5blehrua2flbqixmqbicmlketb6y004exzqafn2s1jvrmg1ar6fan01nni7xe5i4gy633ybqxh_ylgou7-kaoxxwfkxcxs8mgnu5m2bypj2yq_aem_l82ekgh0mrbhjyu2gy_7kw\">Vetenskapspodden vid Sveriges radio<\/a> d\u00e4r hon pratar om svenskarnas radiolyssnande med anledning av att Sveriges Radio i \u00e5r fyller 100 \u00e5r. 24 augusti 2025<\/p>\n<p><a href=\"https:\/\/nsph.se\/podcast\/2025-12-maria-bjorklund-om-pastoral-makt-i-heldygnsvarden\/?fbclid=IwY2xjawMmYGFleHRuA2FlbQIxMQABHv-jmNt0MeZpODhUfCSkerjT5RqP46LvTO_6K080LkZP2G5DTeLXpmFi9Spx_aem_d0SDmNNc9zghaEBcrA_0AQ\">Maria Bj\u00f6rklund pratar om pastoral makt i heldygnsv\u00e5rden<\/a> i NSPH:s podd Kafferast<\/p>\n<\/div>\n<\/div>\n<\/div>\n","protected":false},"excerpt":{"rendered":"<p>H\u00e4r hittas poddar som etnologer och folklorister regelbundet deltar i och ber\u00e4ttar om sin forskning eller \u00e4mnen de har expertis inom: Podden Vetskap I podden ber\u00e4ttar humanister och samh\u00e4llsvetare om sin forskning och ger nya perspektiv p\u00e5 b\u00e5de v\u00e4lk\u00e4nda \u00e4mnen och \u00f6verraskande fenomen. Med Hanna Nordenswan. #poddenVetskap\u00a0 #f\u00e4rskforskning Produceras av Svenska litteraturs\u00e4llskapet i Finland i &hellip; <a href=\"https:\/\/blogs2.abo.fi\/etnologi-folkloristik-norden\/poddar-och-radio\/\" class=\"more-link\">Forts\u00e4tt l\u00e4sa <span class=\"screen-reader-text\">Poddar och radio<\/span> <span class=\"meta-nav\">&rarr;<\/span><\/a><\/p>\n","protected":false},"author":645,"featured_media":0,"parent":0,"menu_order":0,"comment_status":"closed","ping_status":"closed","template":"","meta":{"footnotes":""},"class_list":["post-518","page","type-page","status-publish","hentry"],"_links":{"self":[{"href":"https:\/\/blogs2.abo.fi\/etnologi-folkloristik-norden\/wp-json\/wp\/v2\/pages\/518","targetHints":{"allow":["GET"]}}],"collection":[{"href":"https:\/\/blogs2.abo.fi\/etnologi-folkloristik-norden\/wp-json\/wp\/v2\/pages"}],"about":[{"href":"https:\/\/blogs2.abo.fi\/etnologi-folkloristik-norden\/wp-json\/wp\/v2\/types\/page"}],"author":[{"embeddable":true,"href":"https:\/\/blogs2.abo.fi\/etnologi-folkloristik-norden\/wp-json\/wp\/v2\/users\/645"}],"replies":[{"embeddable":true,"href":"https:\/\/blogs2.abo.fi\/etnologi-folkloristik-norden\/wp-json\/wp\/v2\/comments?post=518"}],"version-history":[{"count":9,"href":"https:\/\/blogs2.abo.fi\/etnologi-folkloristik-norden\/wp-json\/wp\/v2\/pages\/518\/revisions"}],"predecessor-version":[{"id":2501,"href":"https:\/\/blogs2.abo.fi\/etnologi-folkloristik-norden\/wp-json\/wp\/v2\/pages\/518\/revisions\/2501"}],"wp:attachment":[{"href":"https:\/\/blogs2.abo.fi\/etnologi-folkloristik-norden\/wp-json\/wp\/v2\/media?parent=518"}],"curies":[{"name":"wp","href":"https:\/\/api.w.org\/{rel}","templated":true}]}}