{"id":40,"date":"2021-09-07T08:58:41","date_gmt":"2021-09-07T08:58:41","guid":{"rendered":"https:\/\/blogs2.abo.fi\/etnologi-folkloristik-norden\/?page_id=40"},"modified":"2022-05-24T09:34:49","modified_gmt":"2022-05-24T06:34:49","slug":"call-for-abstracts","status":"publish","type":"page","link":"https:\/\/blogs2.abo.fi\/etnologi-folkloristik-norden\/tidskrifter-2\/call-for-abstracts\/","title":{"rendered":"Call for abstracts"},"content":{"rendered":"<p>K\u00e4nner du till n\u00e5gon tidskrift eller annan form av publikation som har ett aktuellt call for abstracts? Skicka g\u00e4rna till etnofolk@abo.fi s\u00e5 l\u00e4gger vi in det p\u00e5 sidan.<\/p>\n","protected":false},"excerpt":{"rendered":"<p>K\u00e4nner du till n\u00e5gon tidskrift eller annan form av publikation som har ett aktuellt call for abstracts? Skicka g\u00e4rna till etnofolk@abo.fi s\u00e5 l\u00e4gger vi in det p\u00e5 sidan.<\/p>\n","protected":false},"author":645,"featured_media":0,"parent":47,"menu_order":2,"comment_status":"closed","ping_status":"closed","template":"","meta":{"footnotes":""},"class_list":["post-40","page","type-page","status-publish","hentry"],"_links":{"self":[{"href":"https:\/\/blogs2.abo.fi\/etnologi-folkloristik-norden\/wp-json\/wp\/v2\/pages\/40","targetHints":{"allow":["GET"]}}],"collection":[{"href":"https:\/\/blogs2.abo.fi\/etnologi-folkloristik-norden\/wp-json\/wp\/v2\/pages"}],"about":[{"href":"https:\/\/blogs2.abo.fi\/etnologi-folkloristik-norden\/wp-json\/wp\/v2\/types\/page"}],"author":[{"embeddable":true,"href":"https:\/\/blogs2.abo.fi\/etnologi-folkloristik-norden\/wp-json\/wp\/v2\/users\/645"}],"replies":[{"embeddable":true,"href":"https:\/\/blogs2.abo.fi\/etnologi-folkloristik-norden\/wp-json\/wp\/v2\/comments?post=40"}],"version-history":[{"count":7,"href":"https:\/\/blogs2.abo.fi\/etnologi-folkloristik-norden\/wp-json\/wp\/v2\/pages\/40\/revisions"}],"predecessor-version":[{"id":545,"href":"https:\/\/blogs2.abo.fi\/etnologi-folkloristik-norden\/wp-json\/wp\/v2\/pages\/40\/revisions\/545"}],"up":[{"embeddable":true,"href":"https:\/\/blogs2.abo.fi\/etnologi-folkloristik-norden\/wp-json\/wp\/v2\/pages\/47"}],"wp:attachment":[{"href":"https:\/\/blogs2.abo.fi\/etnologi-folkloristik-norden\/wp-json\/wp\/v2\/media?parent=40"}],"curies":[{"name":"wp","href":"https:\/\/api.w.org\/{rel}","templated":true}]}}