{"id":38,"date":"2021-09-07T08:53:17","date_gmt":"2021-09-07T08:53:17","guid":{"rendered":"https:\/\/blogs2.abo.fi\/etnologi-folkloristik-norden\/?page_id=38"},"modified":"2024-06-19T17:05:06","modified_gmt":"2024-06-19T14:05:06","slug":"lankar-tidskrifter","status":"publish","type":"page","link":"https:\/\/blogs2.abo.fi\/etnologi-folkloristik-norden\/tidskrifter-2\/lankar-tidskrifter\/","title":{"rendered":"Lista \u00f6ver tidskrifter"},"content":{"rendered":"<h6>Tidskrifter i Norden:<\/h6>\n<ul>\n<li><a href=\"https:\/\/publicera.kb.se\/arv\">ARV \u2013 Nordic Yearbook of Folklore<\/a><\/li>\n<li><a href=\"https:\/\/journal.fi\/budkavlen\">Budkavlen<\/a><\/li>\n<li><a href=\"https:\/\/cultureunbound.ep.liu.se\/\">Culture Unbound<\/a><\/li>\n<li><a href=\"https:\/\/journal.fi\/elore\">Elore<\/a><\/li>\n<li><a href=\"https:\/\/journal.fi\/ethnolfenn\">Ethnologia Fennica<\/a><\/li>\n<li><a href=\"https:\/\/publicera.kb.se\/ethsc\">Ethnologia Scandinavica<\/a><\/li>\n<li><a href=\"https:\/\/ethnosry.org\/toimitteet\/\">Ethnos-toimite<\/a><\/li>\n<li><a href=\"https:\/\/etnomusikologia.journal.fi\/index\">Etnomusikologian vuosikirja<\/a><\/li>\n<li><a href=\"https:\/\/www.folkeminner.no\/folkeminner\/\">Folkeminner. Tidskrift for norsk folkeminnelag<\/a><\/li>\n<li><a href=\"https:\/\/www.folklorefellows.fi\/folklore-fellows-network\/\">Folklore Fellows Network Bulletin<\/a><\/li>\n<li><a href=\"https:\/\/publicera.kb.se\/kp\">Kulturella Perspektiv \u2013 svensk etnologisk tidskrift<\/a><\/li>\n<li><a href=\"http:\/\/tidsskriftetkulturstudier.dk\/\">Kulturstudier<\/a><\/li>\n<li><a href=\"https:\/\/bragelaboratorium.com\/\">Laboratorium f\u00f6r folk och kultur<\/a><\/li>\n<li><a href=\"https:\/\/www.idunn.no\/journal\/nkt\">Nordisk kulturpolitisk tidskrift<\/a><\/li>\n<li><a href=\"https:\/\/journals.uio.no\/museolog\/index\">Nordisk museologi<\/a><\/li>\n<li><a href=\"https:\/\/www.uu.se\/institution\/kulturantropologi-och-etnologi\/forskning\/publikationer\/tidskrifter\/natverket-etnologisk-tidskrift\">N\u00e4tverket<\/a><\/li>\n<li><a href=\"https:\/\/journals.lub.lu.se\/pop\/index\">Popul\u00e4r &#8211; Nordic Journal for popular culture research<\/a><\/li>\n<li><a href=\"https:\/\/publicera.kb.se\/puls\/index\">PULS<\/a><\/li>\n<li><a href=\"http:\/\/gustavadolfsakademien.se\/tidskrifter\/tidskrift\/rig\">RIG \u2013 kulturhistorisk tidskrift<\/a><\/li>\n<li><a href=\"http:\/\/gustavadolfsakademien.se\/tidskrifter\/tidskrift\/saga-och-sed-kungl-gustav-adolfs-akademiens-arsbok\">Saga och sed<\/a><\/li>\n<li><a href=\"http:\/\/gustavadolfsakademien.se\/tidskrifter\/tidskrift\/svlm\">Svenska landsm\u00e5l och svenskt folkliv<\/a><\/li>\n<li><a href=\"http:\/\/ojs.novus.no\/index.php\/TFK\">Tidsskrift for kulturforskning<\/a><\/li>\n<\/ul>\n<p>&nbsp;<\/p>\n<h6>\u00d6vriga tidskrifter:<\/h6>\n<ul>\n<li><a href=\"https:\/\/ee.openlibhums.org\/\">Ethnologia Europaea<\/a><\/li>\n<li><a href=\"https:\/\/www.degruyter.com\/journal\/key\/fabl\/html#overview\">Fabula<\/a><\/li>\n<li>\n<div><a href=\"https:\/\/folklifestudies.org\/journal\/\">Folk Life<\/a><\/div>\n<\/li>\n<li>\n<div><a href=\"https:\/\/www.efdss.org\/about-us\/publications\/folk-music-journal#\">Folk Music Journal<\/a><\/div>\n<\/li>\n<li>\n<div><a href=\"https:\/\/americanfolkloresociety.org\/journal\/\">Journal of American Folklore<\/a><\/div>\n<\/li>\n<li>\n<div><a href=\"https:\/\/iupress.org\/journals\/jfr\/\">Journal of Folklore Research<\/a><\/div>\n<\/li>\n<li>\n<div>\n<p><a href=\"https:\/\/www.westernfolklore.org\/WFCurrent.html\">Western Folklore<\/a><\/p>\n<\/div>\n<\/li>\n<\/ul>\n<p>&nbsp;<\/p>\n<p><em>Hittar du inte det du s\u00f6ker? Listan \u00e4r inte komplett och om du k\u00e4nner till en tidskrift som du tycker borde finnas med p\u00e5 listan, tveka inte att ta kontakt! Skicka ett mail till etnofolk@abo.fi och ber\u00e4tta vilken tidskrift du tycker ska vara med och skicka g\u00e4rna med en l\u00e4nk till en aktuell hemsida.<\/em><\/p>\n","protected":false},"excerpt":{"rendered":"<p>Tidskrifter i Norden: ARV \u2013 Nordic Yearbook of Folklore Budkavlen Culture Unbound Elore Ethnologia Fennica Ethnologia Scandinavica Ethnos-toimite Etnomusikologian vuosikirja Folkeminner. Tidskrift for norsk folkeminnelag Folklore Fellows Network Bulletin Kulturella Perspektiv \u2013 svensk etnologisk tidskrift Kulturstudier Laboratorium f\u00f6r folk och kultur Nordisk kulturpolitisk tidskrift Nordisk museologi N\u00e4tverket Popul\u00e4r &#8211; Nordic Journal for popular culture research &hellip; <a href=\"https:\/\/blogs2.abo.fi\/etnologi-folkloristik-norden\/tidskrifter-2\/lankar-tidskrifter\/\" class=\"more-link\">Forts\u00e4tt l\u00e4sa <span class=\"screen-reader-text\">Lista \u00f6ver tidskrifter<\/span> <span class=\"meta-nav\">&rarr;<\/span><\/a><\/p>\n","protected":false},"author":645,"featured_media":0,"parent":47,"menu_order":0,"comment_status":"closed","ping_status":"closed","template":"","meta":{"footnotes":""},"class_list":["post-38","page","type-page","status-publish","hentry"],"_links":{"self":[{"href":"https:\/\/blogs2.abo.fi\/etnologi-folkloristik-norden\/wp-json\/wp\/v2\/pages\/38","targetHints":{"allow":["GET"]}}],"collection":[{"href":"https:\/\/blogs2.abo.fi\/etnologi-folkloristik-norden\/wp-json\/wp\/v2\/pages"}],"about":[{"href":"https:\/\/blogs2.abo.fi\/etnologi-folkloristik-norden\/wp-json\/wp\/v2\/types\/page"}],"author":[{"embeddable":true,"href":"https:\/\/blogs2.abo.fi\/etnologi-folkloristik-norden\/wp-json\/wp\/v2\/users\/645"}],"replies":[{"embeddable":true,"href":"https:\/\/blogs2.abo.fi\/etnologi-folkloristik-norden\/wp-json\/wp\/v2\/comments?post=38"}],"version-history":[{"count":28,"href":"https:\/\/blogs2.abo.fi\/etnologi-folkloristik-norden\/wp-json\/wp\/v2\/pages\/38\/revisions"}],"predecessor-version":[{"id":1877,"href":"https:\/\/blogs2.abo.fi\/etnologi-folkloristik-norden\/wp-json\/wp\/v2\/pages\/38\/revisions\/1877"}],"up":[{"embeddable":true,"href":"https:\/\/blogs2.abo.fi\/etnologi-folkloristik-norden\/wp-json\/wp\/v2\/pages\/47"}],"wp:attachment":[{"href":"https:\/\/blogs2.abo.fi\/etnologi-folkloristik-norden\/wp-json\/wp\/v2\/media?parent=38"}],"curies":[{"name":"wp","href":"https:\/\/api.w.org\/{rel}","templated":true}]}}