{"id":2755,"date":"2026-01-30T11:32:46","date_gmt":"2026-01-30T09:32:46","guid":{"rendered":"https:\/\/blogs2.abo.fi\/etnologi-folkloristik-norden\/?page_id=2755"},"modified":"2026-01-30T11:32:46","modified_gmt":"2026-01-30T09:32:46","slug":"forskarseminarier","status":"publish","type":"page","link":"https:\/\/blogs2.abo.fi\/etnologi-folkloristik-norden\/forskarseminarier\/","title":{"rendered":"Forskarseminarier"},"content":{"rendered":"<p>H\u00e4r samlas information om h\u00f6gre seminarier\/forskarseminarier i etnologi och folkloristik vid olika universitet. H\u00f6r av dig till kontaktpersonen vid respektive universitet om du \u00e4r intresserad av att delta. Notera att tiderna \u00e4r angivna i lokal tid.<\/p>\n<p><a href=\"https:\/\/www.su.se\/enheter\/institutionen-for-etnologi-religionshistoria-och-genusvetenskap\/forskning\/konferenser-och-seminarier\/hogre-seminariet-i-etnologi\"><strong>H\u00f6gre seminarium i etnologi vid Stockholms Universitet<\/strong><\/a><\/p>\n<p>Seminarierna under v\u00e5ren 2026 \u00e4ger rum onsdagar kl 13-15 i Gula villan, sal Ninox, om inget annat anges.<\/p>\n<p>Kallelse g\u00e5r till doktorander, l\u00e4rare och forskare vid Institutionen f\u00f6r etnologi, religionshistoria och genusvetenskap samt kolleger verksamma vid andra l\u00e4ros\u00e4ten, arkiv och museer.<\/p>\n<p>Om du vill delta i n\u00e5got seminarium \u00e4r du v\u00e4lkommen att kontakta seminariesamordnare Karin H\u00f6gstr\u00f6m (e-postadress enligt modellen f\u00f6rnamn.efternamn@etnologi.su.se).<\/p>\n<p><strong><a href=\"https:\/\/www.kultur.lu.se\/forskning\/seminarieserier\/etnologiseminariet\/\">Etnologiseminariet vid Lunds Universitet<\/a><\/strong><\/p>\n<p>Etnologiseminariet \u00e4r ett forskarseminarium som h\u00e5lls ca sex g\u00e5nger per termin. V\u00e5ren 2026 h\u00e5lls seminarierna p\u00e5 torsdagar 13:15-15:00. Det etnologiska f\u00e4ltet definieras brett, b\u00e5de kronologiskt och tematiskt. Seminariet \u00e4r \u00f6ppet ocks\u00e5 f\u00f6r forskare fr\u00e5n andra discipliner, t.ex. Id\u00e9- och l\u00e4rdomshistoria, Konsthistoria och visuella studier, Museologi och Biblioteks- och informationsvetenskap. De flesta som deltar p\u00e5 etnologiseminariet \u00e4r doktorander eller disputerade forskare men det \u00e4r ocks\u00e5 \u00f6ppet f\u00f6r masterstudenter och andra intresserade. Seminariets spr\u00e5k \u00e4r vanligtvis svenska men ibland ocks\u00e5 engelska.<\/p>\n<p>Kontaktperson: Lars-Eric J\u00f6nsson (e-postadress enligt modellen f\u00f6rnamn.efternamn@kultur.lu.se)<\/p>\n<p><strong><a href=\"https:\/\/www.uu.se\/institution\/kulturantropologi-och-etnologi\/forskning\/forskningsseminarier\">Forskningsseminarier vid Institutionen f\u00f6r kulturantropologi och etnologi vid Uppsala Universitet<\/a><\/strong><\/p>\n<p>Vid institutionen finns tv\u00e5 regelbundna seminarieserier, forskningsseminariet i etnologi och forskningsseminariet i kulturantropologi.<\/p>\n<p>F\u00f6r aktuella och tidigare seminarieprogram, bes\u00f6k <a href=\"https:\/\/www.uu.se\/institution\/kulturantropologi-och-etnologi\/kalendarium\">kalendariet<\/a>.<\/p>\n<p>Forskningsseminariet i etnologi<br \/>\nDag och tid: Onsdagar, j\u00e4mna veckor, 10.15-12.00<br \/>\nSeminarieansvariga: Kristina \u00d6hman (e-post enligt modellen f\u00f6rnamn.efternamn@etnologi.uu.se)<\/p>\n<p>Forskningsseminariet i kulturantropologi<br \/>\nDag och tid: Onsdagar, oj\u00e4mna veckor, 10.15-12.00<br \/>\nSeminarieansvariga: Charlotta Widmark och Lee Gallagher (e-post enligt modellen f\u00f6rnamn.efternamn@antro.uu.se)<\/p>\n<p><strong>Forskarseminarium vid \u00c5bo Akademi<\/strong><\/p>\n<p>V\u00e5ren 2026 ordnas forskarseminarier p\u00e5 onsdagar 13:15-16:00<br \/>\nKontaktperson: Blanka Henriksson\u00a0 (e-postadress enligt modellen f\u00f6rnamn.efternamn@abo.fi)<\/p>\n<p>&nbsp;<\/p>\n<p>&nbsp;<\/p>\n","protected":false},"excerpt":{"rendered":"<p>H\u00e4r samlas information om h\u00f6gre seminarier\/forskarseminarier i etnologi och folkloristik vid olika universitet. H\u00f6r av dig till kontaktpersonen vid respektive universitet om du \u00e4r intresserad av att delta. Notera att tiderna \u00e4r angivna i lokal tid. H\u00f6gre seminarium i etnologi vid Stockholms Universitet Seminarierna under v\u00e5ren 2026 \u00e4ger rum onsdagar kl 13-15 i Gula villan, &hellip; <a href=\"https:\/\/blogs2.abo.fi\/etnologi-folkloristik-norden\/forskarseminarier\/\" class=\"more-link\">Forts\u00e4tt l\u00e4sa <span class=\"screen-reader-text\">Forskarseminarier<\/span> <span class=\"meta-nav\">&rarr;<\/span><\/a><\/p>\n","protected":false},"author":645,"featured_media":0,"parent":0,"menu_order":0,"comment_status":"closed","ping_status":"closed","template":"","meta":{"footnotes":""},"class_list":["post-2755","page","type-page","status-publish","hentry"],"_links":{"self":[{"href":"https:\/\/blogs2.abo.fi\/etnologi-folkloristik-norden\/wp-json\/wp\/v2\/pages\/2755","targetHints":{"allow":["GET"]}}],"collection":[{"href":"https:\/\/blogs2.abo.fi\/etnologi-folkloristik-norden\/wp-json\/wp\/v2\/pages"}],"about":[{"href":"https:\/\/blogs2.abo.fi\/etnologi-folkloristik-norden\/wp-json\/wp\/v2\/types\/page"}],"author":[{"embeddable":true,"href":"https:\/\/blogs2.abo.fi\/etnologi-folkloristik-norden\/wp-json\/wp\/v2\/users\/645"}],"replies":[{"embeddable":true,"href":"https:\/\/blogs2.abo.fi\/etnologi-folkloristik-norden\/wp-json\/wp\/v2\/comments?post=2755"}],"version-history":[{"count":2,"href":"https:\/\/blogs2.abo.fi\/etnologi-folkloristik-norden\/wp-json\/wp\/v2\/pages\/2755\/revisions"}],"predecessor-version":[{"id":2757,"href":"https:\/\/blogs2.abo.fi\/etnologi-folkloristik-norden\/wp-json\/wp\/v2\/pages\/2755\/revisions\/2757"}],"wp:attachment":[{"href":"https:\/\/blogs2.abo.fi\/etnologi-folkloristik-norden\/wp-json\/wp\/v2\/media?parent=2755"}],"curies":[{"name":"wp","href":"https:\/\/api.w.org\/{rel}","templated":true}]}}