{"id":236,"date":"2021-12-03T09:21:42","date_gmt":"2021-12-03T09:21:42","guid":{"rendered":"https:\/\/blogs2.abo.fi\/etnologi-folkloristik-norden\/?page_id=236"},"modified":"2025-08-13T15:05:00","modified_gmt":"2025-08-13T12:05:00","slug":"nordic-ethnology-and-folklore-conference","status":"publish","type":"page","link":"https:\/\/blogs2.abo.fi\/etnologi-folkloristik-norden\/nordic-ethnology-and-folklore-conference\/","title":{"rendered":"Nordic Ethnology and Folklore Conference"},"content":{"rendered":"<p><em>Vi f\u00f6rs\u00f6ker samla ihop information om tidigare \u00e5rs konferenser f\u00f6r att man ska kunna hitta information om var de ordnats och vilket tema som var ett specifikt \u00e5r. Om du vet n\u00e5got om detta skicka g\u00e4rna ett mail till etnofolk@abo.fi och ber\u00e4tta!<\/em><\/p>\n<h4><\/h4>\n<p><strong>Nordiska etnolog- och folkloristkongressen<\/strong>:<\/p>\n<p>NEFK 36, 2025, 10-14 June, Turku, Finland. Theme: Nordic 2.0 and beyond. <a href=\"http:\/\/blogs2.abo.fi\/etnologi-folkloristik-norden\/wp-content\/uploads\/sites\/158\/2025\/08\/Schedule-NEFK-2025.pdf\">You can find a pdf of the conference program here.<\/a><\/p>\n<p>NEFK 35, 2022, 13-16 June: Reykjavik, Iceland. Theme: <a href=\"https:\/\/ethnofolk.org\">Re:<\/a><br \/>\n<a href=\"https:\/\/nomadit.co.uk\/conference\/re22#timetable\">A link to the program can be found here<\/a>.<\/p>\n<p>NEFK 34, 2018, 12-15 June: Uppsala, Sweden. Theme: What matters \u2013 Accounting for culture in a post factual world. You can read the conference program here: <a href=\"http:\/\/blogs2.abo.fi\/etnologi-folkloristik-norden\/wp-content\/uploads\/sites\/158\/2022\/06\/Welcome-to-the-34th-Nordic-Ethnology-and-Folklore-Conference.-June-12-15-2018-Uppsala-Sweden.pdf\">Welcome to the 34th Nordic Ethnology and Folklore Conference. June 12-15, 2018 Uppsala, Sweden<\/a><\/p>\n<p>NEFK 33, 2015, 18-21 August: Copenhagen, Denmark. Theme: \u2018CO\u2019 \u2013 Co-productions, collaborations and contestations. Read the program here: <a href=\"http:\/\/blogs2.abo.fi\/etnologi-folkloristik-norden\/wp-content\/uploads\/sites\/158\/2022\/06\/33-nordic-ethnology-and-folklore-conference_compress.pdf\">33rd Nordic Ethnology and Folklore Conference<\/a><\/p>\n<p>NEFK 32, 2012, 18-21 June: Bergen, Norway. Theme: Dynamics of Cultural Differences<\/p>\n<p>NEFK 31, 2009, 18-22 August: Helsinki, Finland. Theme: Byggstenar\/Substances: Rethinking the material, the visual and the narrative in culture<\/p>\n<p>NEFK 30, 2006, 14-17 June: Stockholm, Sweden. Theme: Metamorfoser. <a href=\"http:\/\/blogs2.abo.fi\/etnologi-folkloristik-norden\/wp-content\/uploads\/sites\/158\/2022\/09\/Metamorfoser_hela_e_medparm.pdf\">The program can be seen here<\/a>.<\/p>\n<p>NEFK 29, 2003: Helsing\u00f6r, Denmark<\/p>\n<p>NEFK 28, 2000, May: Hank\u00f8, Norway. Theme: Norden och Europa<\/p>\n<p>NEFK 27, 1994, 21-25 August: \u00c5bo, Finland. Theme: Gr\u00e4nser i tid och rum : gr\u00e4nsproblematiken i etnologisk och folkloristisk forskning<\/p>\n<p>NEFK 26, 1991. Ystad, Sweden.<\/p>\n<p style=\"text-align: left\">NEFK 25, 1989, 30 Januari &#8211; 2 February: Gausdal, Norway<\/p>\n<p>NEFK 24, 1986, 10-16 August. Reykjavik, Iceland<\/p>\n<p>NEFK 23, 1983, May. Mols, Denmark<\/p>\n<p>NEFK 22, 1981, 9-11 June. Liperi, Finland. Theme: Nordic Tradition Research &#8211; schools and lines of thought. Main papers can be found in Studia Fennica 27 (1983) Trends in Nordic Tradition Research, edited by Lauri Honko and Pekka Laaksonen<\/p>\n<p>&nbsp;<\/p>\n<p>Nordiska folklivs- och folkminnesforskarm\u00f6tet 14, 1959, \u00c5bo, Finland. Tema: Den gamla bondekulturens uppl\u00f6sning<\/p>\n<p>Nordiska folklivs- och folkminnesforskarm\u00f6tet 13, 1957, Lund, Sweden. Tema: Norden och kontinenten. En skrift finns att<a href=\"https:\/\/books.lub.lu.se\/catalog\/book\/78\"> l\u00e4sa h\u00e4r<\/a>.<\/p>\n<p>&nbsp;<\/p>\n<p>Nordiska folklivs- och folkminnesforskarm\u00f6tet 9, 1948, 5-8 September, Stockholm och Uppsala, Sweden<\/p>\n<p>&nbsp;<\/p>\n<p>Nordiska folklivs- och folkminnesforskarm\u00f6tet 6, 1934, Juni, \u00c5bo, Finland<\/p>\n<p>Nordiska folklivs- och folkminnesforskarm\u00f6tet 5, 1930, 7-9 Augusti, G\u00f6teborg, Sweden<\/p>\n<p>Nordiska folklivs- och folkminnesforskarm\u00f6tet 4, 1928, Augusti, Oslo, Norway<\/p>\n<p>&nbsp;<\/p>\n<p>Nordiska m\u00f6tet f\u00f6r folklivsforskning 2, 1922, 14-16 Augusti, Helsingfors, Finland<\/p>\n<p>Nordiska m\u00f6tet f\u00f6r folklivsforskning 1, 1920, 16-17 Augusti, Stockholm, Sweden<\/p>\n","protected":false},"excerpt":{"rendered":"<p>Vi f\u00f6rs\u00f6ker samla ihop information om tidigare \u00e5rs konferenser f\u00f6r att man ska kunna hitta information om var de ordnats och vilket tema som var ett specifikt \u00e5r. Om du vet n\u00e5got om detta skicka g\u00e4rna ett mail till etnofolk@abo.fi och ber\u00e4tta! Nordiska etnolog- och folkloristkongressen: NEFK 36, 2025, 10-14 June, Turku, Finland. Theme: Nordic &hellip; <a href=\"https:\/\/blogs2.abo.fi\/etnologi-folkloristik-norden\/nordic-ethnology-and-folklore-conference\/\" class=\"more-link\">Forts\u00e4tt l\u00e4sa <span class=\"screen-reader-text\">Nordic Ethnology and Folklore Conference<\/span> <span class=\"meta-nav\">&rarr;<\/span><\/a><\/p>\n","protected":false},"author":645,"featured_media":0,"parent":0,"menu_order":0,"comment_status":"closed","ping_status":"closed","template":"","meta":{"footnotes":""},"class_list":["post-236","page","type-page","status-publish","hentry"],"_links":{"self":[{"href":"https:\/\/blogs2.abo.fi\/etnologi-folkloristik-norden\/wp-json\/wp\/v2\/pages\/236","targetHints":{"allow":["GET"]}}],"collection":[{"href":"https:\/\/blogs2.abo.fi\/etnologi-folkloristik-norden\/wp-json\/wp\/v2\/pages"}],"about":[{"href":"https:\/\/blogs2.abo.fi\/etnologi-folkloristik-norden\/wp-json\/wp\/v2\/types\/page"}],"author":[{"embeddable":true,"href":"https:\/\/blogs2.abo.fi\/etnologi-folkloristik-norden\/wp-json\/wp\/v2\/users\/645"}],"replies":[{"embeddable":true,"href":"https:\/\/blogs2.abo.fi\/etnologi-folkloristik-norden\/wp-json\/wp\/v2\/comments?post=236"}],"version-history":[{"count":37,"href":"https:\/\/blogs2.abo.fi\/etnologi-folkloristik-norden\/wp-json\/wp\/v2\/pages\/236\/revisions"}],"predecessor-version":[{"id":2447,"href":"https:\/\/blogs2.abo.fi\/etnologi-folkloristik-norden\/wp-json\/wp\/v2\/pages\/236\/revisions\/2447"}],"wp:attachment":[{"href":"https:\/\/blogs2.abo.fi\/etnologi-folkloristik-norden\/wp-json\/wp\/v2\/media?parent=236"}],"curies":[{"name":"wp","href":"https:\/\/api.w.org\/{rel}","templated":true}]}}