{"id":212,"date":"2021-12-01T10:28:40","date_gmt":"2021-12-01T10:28:40","guid":{"rendered":"https:\/\/blogs2.abo.fi\/etnologi-folkloristik-norden\/?page_id=212"},"modified":"2022-08-18T11:48:53","modified_gmt":"2022-08-18T08:48:53","slug":"arkiv","status":"publish","type":"page","link":"https:\/\/blogs2.abo.fi\/etnologi-folkloristik-norden\/organisationer\/arkiv\/","title":{"rendered":"Arkiv"},"content":{"rendered":"<p><a href=\"https:\/\/www.kb.dk\/find-materiale\/samlinger\/folkemindesamlingen\">Dansk Folkemindesamling ved Det Kgl. Bibliotek<\/a><\/p>\n<p><a href=\"https:\/\/www.folklivsarkivet.lu.se\/\">Folklivsarkivet i Lund<\/a><\/p>\n<p><a href=\"https:\/\/www.isof.se\/arkiv-och-insamling\">Institutet f\u00f6r spr\u00e5k och folkminnen<\/a><\/p>\n<p><a href=\"https:\/\/www.abo.fi\/om-abo-akademi\/arkiv-och-museer\/cultura\/\">Kulturvetenskapliga arkivet Cultura vid \u00c5bo Akademi<\/a><\/p>\n<p><a style=\"color: #ea9629\" href=\"https:\/\/www.hf.uio.no\/ikos\/tjenester\/kunnskap\/samlinger\/norsk-folkeminnesamling\/\">Norsk folkeminnesamling\/The Norwegian Folklore Archives<\/a><\/p>\n<p><a href=\"https:\/\/www.sls.fi\/sv\/arkiv\">Svenska Litteraturs\u00e4llskapet i Finlands arkiv<\/a><\/p>\n","protected":false},"excerpt":{"rendered":"<p>Dansk Folkemindesamling ved Det Kgl. Bibliotek Folklivsarkivet i Lund Institutet f\u00f6r spr\u00e5k och folkminnen Kulturvetenskapliga arkivet Cultura vid \u00c5bo Akademi Norsk folkeminnesamling\/The Norwegian Folklore Archives Svenska Litteraturs\u00e4llskapet i Finlands arkiv<\/p>\n","protected":false},"author":645,"featured_media":0,"parent":67,"menu_order":0,"comment_status":"closed","ping_status":"closed","template":"","meta":{"footnotes":""},"class_list":["post-212","page","type-page","status-publish","hentry"],"_links":{"self":[{"href":"https:\/\/blogs2.abo.fi\/etnologi-folkloristik-norden\/wp-json\/wp\/v2\/pages\/212","targetHints":{"allow":["GET"]}}],"collection":[{"href":"https:\/\/blogs2.abo.fi\/etnologi-folkloristik-norden\/wp-json\/wp\/v2\/pages"}],"about":[{"href":"https:\/\/blogs2.abo.fi\/etnologi-folkloristik-norden\/wp-json\/wp\/v2\/types\/page"}],"author":[{"embeddable":true,"href":"https:\/\/blogs2.abo.fi\/etnologi-folkloristik-norden\/wp-json\/wp\/v2\/users\/645"}],"replies":[{"embeddable":true,"href":"https:\/\/blogs2.abo.fi\/etnologi-folkloristik-norden\/wp-json\/wp\/v2\/comments?post=212"}],"version-history":[{"count":6,"href":"https:\/\/blogs2.abo.fi\/etnologi-folkloristik-norden\/wp-json\/wp\/v2\/pages\/212\/revisions"}],"predecessor-version":[{"id":688,"href":"https:\/\/blogs2.abo.fi\/etnologi-folkloristik-norden\/wp-json\/wp\/v2\/pages\/212\/revisions\/688"}],"up":[{"embeddable":true,"href":"https:\/\/blogs2.abo.fi\/etnologi-folkloristik-norden\/wp-json\/wp\/v2\/pages\/67"}],"wp:attachment":[{"href":"https:\/\/blogs2.abo.fi\/etnologi-folkloristik-norden\/wp-json\/wp\/v2\/media?parent=212"}],"curies":[{"name":"wp","href":"https:\/\/api.w.org\/{rel}","templated":true}]}}