{"id":1738,"date":"2024-03-27T14:34:44","date_gmt":"2024-03-27T12:34:44","guid":{"rendered":"https:\/\/blogs2.abo.fi\/etnologi-folkloristik-norden\/?page_id=1738"},"modified":"2024-03-27T14:34:44","modified_gmt":"2024-03-27T12:34:44","slug":"praktik","status":"publish","type":"page","link":"https:\/\/blogs2.abo.fi\/etnologi-folkloristik-norden\/praktik\/","title":{"rendered":"Praktik"},"content":{"rendered":"<p>Har du en praktikplats att erbjuda f\u00f6r studenter i etnologi eller folkloristik? H\u00f6r av dig till etnofolk@abo.fi s\u00e5 kan vi l\u00e4gga upp information om denna p\u00e5 sidan.<\/p>\n","protected":false},"excerpt":{"rendered":"<p>Har du en praktikplats att erbjuda f\u00f6r studenter i etnologi eller folkloristik? H\u00f6r av dig till etnofolk@abo.fi s\u00e5 kan vi l\u00e4gga upp information om denna p\u00e5 sidan.<\/p>\n","protected":false},"author":645,"featured_media":0,"parent":0,"menu_order":0,"comment_status":"closed","ping_status":"closed","template":"","meta":{"footnotes":""},"class_list":["post-1738","page","type-page","status-publish","hentry"],"_links":{"self":[{"href":"https:\/\/blogs2.abo.fi\/etnologi-folkloristik-norden\/wp-json\/wp\/v2\/pages\/1738","targetHints":{"allow":["GET"]}}],"collection":[{"href":"https:\/\/blogs2.abo.fi\/etnologi-folkloristik-norden\/wp-json\/wp\/v2\/pages"}],"about":[{"href":"https:\/\/blogs2.abo.fi\/etnologi-folkloristik-norden\/wp-json\/wp\/v2\/types\/page"}],"author":[{"embeddable":true,"href":"https:\/\/blogs2.abo.fi\/etnologi-folkloristik-norden\/wp-json\/wp\/v2\/users\/645"}],"replies":[{"embeddable":true,"href":"https:\/\/blogs2.abo.fi\/etnologi-folkloristik-norden\/wp-json\/wp\/v2\/comments?post=1738"}],"version-history":[{"count":1,"href":"https:\/\/blogs2.abo.fi\/etnologi-folkloristik-norden\/wp-json\/wp\/v2\/pages\/1738\/revisions"}],"predecessor-version":[{"id":1739,"href":"https:\/\/blogs2.abo.fi\/etnologi-folkloristik-norden\/wp-json\/wp\/v2\/pages\/1738\/revisions\/1739"}],"wp:attachment":[{"href":"https:\/\/blogs2.abo.fi\/etnologi-folkloristik-norden\/wp-json\/wp\/v2\/media?parent=1738"}],"curies":[{"name":"wp","href":"https:\/\/api.w.org\/{rel}","templated":true}]}}