{"id":159,"date":"2021-09-09T15:16:33","date_gmt":"2021-09-09T15:16:33","guid":{"rendered":"https:\/\/blogs2.abo.fi\/etnologi-folkloristik-norden\/?page_id=159"},"modified":"2022-03-29T05:57:07","modified_gmt":"2022-03-29T05:57:07","slug":"info","status":"publish","type":"page","link":"https:\/\/blogs2.abo.fi\/etnologi-folkloristik-norden\/info\/","title":{"rendered":"Info"},"content":{"rendered":"<p>V\u00e4lkommen till informationsportalen f\u00f6r etnologi och folkloristik i Norden!<\/p>\n<p>Tanken med denna sida \u00e4r dels att du som \u00e4r intresserad av vad som h\u00e4nder inom de vetenskapliga omr\u00e5dena etnologi och folkloristik i Norden ska kunna hitta informationen du s\u00f6ker, dels att du som \u00e4r aktiv inom f\u00e4ltet ska kunna sprida information till andra via denna sida. Om du k\u00e4nner till n\u00e5got du vill dela, ta g\u00e4rna en titt p\u00e5 v\u00e5ra <a href=\"https:\/\/blogs2.abo.fi\/etnologi-folkloristik-norden\/info\/skicka-in-innehall\/\">instruktioner f\u00f6r att dela information.<\/a><\/p>\n<p>&nbsp;<\/p>\n<p>Welcome to the information portal for ethnology and folkloristics in the Nordic coutries!<\/p>\n<p>This page is meant to be a place where you who are interested in what is going within the scientific community of ethnology and folkloristics will find the information you need. It is also a place where you can share things that you know about. If you have something you want to share, please take a look at our<a href=\"https:\/\/blogs2.abo.fi\/etnologi-folkloristik-norden\/info\/skicka-in-innehall\/\"> sharing instructions.<\/a><\/p>\n","protected":false},"excerpt":{"rendered":"<p>V\u00e4lkommen till informationsportalen f\u00f6r etnologi och folkloristik i Norden! Tanken med denna sida \u00e4r dels att du som \u00e4r intresserad av vad som h\u00e4nder inom de vetenskapliga omr\u00e5dena etnologi och folkloristik i Norden ska kunna hitta informationen du s\u00f6ker, dels att du som \u00e4r aktiv inom f\u00e4ltet ska kunna sprida information till andra via denna &hellip; <a href=\"https:\/\/blogs2.abo.fi\/etnologi-folkloristik-norden\/info\/\" class=\"more-link\">Forts\u00e4tt l\u00e4sa <span class=\"screen-reader-text\">Info<\/span> <span class=\"meta-nav\">&rarr;<\/span><\/a><\/p>\n","protected":false},"author":645,"featured_media":0,"parent":0,"menu_order":8,"comment_status":"closed","ping_status":"closed","template":"","meta":{"footnotes":""},"class_list":["post-159","page","type-page","status-publish","hentry"],"_links":{"self":[{"href":"https:\/\/blogs2.abo.fi\/etnologi-folkloristik-norden\/wp-json\/wp\/v2\/pages\/159","targetHints":{"allow":["GET"]}}],"collection":[{"href":"https:\/\/blogs2.abo.fi\/etnologi-folkloristik-norden\/wp-json\/wp\/v2\/pages"}],"about":[{"href":"https:\/\/blogs2.abo.fi\/etnologi-folkloristik-norden\/wp-json\/wp\/v2\/types\/page"}],"author":[{"embeddable":true,"href":"https:\/\/blogs2.abo.fi\/etnologi-folkloristik-norden\/wp-json\/wp\/v2\/users\/645"}],"replies":[{"embeddable":true,"href":"https:\/\/blogs2.abo.fi\/etnologi-folkloristik-norden\/wp-json\/wp\/v2\/comments?post=159"}],"version-history":[{"count":2,"href":"https:\/\/blogs2.abo.fi\/etnologi-folkloristik-norden\/wp-json\/wp\/v2\/pages\/159\/revisions"}],"predecessor-version":[{"id":315,"href":"https:\/\/blogs2.abo.fi\/etnologi-folkloristik-norden\/wp-json\/wp\/v2\/pages\/159\/revisions\/315"}],"wp:attachment":[{"href":"https:\/\/blogs2.abo.fi\/etnologi-folkloristik-norden\/wp-json\/wp\/v2\/media?parent=159"}],"curies":[{"name":"wp","href":"https:\/\/api.w.org\/{rel}","templated":true}]}}