{"id":1002,"date":"2023-03-03T10:12:37","date_gmt":"2023-03-03T08:12:37","guid":{"rendered":"https:\/\/blogs2.abo.fi\/etnologi-folkloristik-norden\/?page_id=1002"},"modified":"2023-03-03T10:16:22","modified_gmt":"2023-03-03T08:16:22","slug":"event","status":"publish","type":"page","link":"https:\/\/blogs2.abo.fi\/etnologi-folkloristik-norden\/event\/","title":{"rendered":"Event"},"content":{"rendered":"<p>Organiserar du ett seminarium, en workshop eller en f\u00f6rel\u00e4sning som skulle kunna vara intressant f\u00f6r etnologer och folklorister? Skicka g\u00e4rna ett mail till <a href=\"mailto:etnofolk@abo.fi\">etnofolk@abo.fi<\/a> s\u00e5 kan vi l\u00e4gga in det h\u00e4r p\u00e5 sidan.<\/p>\n<p>Are you organizing or know about an event, for example a seminar, worskshop, lecture or another type of event, that could be of interest? Please send an email to etnofolk@abo.fi and we are more than happy to share it on our webpage.<\/p>\n<p>&nbsp;<\/p>\n","protected":false},"excerpt":{"rendered":"<p>Organiserar du ett seminarium, en workshop eller en f\u00f6rel\u00e4sning som skulle kunna vara intressant f\u00f6r etnologer och folklorister? Skicka g\u00e4rna ett mail till etnofolk@abo.fi s\u00e5 kan vi l\u00e4gga in det h\u00e4r p\u00e5 sidan. Are you organizing or know about an event, for example a seminar, worskshop, lecture or another type of event, that could be &hellip; <a href=\"https:\/\/blogs2.abo.fi\/etnologi-folkloristik-norden\/event\/\" class=\"more-link\">Forts\u00e4tt l\u00e4sa <span class=\"screen-reader-text\">Event<\/span> <span class=\"meta-nav\">&rarr;<\/span><\/a><\/p>\n","protected":false},"author":645,"featured_media":0,"parent":0,"menu_order":0,"comment_status":"closed","ping_status":"closed","template":"","meta":{"footnotes":""},"class_list":["post-1002","page","type-page","status-publish","hentry"],"_links":{"self":[{"href":"https:\/\/blogs2.abo.fi\/etnologi-folkloristik-norden\/wp-json\/wp\/v2\/pages\/1002","targetHints":{"allow":["GET"]}}],"collection":[{"href":"https:\/\/blogs2.abo.fi\/etnologi-folkloristik-norden\/wp-json\/wp\/v2\/pages"}],"about":[{"href":"https:\/\/blogs2.abo.fi\/etnologi-folkloristik-norden\/wp-json\/wp\/v2\/types\/page"}],"author":[{"embeddable":true,"href":"https:\/\/blogs2.abo.fi\/etnologi-folkloristik-norden\/wp-json\/wp\/v2\/users\/645"}],"replies":[{"embeddable":true,"href":"https:\/\/blogs2.abo.fi\/etnologi-folkloristik-norden\/wp-json\/wp\/v2\/comments?post=1002"}],"version-history":[{"count":3,"href":"https:\/\/blogs2.abo.fi\/etnologi-folkloristik-norden\/wp-json\/wp\/v2\/pages\/1002\/revisions"}],"predecessor-version":[{"id":1005,"href":"https:\/\/blogs2.abo.fi\/etnologi-folkloristik-norden\/wp-json\/wp\/v2\/pages\/1002\/revisions\/1005"}],"wp:attachment":[{"href":"https:\/\/blogs2.abo.fi\/etnologi-folkloristik-norden\/wp-json\/wp\/v2\/media?parent=1002"}],"curies":[{"name":"wp","href":"https:\/\/api.w.org\/{rel}","templated":true}]}}