{"id":52,"date":"2018-08-31T09:13:18","date_gmt":"2018-08-31T06:13:18","guid":{"rendered":"http:\/\/blogs2.abo.fi\/esotericismandmysticism\/?page_id=52"},"modified":"2019-06-04T22:24:47","modified_gmt":"2019-06-04T19:24:47","slug":"schedule","status":"publish","type":"page","link":"https:\/\/blogs2.abo.fi\/esotericismandmysticism\/","title":{"rendered":"Programme"},"content":{"rendered":"<h3><strong>Approaching Esotericism and Mysticism: Cultural Influences<\/strong><\/h3>\n<p>A conference arranged by the <a href=\"https:\/\/www.donnerinstitute.fi\/en\/frontpage\/\"><strong><em>Donner Institute<\/em><\/strong><\/a> and <a href=\"https:\/\/uudenetsijat.com\/english\/\"><strong><em>Seekers of the New<\/em><\/strong><em> <strong>Research Project<\/strong><\/em><\/a><\/p>\n<p>5-7 June, 2019<\/p>\n<p>\u00c5bo Akademi University<\/p>\n<p>ASA-building, F\u00e4nriksgatan 3 \/ V\u00e4nrikinkatu 3<\/p>\n<p>20500 \u00c5bo \/ Turku<\/p>\n<p><a href=\"https:\/\/drive.google.com\/open?id=1ftVvP8gXpPi1iwuCk2gaaC2alF-O5baN\">Abstracts<\/a> for all the presentations.<\/p>\n<p><a href=\"http:\/\/www.abo.fi\/esomyst\">www.abo.fi\/esomyst<\/a><\/p>\n<p>The keynote lectures and paper sessions are open to all and free of charge. Welcome!<\/p>\n<p><strong>Wednesday 5.6<\/strong><\/p>\n<p>08.30\u00a0\u00a0\u00a0\u00a0\u00a0\u00a0\u00a0\u00a0\u00a0\u00a0\u00a0\u00a0\u00a0\u00a0\u00a0\u00a0\u00a0 <strong>Registration and coffee<\/strong><\/p>\n<p>09.00\u00a0\u00a0\u00a0\u00a0\u00a0\u00a0\u00a0\u00a0\u00a0\u00a0\u00a0\u00a0\u00a0\u00a0\u00a0\u00a0\u00a0 <strong>Words of Welcome<\/strong><\/p>\n<p>Director Ruth Illman, The Donner Institute<\/p>\n<p>Chancellor Ulrika Wolf-Knuts, \u00c5bo Akademi University<\/p>\n<p>09.15\u00a0\u00a0\u00a0\u00a0\u00a0\u00a0\u00a0\u00a0\u00a0\u00a0\u00a0\u00a0\u00a0\u00a0\u00a0\u00a0\u00a0 <strong>Keynote<\/strong><\/p>\n<p>Prof. Olav Hammer, Department of History, Study of Religions, University of Southern Denmark: <em>Esotericism and mysticism: two essentially contested concepts<\/em><\/p>\n<p>10.15\u00a0\u00a0\u00a0\u00a0\u00a0\u00a0\u00a0\u00a0\u00a0\u00a0\u00a0\u00a0\u00a0\u00a0\u00a0\u00a0\u00a0 <strong>Coffee<\/strong><\/p>\n<p>10.45<strong>\u00a0\u00a0\u00a0\u00a0\u00a0\u00a0\u00a0\u00a0\u00a0\u00a0\u00a0\u00a0\u00a0\u00a0\u00a0\u00a0\u00a0 Paper Session 1 <\/strong>(parallel sessions)<\/p>\n<p><strong>\u00a0 \u00a0 \u00a0 \u00a0 \u00a0 \u00a0 \u00a0 \u00a0 \u00a0 \u00a0 \u00a0 \u00a0 \u00a0 Session A\u00a0 \u00a0 \u00a0 \u00a0\u00a0<\/strong><\/p>\n<p>10.45<strong> \u00a0 \u00a0 \u00a0 \u00a0 \u00a0 \u00a0 \u00a0 <\/strong>Suvi Karila: <em>The case of spiritualism within the American Freethought\u00a0 \u00a0 \u00a0 \u00a0 \u00a0 \u00a0 \u00a0 \u00a0 \u00a0 \u00a0 \u00a0 \u00a0 \u00a0 \u00a0 \u00a0 \u00a0 \u00a0 \u00a0 \u00a0Movement<\/em><\/p>\n<p>11.15<strong> \u00a0 \u00a0 \u00a0 \u00a0 \u00a0 \u00a0 \u00a0 <\/strong>Christa Shusko: <em>Eleanor Kirk\u2019s entrepreneurial esotericism<\/em><\/p>\n<p>11.45<strong> \u00a0 \u00a0 \u00a0 \u00a0 \u00a0 \u00a0 \u00a0 <\/strong>Matti Rautaniemi: <em>Theosophical roots of yoga in Finland<\/em><\/p>\n<p><strong>\u00a0 \u00a0 \u00a0 \u00a0 \u00a0 \u00a0 \u00a0 \u00a0 \u00a0 \u00a0 \u00a0 \u00a0 \u00a0 Session B<\/strong><\/p>\n<p>10.45<strong> \u00a0 \u00a0 \u00a0 \u00a0 \u00a0 \u00a0 <\/strong>\u00a0 \u00a0Olli Pitk\u00e4nen &amp; Oskari Koskela: <em>Esotericism in Black Metal Music and the\u00a0 \u00a0 \u00a0 \u00a0 \u00a0 \u00a0 \u00a0 \u00a0 \u00a0 \u00a0 \u00a0 \u00a0 \u00a0 \u00a0 \u00a0 Contemporary Occult Milieu<\/em><\/p>\n<p>11.15<strong> \u00a0 \u00a0 \u00a0 \u00a0 \u00a0 \u00a0 \u00a0 <\/strong>Kimi K\u00e4rki: <em>Sounds like magick: The two soundtracks of Kenneth Anger\u2019s\u00a0 \u00a0 \u00a0 \u00a0 \u00a0 \u00a0 \u00a0 \u00a0 \u00a0 \u00a0 \u00a0 \u00a0 \u00a0 \u00a0 \u00a0 \u00a0film Lucifer Rising <\/em><\/p>\n<p>11.45<strong> \u00a0 \u00a0 \u00a0 \u00a0 \u00a0 \u00a0 \u00a0 <\/strong>Tilman Hannemann: <em>Conceptualising magic in 1950s Germany<\/em><\/p>\n<p>12.15\u00a0\u00a0\u00a0\u00a0\u00a0\u00a0\u00a0\u00a0\u00a0\u00a0\u00a0\u00a0\u00a0\u00a0\u00a0\u00a0\u00a0 <strong>Lunch <\/strong>Caf\u00e9 F\u00e4nriken, ASA-building, F\u00e4nriksgatan 3\/V\u00e4nrikinkatu 3<\/p>\n<p><strong>13.15\u00a0 \u00a0 \u00a0 \u00a0 \u00a0 \u00a0 \u00a0 \u00a0 \u00a0Paper session 2 <\/strong>(parallel sessions)<\/p>\n<p><strong>\u00a0 \u00a0 \u00a0 \u00a0 \u00a0 \u00a0 \u00a0 \u00a0 \u00a0 \u00a0 \u00a0 \u00a0 \u00a0 \u00a0Session C<\/strong><\/p>\n<p>13.15<strong>\u00a0\u00a0\u00a0\u00a0\u00a0\u00a0\u00a0\u00a0\u00a0\u00a0\u00a0\u00a0\u00a0\u00a0\u00a0\u00a0\u00a0 <\/strong>Carles Magriny\u00e0: <em>The cave as a visionary space in esotericism, mysticism\u00a0 \u00a0 \u00a0 \u00a0 \u00a0 \u00a0 \u00a0 \u00a0 \u00a0 \u00a0 \u00a0 \u00a0 \u00a0 \u00a0 \u00a0 and Cervantes\u2019s Don Quixote <\/em><\/p>\n<p>13.45<strong>\u00a0\u00a0\u00a0\u00a0\u00a0\u00a0\u00a0\u00a0\u00a0\u00a0\u00a0\u00a0\u00a0\u00a0\u00a0\u00a0\u00a0 <\/strong>Eeva Kallio: <em>Wisdom and spirituality as advanced levels of human\u00a0 \u00a0 \u00a0 \u00a0 \u00a0 \u00a0 \u00a0 \u00a0 \u00a0 \u00a0 \u00a0 \u00a0 \u00a0 \u00a0 \u00a0 \u00a0 \u00a0 \u00a0 \u00a0 \u00a0 \u00a0 \u00a0psychological developmen<\/em>t: <em>reflecting latest research<\/em><\/p>\n<p>14.15<strong>\u00a0\u00a0\u00a0\u00a0\u00a0\u00a0\u00a0\u00a0\u00a0\u00a0\u00a0\u00a0\u00a0\u00a0\u00a0\u00a0\u00a0 <\/strong>Tiina Mahlam\u00e4ki: <em>The interpretation of Emanuel Swedenborg\u2019s image of\u00a0 \u00a0 \u00a0 \u00a0 \u00a0 \u00a0 \u00a0 \u00a0 \u00a0 \u00a0 \u00a0 \u00a0 \u00a0 \u00a0 \u00a0 \u00a0 after life in Laura Lindstedt\u2019s Oneiron<\/em><\/p>\n<p><strong>\u00a0 \u00a0 \u00a0 \u00a0 \u00a0 \u00a0 \u00a0 \u00a0 \u00a0 \u00a0 \u00a0 \u00a0 \u00a0 \u00a0Session D<\/strong><\/p>\n<p>13.15<strong> \u00a0\u00a0\u00a0\u00a0\u00a0\u00a0\u00a0\u00a0\u00a0\u00a0\u00a0\u00a0\u00a0\u00a0\u00a0 <\/strong>Abby R. Eron: <em>A Clairvoyant Pictorialism: Gertrude K\u00e4sebier\u2019s\u00a0 \u00a0 \u00a0 \u00a0 \u00a0 \u00a0 \u00a0 \u00a0 \u00a0 \u00a0 \u00a0 \u00a0 \u00a0 \u00a0 \u00a0 \u00a0 \u00a0 \u00a0 \u00a0 \u00a0 \u00a0 \u00a0 \u00a0 \u00a0 \u00a0Photography<\/em><\/p>\n<p>13.45\u00a0\u00a0\u00a0\u00a0\u00a0\u00a0\u00a0\u00a0\u00a0\u00a0\u00a0\u00a0\u00a0\u00a0\u00a0\u00a0\u00a0 Nina Kokkinen: <em>The eyes of my soul have opened: Clairvoyance in Akseli\u00a0 \u00a0 \u00a0 \u00a0 \u00a0 \u00a0 \u00a0 \u00a0 \u00a0 \u00a0 \u00a0 \u00a0 \u00a0 \u00a0 \u00a0 \u00a0 Gallen-Kallela\u2019s art<\/em><\/p>\n<p>14.15\u00a0\u00a0\u00a0\u00a0\u00a0\u00a0\u00a0\u00a0\u00a0\u00a0\u00a0\u00a0\u00a0\u00a0\u00a0\u00a0\u00a0 Tonje Haugland S\u00f6rensen: <em>Far north in the woods \u2013 the mysticism and\u00a0 \u00a0 \u00a0 \u00a0 \u00a0 \u00a0 \u00a0 \u00a0 \u00a0 \u00a0 \u00a0 \u00a0 \u00a0 \u00a0 \u00a0 \u00a0 \u00a0 \u00a0spirituality in the works of Theodor Kittelsen<\/em><\/p>\n<p>14.45<strong>\u00a0\u00a0\u00a0\u00a0\u00a0\u00a0\u00a0\u00a0\u00a0\u00a0\u00a0\u00a0\u00a0\u00a0\u00a0\u00a0\u00a0 Coffee<\/strong><\/p>\n<p>15.00<strong>\u00a0\u00a0\u00a0\u00a0\u00a0\u00a0\u00a0\u00a0\u00a0\u00a0\u00a0\u00a0\u00a0\u00a0\u00a0\u00a0\u00a0 Keynote<\/strong><\/p>\n<p><strong>\u00a0 \u00a0 \u00a0 \u00a0 \u00a0 \u00a0 \u00a0 \u00a0 \u00a0 \u00a0 \u00a0 \u00a0 \u00a0 \u00a0 <\/strong>Dr. Per Faxneld, History of Religions, Stockholm University, Sweden<\/p>\n<p><em>\u00a0 \u00a0 \u00a0 \u00a0 \u00a0 \u00a0 \u00a0 \u00a0 \u00a0 \u00a0 \u00a0 \u00a0 \u00a0 \u00a0 \u00a0The death of the author and the birth of the Luciferian reader: Ur-\u00a0 \u00a0 \u00a0 \u00a0 \u00a0 \u00a0 \u00a0 \u00a0 \u00a0 \u00a0 \u00a0 \u00a0 \u00a0 \u00a0 \u00a0 \u00a0 \u00a0 \u00a0 \u00a0 \u00a0 \u00a0 \u00a0images, postmodernity and semiotic self-apotheosis<\/em><\/p>\n<p>18.00-20.00\u00a0\u00a0\u00a0\u00a0\u00a0 <strong>Reception at the <\/strong><a href=\"http:\/\/www.donnerinstitute.fi\/en\"><strong>Donner Institute<\/strong><\/a><strong>, <\/strong>Biskopsgatan 13 \/ Piispankatu 13<\/p>\n<p><em>\u00a0 \u00a0 \u00a0 \u00a0 \u00a0 \u00a0 \u00a0 \u00a0 \u00a0 \u00a0 \u00a0 \u00a0 \u00a0 \u00a0 <a href=\"https:\/\/uudenetsijat.com\/category\/blogi\/\">Spiritism Amusante<\/a>.\u00a0<\/em> Performance: Pauliina R\u00e4s\u00e4nen<\/p>\n<p>20.00-\u00a0 \u00a0 \u00a0 \u00a0 \u00a0 \u00a0 \u00a0 <a href=\"https:\/\/esotericturku.wordpress.com\/\">Dramatized and guided tour<\/a> to esoteric and occult Turku enacted by\u00a0 \u00a0 \u00a0 \u00a0 \u00a0 \u00a0 \u00a0 \u00a0 \u00a0 \u00a0 \u00a0 \u00a0 \u00a0 \u00a0 \u00a0 \u00a0 \u00a0 \u00a0 \u00a0 \u00a0 \u00a0students at the University of Turku<\/p>\n<p>&nbsp;<\/p>\n<p><strong>Thursday 6.6<\/strong><\/p>\n<p>09.00<strong>\u00a0\u00a0\u00a0\u00a0\u00a0\u00a0\u00a0\u00a0\u00a0\u00a0\u00a0\u00a0\u00a0\u00a0\u00a0\u00a0\u00a0 Keynote<\/strong><\/p>\n<p><strong>\u00a0\u00a0\u00a0\u00a0\u00a0\u00a0\u00a0\u00a0\u00a0\u00a0\u00a0\u00a0\u00a0\u00a0\u00a0\u00a0\u00a0\u00a0\u00a0\u00a0\u00a0\u00a0\u00a0\u00a0\u00a0\u00a0\u00a0\u00a0 <\/strong>Prof. Christine Ferguson, English Literature, University of Stirling, UK<\/p>\n<p><em>\u00a0 \u00a0 \u00a0 \u00a0 \u00a0 \u00a0 \u00a0 \u00a0 \u00a0 \u00a0 \u00a0 \u00a0 \u00a0 \u00a0 \u00a0 \u00a0Journoccultism: Newspaper scrying from Machen to Fort <\/em><\/p>\n<p>10.00\u00a0\u00a0\u00a0\u00a0\u00a0\u00a0\u00a0\u00a0\u00a0\u00a0\u00a0\u00a0\u00a0\u00a0\u00a0\u00a0\u00a0 <strong>Coffee<\/strong><\/p>\n<p>10.30<strong>\u00a0\u00a0\u00a0\u00a0\u00a0\u00a0\u00a0\u00a0\u00a0\u00a0\u00a0\u00a0\u00a0\u00a0\u00a0\u00a0\u00a0 Paper session 3 <\/strong>(parallel sessions)<\/p>\n<p><strong>\u00a0 \u00a0 \u00a0 \u00a0 \u00a0 \u00a0 \u00a0 \u00a0 \u00a0 \u00a0 \u00a0 \u00a0 \u00a0 \u00a0 Session E<\/strong><\/p>\n<p>10.30<strong>\u00a0\u00a0\u00a0\u00a0\u00a0\u00a0\u00a0\u00a0\u00a0\u00a0\u00a0\u00a0\u00a0\u00a0\u00a0\u00a0\u00a0 <\/strong>Michelle Foot: <em>The visual culture of Christian-Spiritualism in Scotland<\/em><\/p>\n<p>11.00<strong>\u00a0\u00a0\u00a0\u00a0\u00a0\u00a0\u00a0\u00a0\u00a0\u00a0\u00a0\u00a0\u00a0\u00a0\u00a0\u00a0\u00a0 <\/strong>Marja Lahelma: <em>Artists as producers and mediators of esoteric knowledge <\/em><\/p>\n<p>11.30\u00a0\u00a0\u00a0\u00a0\u00a0\u00a0\u00a0\u00a0\u00a0\u00a0\u00a0\u00a0\u00a0\u00a0\u00a0\u00a0\u00a0 Raymond Radford: <em>UrbEX and new maps of meaning: Psychogeography\u00a0 \u00a0 \u00a0 \u00a0 \u00a0 \u00a0 \u00a0 \u00a0 \u00a0 \u00a0 \u00a0 \u00a0 \u00a0 \u00a0 \u00a0 \u00a0 as an innovative methodology for understanding new sacred space<\/em><\/p>\n<p><strong>\u00a0\u00a0\u00a0\u00a0\u00a0\u00a0\u00a0\u00a0\u00a0\u00a0\u00a0\u00a0\u00a0\u00a0\u00a0\u00a0\u00a0\u00a0\u00a0\u00a0\u00a0\u00a0\u00a0\u00a0\u00a0\u00a0 <\/strong><strong>Session F<\/strong><\/p>\n<p>10.30<strong>\u00a0\u00a0\u00a0\u00a0\u00a0\u00a0\u00a0\u00a0\u00a0\u00a0\u00a0\u00a0\u00a0\u00a0\u00a0\u00a0\u00a0 <\/strong>Jasmine Westerlund: <em>Olly Donner, the artistic life of an Anthroposophist<\/em><\/p>\n<p>11.00\u00a0 \u00a0 \u00a0 \u00a0 \u00a0 \u00a0 \u00a0 \u00a0 \u00a0 \u00a0 Billy Gray: <em>Western Sufism, Rumi and teacher-disciple relationship in\u00a0 \u00a0 \u00a0 \u00a0 \u00a0 \u00a0 \u00a0 \u00a0 \u00a0 \u00a0 \u00a0 \u00a0 \u00a0 \u00a0 \u00a0 \u00a0 \u00a0 \u00a0 \u00a0 Elif Shafak&#8217;s <\/em>The Forthy Rules of Love<\/p>\n<p>11.30<strong>\u00a0\u00a0\u00a0\u00a0\u00a0\u00a0\u00a0\u00a0\u00a0\u00a0\u00a0\u00a0\u00a0\u00a0\u00a0\u00a0\u00a0 <\/strong>Giuliano D\u2019Amico: <em>Henrik Ibsen\u2019s The Fantasy of Peer Gynt. Drama and\u00a0 \u00a0 \u00a0 \u00a0 \u00a0 \u00a0 \u00a0 \u00a0 \u00a0 \u00a0 \u00a0 \u00a0 \u00a0 \u00a0 \u00a0 \u00a0 \u00a0Theosophy in Britain <\/em><\/p>\n<p>12.00<strong>\u00a0\u00a0\u00a0\u00a0\u00a0\u00a0\u00a0\u00a0\u00a0\u00a0\u00a0\u00a0\u00a0\u00a0\u00a0\u00a0\u00a0 Lunch<\/strong><\/p>\n<p>13.00<strong> \u00a0\u00a0\u00a0\u00a0\u00a0\u00a0\u00a0\u00a0\u00a0\u00a0\u00a0\u00a0\u00a0\u00a0\u00a0\u00a0 Paper session 4 <\/strong>(parallel sessions)<\/p>\n<p><strong>\u00a0 \u00a0 \u00a0 \u00a0 \u00a0 \u00a0 \u00a0 \u00a0 \u00a0 \u00a0 \u00a0 \u00a0 \u00a0 \u00a0 Session G<\/strong><\/p>\n<p>13.00<strong> \u00a0 \u00a0 \u00a0 \u00a0 \u00a0 \u00a0 \u00a0 \u00a0 <\/strong>Tommy Ramstedt : <em>Applying the methodological framework of scene in\u00a0 \u00a0 \u00a0 \u00a0 \u00a0 \u00a0 \u00a0 \u00a0 \u00a0 \u00a0 \u00a0 \u00a0 \u00a0 \u00a0 \u00a0 \u00a0 \u00a0 \u00a0the study of Western Esoteric environments and spaces\u00a0 \u00a0 \u00a0 \u00a0 \u00a0 \u00a0 \u00a0 \u00a0 \u00a0 \u00a0 \u00a0 \u00a0 \u00a0 \u00a0 \u00a0 \u00a0 \u00a0 \u00a0 \u00a0 \u00a0 \u00a0 \u00a0 \u00a0 \u00a0 \u00a0 \u00a0 \u00a0 \u00a0 \u00a0 \u00a0 \u00a0 \u00a0<\/em><\/p>\n<p>13.30<strong> \u00a0\u00a0\u00a0\u00a0\u00a0\u00a0\u00a0\u00a0\u00a0\u00a0\u00a0\u00a0\u00a0\u00a0\u00a0 <\/strong>Cristoffer Tidelius: <em>Studying paranormal (oc)culture: Previous attempts<\/em><\/p>\n<p>14.00\u00a0 \u00a0 \u00a0 \u00a0 \u00a0 \u00a0 \u00a0 \u00a0 \u00a0 Sara Duppils: <em>Happiness is not of this world &#8211; The significance of the\u00a0 \u00a0 \u00a0 \u00a0 \u00a0 \u00a0 \u00a0 \u00a0 \u00a0 \u00a0 \u00a0 \u00a0 \u00a0 \u00a0 \u00a0 \u00a0 \u00a0 \u00a0 \u00a0 \u00a0 French Spiritist branch for the Swedish spiritist movement<\/em> <em>during the\u00a0 \u00a0 \u00a0 \u00a0 \u00a0 \u00a0 \u00a0 \u00a0 \u00a0 \u00a0 \u00a0 \u00a0 \u00a0 \u00a0 \u00a0 \u00a0 \u00a0 \u00a0 19th century and the beginning of the 20th century.<\/em><\/p>\n<p><strong>\u00a0 \u00a0 \u00a0 \u00a0 \u00a0 \u00a0 \u00a0 \u00a0 \u00a0 \u00a0 \u00a0 \u00a0 \u00a0Session H<\/strong><\/p>\n<p>13.00<strong> \u00a0 \u00a0 \u00a0 \u00a0 \u00a0 \u00a0 \u00a0 \u00a0 <\/strong>Carl W. Karlson: <em>A constant critique: The appropriation of raditionalism\u00a0 \u00a0 \u00a0 \u00a0 \u00a0 \u00a0 \u00a0 \u00a0 \u00a0 \u00a0 \u00a0 \u00a0 \u00a0 \u00a0 \u00a0 \u00a0 and esoteric thought in the works of Tage Lindbom (1909\u20132001)<\/em><\/p>\n<p>13.30<strong> \u00a0 \u00a0 \u00a0 \u00a0 \u00a0 \u00a0 \u00a0 \u00a0 <\/strong>Peter Olsson: <em>Torsten Hedlund and Swedish Theosophy: Archival\u00a0 \u00a0 \u00a0 \u00a0 \u00a0 \u00a0 \u00a0 \u00a0 \u00a0 \u00a0 \u00a0 \u00a0 \u00a0 \u00a0 \u00a0 \u00a0 \u00a0 \u00a0 \u00a0 \u00a0 \u00a0 \u00a0 insights<\/em><\/p>\n<p>14.00\u00a0\u00a0\u00a0\u00a0\u00a0\u00a0\u00a0\u00a0\u00a0\u00a0\u00a0\u00a0\u00a0\u00a0\u00a0\u00a0\u00a0 Minna Hovi: <em>Memento mori, Froberger: A musician\u2019s transnational\u00a0 \u00a0 \u00a0 \u00a0 \u00a0 \u00a0 \u00a0 \u00a0 \u00a0 \u00a0 \u00a0 \u00a0 \u00a0 \u00a0 \u00a0 \u00a0 \u00a0 \u00a0 \u00a0 \u00a0 network and the immorality of the soul\u00a0\u00a0\u00a0\u00a0\u00a0\u00a0\u00a0\u00a0\u00a0\u00a0\u00a0\u00a0\u00a0\u00a0\u00a0\u00a0\u00a0\u00a0\u00a0\u00a0 <\/em><\/p>\n<p>14.30\u00a0\u00a0\u00a0\u00a0\u00a0\u00a0\u00a0\u00a0\u00a0\u00a0\u00a0\u00a0\u00a0\u00a0\u00a0\u00a0\u00a0 <strong>Coffee<\/strong><\/p>\n<p>15.30-23.00\u00a0\u00a0\u00a0\u00a0\u00a0 <strong>Excursion<\/strong><\/p>\n<p>15.30 The excursion bus starts 15.30 in front of the conference site<\/p>\n<p>17.30 Arrival at the Gallen-Kallela Museum, Espoo<\/p>\n<p>18.00 An introduction to the exhibition \u201cFinnish Art and Clairvoyance\u201d, by curator Nina Kokkinen<\/p>\n<p>19.00 Conference Dinner at Tarvasp\u00e4\u00e4 CafeZoceria<\/p>\n<p>21.00 Bus departs from the Gallen-Kallela Museum, arrive in Turku\/\u00c5bo at 23.00<\/p>\n<p><strong>\u00a0<\/strong><\/p>\n<p><strong>Friday 7.6<\/strong><\/p>\n<p>10.00\u00a0\u00a0\u00a0\u00a0\u00a0\u00a0\u00a0\u00a0\u00a0\u00a0\u00a0\u00a0\u00a0\u00a0\u00a0\u00a0\u00a0 <strong>Paper session 5 <\/strong>(parallel sessions)<\/p>\n<p><strong>\u00a0\u00a0\u00a0\u00a0\u00a0\u00a0\u00a0\u00a0\u00a0\u00a0\u00a0\u00a0\u00a0\u00a0\u00a0\u00a0\u00a0\u00a0\u00a0\u00a0\u00a0\u00a0\u00a0\u00a0\u00a0\u00a0\u00a0\u00a0 Session I<\/strong><\/p>\n<p>10.00\u00a0\u00a0\u00a0\u00a0\u00a0\u00a0\u00a0\u00a0\u00a0\u00a0\u00a0\u00a0\u00a0\u00a0\u00a0\u00a0\u00a0 Carole M. Cusack: <em>Gurdjieff and the angry young men: Colin Wilson,\u00a0 \u00a0 \u00a0 \u00a0 \u00a0 \u00a0 \u00a0 \u00a0 \u00a0 \u00a0 \u00a0 \u00a0 \u00a0 \u00a0 \u00a0 \u00a0 \u00a0 \u00a0 \u00a0 \u00a0Stuart Holroyd, and waking up in 1950s Britain<\/em><\/p>\n<p>10.30\u00a0\u00a0\u00a0\u00a0\u00a0\u00a0\u00a0\u00a0\u00a0\u00a0\u00a0\u00a0\u00a0\u00a0\u00a0\u00a0\u00a0 Hippo Taatila: <em>George Ivanovich Gurdjieff<\/em><\/p>\n<p>11.00\u00a0\u00a0\u00a0\u00a0\u00a0\u00a0\u00a0\u00a0\u00a0\u00a0\u00a0\u00a0\u00a0\u00a0\u00a0\u00a0\u00a0 Karen Swartz: <em>Behind every successful man (there is at least one\u00a0 \u00a0 \u00a0 \u00a0 \u00a0 \u00a0 \u00a0 \u00a0 \u00a0 \u00a0 \u00a0 \u00a0 \u00a0 \u00a0 \u00a0 \u00a0 \u00a0 \u00a0 \u00a0 \u00a0 \u00a0 \u00a0 \u00a0 \u00a0 exhausted woman): Rudolf Steiner\u2019s silent and silenced partners<\/em><\/p>\n<p><strong>\u00a0 \u00a0 \u00a0 \u00a0 \u00a0 \u00a0 \u00a0 \u00a0 \u00a0 \u00a0 \u00a0 \u00a0 \u00a0 \u00a0Session J<\/strong><\/p>\n<p>10.00\u00a0\u00a0\u00a0\u00a0\u00a0\u00a0\u00a0\u00a0\u00a0\u00a0\u00a0\u00a0\u00a0\u00a0\u00a0\u00a0\u00a0 Erik A. W. \u00d6stling: <em>Millen Cooke and the \u201cSon of the Sun\u201d<\/em><\/p>\n<p>10.30\u00a0\u00a0\u00a0\u00a0\u00a0\u00a0\u00a0\u00a0\u00a0\u00a0\u00a0\u00a0\u00a0\u00a0\u00a0\u00a0\u00a0 Linda Annunen: <em>Spatial enchantment in contemporary spirituality:\u00a0 \u00a0 \u00a0 \u00a0 \u00a0 \u00a0 \u00a0 \u00a0 \u00a0 \u00a0 \u00a0 \u00a0 \u00a0 \u00a0 \u00a0 \u00a0 \u00a0 \u00a0 \u00a0 \u00a0 Constructing mystical places through shamanistic and African drumming<\/em><\/p>\n<p>11.00\u00a0\u00a0\u00a0\u00a0\u00a0\u00a0\u00a0\u00a0\u00a0\u00a0\u00a0\u00a0\u00a0\u00a0\u00a0\u00a0\u00a0 Pekka Pitk\u00e4l\u00e4: <em>Sigurd Wettenhovi-Aspa, August Strindberg and the\u00a0 \u00a0 \u00a0 \u00a0 \u00a0 \u00a0 \u00a0 \u00a0 \u00a0 \u00a0 \u00a0 \u00a0 \u00a0 \u00a0 \u00a0 \u00a0 \u00a0 \u00a0 \u00a0 \u00a0 \u00a0 common origins of the languages of mankind<\/em><\/p>\n<p>11.30\u00a0\u00a0\u00a0\u00a0\u00a0\u00a0\u00a0\u00a0\u00a0\u00a0\u00a0\u00a0\u00a0\u00a0\u00a0\u00a0\u00a0 <strong>Lunch\u00a0<\/strong><\/p>\n<p>12.30\u00a0\u00a0\u00a0\u00a0\u00a0\u00a0\u00a0\u00a0\u00a0\u00a0\u00a0\u00a0\u00a0\u00a0\u00a0\u00a0\u00a0 <strong>Paper session 6 <\/strong>(parallel sessions)<\/p>\n<p><strong>\u00a0 \u00a0 \u00a0 \u00a0 \u00a0 \u00a0 \u00a0 \u00a0 \u00a0 \u00a0 \u00a0 \u00a0 \u00a0 \u00a0Session K<\/strong><\/p>\n<p>12.30\u00a0\u00a0\u00a0\u00a0\u00a0\u00a0\u00a0\u00a0\u00a0\u00a0\u00a0\u00a0\u00a0\u00a0\u00a0\u00a0\u00a0 Peter S\u00f6derg\u00e5rd<em>: The process of having the mind of God. A semiotic\u00a0 \u00a0 \u00a0 \u00a0 \u00a0 \u00a0 \u00a0 \u00a0 \u00a0 \u00a0 \u00a0 \u00a0 \u00a0 \u00a0 \u00a0 \u00a0 \u00a0 \u00a0 \u00a0 \u00a0 \u00a0 analysis of the iconisation of imagination in Corpus Hermeticum XI<\/em><\/p>\n<p>13.00\u00a0\u00a0\u00a0\u00a0\u00a0\u00a0\u00a0\u00a0\u00a0\u00a0\u00a0\u00a0\u00a0\u00a0\u00a0\u00a0\u00a0 Susanna \u00c5kerman: <em>Emanuel Swedenborg\u2019s Clavis Hieroglyphica<\/em><\/p>\n<p>13.30\u00a0 \u00a0 \u00a0 \u00a0 \u00a0 \u00a0 \u00a0 \u00a0 \u00a0 \u00a0Carrie Sealine: <em>Genealogy of a neo-Pagan ritual<\/em><\/p>\n<p><strong>\u00a0 \u00a0 \u00a0 \u00a0 \u00a0 \u00a0 \u00a0 \u00a0 \u00a0 \u00a0 \u00a0 \u00a0 \u00a0 <\/strong><em>\u00a0\u00a0<\/em><strong>Session L<\/strong><\/p>\n<p>12.30\u00a0\u00a0\u00a0\u00a0\u00a0\u00a0\u00a0\u00a0\u00a0\u00a0\u00a0\u00a0\u00a0\u00a0\u00a0\u00a0\u00a0 Juuso J\u00e4rvenp\u00e4\u00e4: <em>Friends of foes? The difficult relationship of\u00a0 \u00a0 \u00a0 \u00a0 \u00a0 \u00a0 \u00a0 \u00a0 \u00a0 \u00a0 \u00a0 \u00a0 \u00a0 \u00a0 \u00a0 \u00a0 \u00a0 \u00a0 \u00a0 \u00a0 \u00a0 \u00a0 \u00a0 \u00a0 \u00a0 \u00a0 Spiritualism and Theosophy in the early 20<sup>th<\/sup> century Finland<\/em><\/p>\n<p>13.00\u00a0\u00a0\u00a0\u00a0\u00a0\u00a0\u00a0\u00a0\u00a0\u00a0\u00a0\u00a0\u00a0\u00a0\u00a0\u00a0\u00a0 Kaarina Koski: <em>Esoteric journals and folk belief tradition in early 20th\u00a0 \u00a0 \u00a0 \u00a0 \u00a0 \u00a0 \u00a0 \u00a0 \u00a0 \u00a0 \u00a0 \u00a0 \u00a0 \u00a0 \u00a0 \u00a0 \u00a0 \u00a0 century Finland<\/em><\/p>\n<p>13.30\u00a0\u00a0\u00a0\u00a0\u00a0\u00a0\u00a0\u00a0\u00a0\u00a0\u00a0\u00a0\u00a0\u00a0\u00a0\u00a0\u00a0 Tora Wall: <em>Elves, trolls and dragons: Supernatural beings as\u00a0 \u00a0 \u00a0 \u00a0 \u00a0 \u00a0 \u00a0 \u00a0 \u00a0 \u00a0 \u00a0 \u00a0 \u00a0 \u00a0 \u00a0 \u00a0 \u00a0 \u00a0 \u00a0 \u00a0 \u00a0 \u00a0 \u00a0 \u00a0 \u00a0 \u00a0 \u00a0 personifications of nature in Swedish tourism<\/em><\/p>\n<p>14.00\u00a0\u00a0\u00a0\u00a0\u00a0\u00a0\u00a0\u00a0\u00a0\u00a0\u00a0\u00a0\u00a0\u00a0\u00a0\u00a0\u00a0 <strong>Coffee<\/strong><\/p>\n<p>14.30<strong>\u00a0\u00a0\u00a0\u00a0\u00a0\u00a0\u00a0\u00a0\u00a0\u00a0\u00a0\u00a0\u00a0\u00a0\u00a0\u00a0\u00a0 Keynote<\/strong><\/p>\n<p>Dr. Maarit Leskel\u00e4-K\u00e4rki, Department of Cultural History,\u00a0 \u00a0 \u00a0 \u00a0 \u00a0 \u00a0 \u00a0 \u00a0 \u00a0 \u00a0 \u00a0 \u00a0 \u00a0 \u00a0 \u00a0 \u00a0 \u00a0 \u00a0 \u00a0 \u00a0 \u00a0 \u00a0 \u00a0 \u00a0 \u00a0 \u00a0 \u00a0 \u00a0 \u00a0 \u00a0University of Turku, Finland: <em>Ethics and esotericism<\/em><\/p>\n<p>15.30\u00a0 \u00a0 \u00a0 \u00a0 \u00a0 \u00a0 \u00a0 \u00a0 Closing panel: keynote lecturers Per Faxneld, Christine Ferguson, Olav\u00a0 \u00a0 \u00a0 \u00a0 \u00a0 \u00a0 \u00a0 \u00a0 \u00a0 \u00a0 \u00a0 \u00a0 \u00a0 \u00a0 \u00a0 \u00a0 \u00a0 \u00a0 \u00a0Hammer &amp; Maarit Leskel\u00e4-K\u00e4rki, Director of the Donner Institute, Ruth\u00a0 \u00a0 \u00a0 \u00a0 \u00a0 \u00a0 \u00a0 \u00a0 \u00a0 \u00a0 \u00a0 \u00a0 \u00a0 \u00a0 \u00a0 \u00a0 \u00a0Illman (convener)<\/p>\n<p>16.00\u00a0 \u00a0 \u00a0 \u00a0 \u00a0 \u00a0 \u00a0 \u00a0 \u00a0 Sparkling music and farewell provided by Seekers of the New Research\u00a0 \u00a0 \u00a0 \u00a0 \u00a0 \u00a0 \u00a0 \u00a0 \u00a0 \u00a0 \u00a0 \u00a0 \u00a0 \u00a0 \u00a0 \u00a0 \u00a0 \u00a0 Project<\/p>\n","protected":false},"excerpt":{"rendered":"<p>Approaching Esotericism and Mysticism: Cultural Influences A conference arranged by the Donner Institute and Seekers of the New Research Project 5-7 June, 2019 \u00c5bo Akademi University ASA-building, F\u00e4nriksgatan 3 \/ V\u00e4nrikinkatu 3 20500 \u00c5bo \/ Turku Abstracts for all the &hellip; <a href=\"https:\/\/blogs2.abo.fi\/esotericismandmysticism\/\">Continue reading <span class=\"meta-nav\">&rarr;<\/span><\/a><\/p>\n","protected":false},"author":305,"featured_media":0,"parent":0,"menu_order":6,"comment_status":"closed","ping_status":"closed","template":"","meta":{"footnotes":""},"class_list":["post-52","page","type-page","status-publish","hentry"],"_links":{"self":[{"href":"https:\/\/blogs2.abo.fi\/esotericismandmysticism\/wp-json\/wp\/v2\/pages\/52","targetHints":{"allow":["GET"]}}],"collection":[{"href":"https:\/\/blogs2.abo.fi\/esotericismandmysticism\/wp-json\/wp\/v2\/pages"}],"about":[{"href":"https:\/\/blogs2.abo.fi\/esotericismandmysticism\/wp-json\/wp\/v2\/types\/page"}],"author":[{"embeddable":true,"href":"https:\/\/blogs2.abo.fi\/esotericismandmysticism\/wp-json\/wp\/v2\/users\/305"}],"replies":[{"embeddable":true,"href":"https:\/\/blogs2.abo.fi\/esotericismandmysticism\/wp-json\/wp\/v2\/comments?post=52"}],"version-history":[{"count":33,"href":"https:\/\/blogs2.abo.fi\/esotericismandmysticism\/wp-json\/wp\/v2\/pages\/52\/revisions"}],"predecessor-version":[{"id":263,"href":"https:\/\/blogs2.abo.fi\/esotericismandmysticism\/wp-json\/wp\/v2\/pages\/52\/revisions\/263"}],"wp:attachment":[{"href":"https:\/\/blogs2.abo.fi\/esotericismandmysticism\/wp-json\/wp\/v2\/media?parent=52"}],"curies":[{"name":"wp","href":"https:\/\/api.w.org\/{rel}","templated":true}]}}