{"id":99,"date":"2018-05-02T17:32:58","date_gmt":"2018-05-02T15:32:58","guid":{"rendered":"http:\/\/blogs2.abo.fi\/eklasstandem\/?page_id=99"},"modified":"2018-06-04T16:26:29","modified_gmt":"2018-06-04T14:26:29","slug":"keskustelu-kuvista-suomalaisia-kaytto-ja-designesineita-seka-klassikkovaatteita","status":"publish","type":"page","link":"https:\/\/blogs2.abo.fi\/eklasstandem\/keskustelu-kuvista-suomalaisia-kaytto-ja-designesineita-seka-klassikkovaatteita\/","title":{"rendered":"Keskustelu kuvista: Suomalaisia k\u00e4ytt\u00f6- ja designesineit\u00e4 sek\u00e4 klassikkovaatteita"},"content":{"rendered":"<p>I den h\u00e4r uppgiften \u00f6vas spr\u00e5ket samtidigt som man f\u00e5r insikt i den finska kulturen och man f\u00f6r en diskussion om f\u00f6rem\u00e5l som finns i m\u00e5nga hem. En del av f\u00f6rem\u00e5len anv\u00e4nds kanske dagligen, andra kanske v\u00e4cker trevliga minnen. En del kan f\u00f6rst\u00e5s vara ok\u00e4nda och d\u00e5 f\u00e5r man k\u00e4nnedom om dem.<\/p>\n<p>Uppgiften kan \u00e4nnu vidareutvecklas till att man inkluderar designer\/f\u00f6retag och att eleverna tillsammans g\u00f6r en presentation av dessa \u2013 antingen som en skrivuppgift eller en video\/powerpointpresentation e.d. med ljud och bild. Exempeluppgiften hittar du <a href=\"http:\/\/blogs2.abo.fi\/eklasstandem\/wp-content\/uploads\/sites\/91\/2018\/05\/Keskustelu-kuvista-Suomalaisia-k\u00e4ytt\u00f6-ja-designesineit\u00e4-sek\u00e4-klassikkovaatteita.pdf\" target=\"_blank\" rel=\"noopener\"><u>h\u00e4<\/u><u>r<\/u><\/a>.<\/p>\n<p><iframe loading=\"lazy\" title=\"Suomalaisia ka\u0308ytto\u0308  ja designesineita\u0308\" width=\"640\" height=\"360\" src=\"https:\/\/www.youtube.com\/embed\/Cu3_h_AIXfE?feature=oembed\" frameborder=\"0\" allow=\"accelerometer; autoplay; clipboard-write; encrypted-media; gyroscope; picture-in-picture; web-share\" referrerpolicy=\"strict-origin-when-cross-origin\" allowfullscreen><\/iframe><\/p>\n<p><a href=\"http:\/\/blogs2.abo.fi\/eklasstandem\/dialogit-ja-keskustelutehtavat\/\"><em>Tillbaka<\/em><\/a><\/p>\n","protected":false},"excerpt":{"rendered":"<p>I den h\u00e4r uppgiften \u00f6vas spr\u00e5ket samtidigt som man f\u00e5r insikt i den finska kulturen och man f\u00f6r en diskussion om f\u00f6rem\u00e5l som finns i m\u00e5nga hem. En del av f\u00f6rem\u00e5len anv\u00e4nds kanske dagligen, andra kanske v\u00e4cker trevliga minnen. En &hellip; <a href=\"https:\/\/blogs2.abo.fi\/eklasstandem\/keskustelu-kuvista-suomalaisia-kaytto-ja-designesineita-seka-klassikkovaatteita\/\">Forts\u00e4tt l\u00e4sa <span class=\"meta-nav\">&rarr;<\/span><\/a><\/p>\n","protected":false},"author":410,"featured_media":0,"parent":0,"menu_order":0,"comment_status":"closed","ping_status":"closed","template":"","meta":{"footnotes":""},"class_list":["post-99","page","type-page","status-publish","hentry"],"_links":{"self":[{"href":"https:\/\/blogs2.abo.fi\/eklasstandem\/wp-json\/wp\/v2\/pages\/99","targetHints":{"allow":["GET"]}}],"collection":[{"href":"https:\/\/blogs2.abo.fi\/eklasstandem\/wp-json\/wp\/v2\/pages"}],"about":[{"href":"https:\/\/blogs2.abo.fi\/eklasstandem\/wp-json\/wp\/v2\/types\/page"}],"author":[{"embeddable":true,"href":"https:\/\/blogs2.abo.fi\/eklasstandem\/wp-json\/wp\/v2\/users\/410"}],"replies":[{"embeddable":true,"href":"https:\/\/blogs2.abo.fi\/eklasstandem\/wp-json\/wp\/v2\/comments?post=99"}],"version-history":[{"count":7,"href":"https:\/\/blogs2.abo.fi\/eklasstandem\/wp-json\/wp\/v2\/pages\/99\/revisions"}],"predecessor-version":[{"id":708,"href":"https:\/\/blogs2.abo.fi\/eklasstandem\/wp-json\/wp\/v2\/pages\/99\/revisions\/708"}],"wp:attachment":[{"href":"https:\/\/blogs2.abo.fi\/eklasstandem\/wp-json\/wp\/v2\/media?parent=99"}],"curies":[{"name":"wp","href":"https:\/\/api.w.org\/{rel}","templated":true}]}}