{"id":97,"date":"2018-05-02T17:32:08","date_gmt":"2018-05-02T15:32:08","guid":{"rendered":"http:\/\/blogs2.abo.fi\/eklasstandem\/?page_id=97"},"modified":"2018-06-06T10:35:03","modified_gmt":"2018-06-06T08:35:03","slug":"uppvarmningsuppgift-hostlovsbilder","status":"publish","type":"page","link":"https:\/\/blogs2.abo.fi\/eklasstandem\/uppvarmningsuppgift-hostlovsbilder\/","title":{"rendered":"Uppv\u00e4rmningsuppgift: H\u00f6stlovsbilder"},"content":{"rendered":"<p>Eluokkatandemtunneille voi hyvin sis\u00e4llytt\u00e4\u00e4 teht\u00e4vi\u00e4, joissa k\u00e4sitell\u00e4\u00e4n ajankohtaisia asioita ja koulunk\u00e4yntiin liittyvi\u00e4 tapahtumia. Valokuvat esimerkiksi syys- tai joululoman vietosta el\u00e4v\u00f6itt\u00e4v\u00e4t keskustelua ja ovat helppo tapa aloittaa oppitunti loman j\u00e4lkeen. Vaikka omasta el\u00e4m\u00e4st\u00e4 kertominen her\u00e4tt\u00e4\u00e4 helposti keskustelua, oppilaita kannattaa muistuttaa esitt\u00e4m\u00e4\u00e4n lis\u00e4kysymyksi\u00e4 parilleen. Esimerkkiteht\u00e4v\u00e4n l\u00f6yd\u00e4t <a href=\"http:\/\/blogs2.abo.fi\/eklasstandem\/wp-content\/uploads\/sites\/91\/2018\/06\/Uppv\u00e4rmningsuppgift-H\u00f6stlovsbilder.pdf\" target=\"_blank\" rel=\"noopener\"><u>t\u00e4\u00e4lt\u00e4<\/u><\/a>.<\/p>\n<p><iframe loading=\"lazy\" title=\"Ho\u0308stlovsbilder\" width=\"640\" height=\"360\" src=\"https:\/\/www.youtube.com\/embed\/z_FxbkpIwRs?feature=oembed\" frameborder=\"0\" allow=\"accelerometer; autoplay; clipboard-write; encrypted-media; gyroscope; picture-in-picture; web-share\" referrerpolicy=\"strict-origin-when-cross-origin\" allowfullscreen><\/iframe><\/p>\n<p><a href=\"http:\/\/blogs2.abo.fi\/eklasstandem\/dialogit-ja-keskustelutehtavat\/\"><em>Takaisin<\/em><\/a><\/p>\n<p>&nbsp;<\/p>\n","protected":false},"excerpt":{"rendered":"<p>Eluokkatandemtunneille voi hyvin sis\u00e4llytt\u00e4\u00e4 teht\u00e4vi\u00e4, joissa k\u00e4sitell\u00e4\u00e4n ajankohtaisia asioita ja koulunk\u00e4yntiin liittyvi\u00e4 tapahtumia. Valokuvat esimerkiksi syys- tai joululoman vietosta el\u00e4v\u00f6itt\u00e4v\u00e4t keskustelua ja ovat helppo tapa aloittaa oppitunti loman j\u00e4lkeen. Vaikka omasta el\u00e4m\u00e4st\u00e4 kertominen her\u00e4tt\u00e4\u00e4 helposti keskustelua, oppilaita kannattaa muistuttaa esitt\u00e4m\u00e4\u00e4n &hellip; <a href=\"https:\/\/blogs2.abo.fi\/eklasstandem\/uppvarmningsuppgift-hostlovsbilder\/\">Forts\u00e4tt l\u00e4sa <span class=\"meta-nav\">&rarr;<\/span><\/a><\/p>\n","protected":false},"author":410,"featured_media":0,"parent":0,"menu_order":0,"comment_status":"closed","ping_status":"closed","template":"","meta":{"footnotes":""},"class_list":["post-97","page","type-page","status-publish","hentry"],"_links":{"self":[{"href":"https:\/\/blogs2.abo.fi\/eklasstandem\/wp-json\/wp\/v2\/pages\/97","targetHints":{"allow":["GET"]}}],"collection":[{"href":"https:\/\/blogs2.abo.fi\/eklasstandem\/wp-json\/wp\/v2\/pages"}],"about":[{"href":"https:\/\/blogs2.abo.fi\/eklasstandem\/wp-json\/wp\/v2\/types\/page"}],"author":[{"embeddable":true,"href":"https:\/\/blogs2.abo.fi\/eklasstandem\/wp-json\/wp\/v2\/users\/410"}],"replies":[{"embeddable":true,"href":"https:\/\/blogs2.abo.fi\/eklasstandem\/wp-json\/wp\/v2\/comments?post=97"}],"version-history":[{"count":11,"href":"https:\/\/blogs2.abo.fi\/eklasstandem\/wp-json\/wp\/v2\/pages\/97\/revisions"}],"predecessor-version":[{"id":857,"href":"https:\/\/blogs2.abo.fi\/eklasstandem\/wp-json\/wp\/v2\/pages\/97\/revisions\/857"}],"wp:attachment":[{"href":"https:\/\/blogs2.abo.fi\/eklasstandem\/wp-json\/wp\/v2\/media?parent=97"}],"curies":[{"name":"wp","href":"https:\/\/api.w.org\/{rel}","templated":true}]}}