{"id":9,"date":"2018-05-02T16:51:22","date_gmt":"2018-05-02T14:51:22","guid":{"rendered":"http:\/\/blogs2.abo.fi\/eklasstandem\/?page_id=9"},"modified":"2018-06-25T17:13:19","modified_gmt":"2018-06-25T15:13:19","slug":"eklasstandem-som-modell-for-sprakundervisning","status":"publish","type":"page","link":"https:\/\/blogs2.abo.fi\/eklasstandem\/","title":{"rendered":"Eklasstandem som modell f\u00f6r spr\u00e5kundervisning"},"content":{"rendered":"<p>Eklasstandem \u00e4r en modell f\u00f6r spr\u00e5kundervisning i en virtuell l\u00e4rmilj\u00f6. Den virtuella l\u00e4rmilj\u00f6n m\u00f6jligg\u00f6r interaktion och tandemtr\u00e4ffar p\u00e5 distans och g\u00f6r s\u00e5ledes tandempedagogiken tillg\u00e4nglig f\u00f6r alla skolor i Finland, \u00e4ven p\u00e5 orter d\u00e4r det inte finns en n\u00e4rliggande skola med det andra inhemska spr\u00e5ket som undervisningsspr\u00e5k. P\u00e5 detta s\u00e4tt kan \u00e4ven skolor i mer enspr\u00e5kiga delar av landet erbjuda sina elever tillg\u00e5ng till autentiska spr\u00e5kanv\u00e4ndningskontexter och m\u00f6jligheter till personliga kontakter \u00f6ver spr\u00e5kgr\u00e4nsen. Med utg\u00e5ngspunkt i l\u00e4roplansgrunderna \u00e4r m\u00e5let med eklasstandem \u00e4ven att \u00f6ka f\u00f6rst\u00e5elsen och toleransen f\u00f6r det andra inhemska spr\u00e5ket, dess anv\u00e4ndare och deras kultur och att skapa n\u00e4tverk mellan spr\u00e5kgrupperna.<\/p>\n<p><img loading=\"lazy\" decoding=\"async\" class=\" wp-image-16 alignleft\" src=\"http:\/\/blogs2.abo.fi\/eklasstandem\/wp-content\/uploads\/sites\/91\/2018\/05\/kapitelbild1_edited1-211x300.jpg\" alt=\"\" width=\"233\" height=\"331\" srcset=\"https:\/\/blogs2.abo.fi\/eklasstandem\/wp-content\/uploads\/sites\/91\/2018\/05\/kapitelbild1_edited1-211x300.jpg 211w, https:\/\/blogs2.abo.fi\/eklasstandem\/wp-content\/uploads\/sites\/91\/2018\/05\/kapitelbild1_edited1-768x1091.jpg 768w, https:\/\/blogs2.abo.fi\/eklasstandem\/wp-content\/uploads\/sites\/91\/2018\/05\/kapitelbild1_edited1-721x1024.jpg 721w\" sizes=\"auto, (max-width: 233px) 100vw, 233px\" \/><\/p>\n<p>Som slutprodukt har <a href=\"http:\/\/blogs2.abo.fi\/eklasstandem\/projektgruppen\/\" rel=\"noopener\"><u>projektgruppen<\/u><\/a>s forskare, l\u00e4rare och IKT-pedagog sammanst\u00e4llt denna webbsida d\u00e4r vi beskriver eklasstandemmodellen som utvecklats i projektet, ger praktisk handledning, beskriver fungerande klassrumspraxis samt ger exempel p\u00e5 uppgiftstyper och digitala verktyg som kan anv\u00e4ndas i eklasstandem. M\u00e5ls\u00e4ttningen med detta material \u00e4r att g\u00f6ra det enklare f\u00f6r nya tandeml\u00e4rare att pr\u00f6va p\u00e5 eklasstandem som en del av sin spr\u00e5kundervisning.<\/p>\n<p>Projektet bygger p\u00e5 erfarenheter av <a href=\"https:\/\/www.klasstandem.com\" target=\"_blank\" rel=\"noopener\"><u>Klasstandem<\/u><\/a>\u00a0och har finansierats av <a href=\"https:\/\/www.kulturfonden.fi\" target=\"_blank\" rel=\"noopener\"><u>Svenska kulturfonden<\/u><\/a>, <a href=\"http:\/\/www.vasa.abo.fi\/hogskolestiftelsen\/\" target=\"_blank\" rel=\"noopener\"><u>H\u00f6gskolestiftelsen i \u00d6sterbotten<\/u><\/a>, <a href=\"https:\/\/vasa.aktiastiftelserna.fi\/sv\/\" target=\"_blank\" rel=\"noopener\"><u>Aktiastiftelsen i Vasa<\/u><\/a> och <a href=\"https:\/\/www.hss.fi\" target=\"_blank\" rel=\"noopener\"><u>Harry Schaumans stiftelse<\/u><\/a>. Vi tackar alla bidragsgivare som har m\u00f6jliggjort detta projekt.<\/p>\n<p>&nbsp;<\/p>\n","protected":false},"excerpt":{"rendered":"<p>Eklasstandem \u00e4r en modell f\u00f6r spr\u00e5kundervisning i en virtuell l\u00e4rmilj\u00f6. Den virtuella l\u00e4rmilj\u00f6n m\u00f6jligg\u00f6r interaktion och tandemtr\u00e4ffar p\u00e5 distans och g\u00f6r s\u00e5ledes tandempedagogiken tillg\u00e4nglig f\u00f6r alla skolor i Finland, \u00e4ven p\u00e5 orter d\u00e4r det inte finns en n\u00e4rliggande skola med &hellip; <a href=\"https:\/\/blogs2.abo.fi\/eklasstandem\/\">Forts\u00e4tt l\u00e4sa <span class=\"meta-nav\">&rarr;<\/span><\/a><\/p>\n","protected":false},"author":410,"featured_media":0,"parent":0,"menu_order":0,"comment_status":"closed","ping_status":"closed","template":"","meta":{"footnotes":""},"class_list":["post-9","page","type-page","status-publish","hentry"],"_links":{"self":[{"href":"https:\/\/blogs2.abo.fi\/eklasstandem\/wp-json\/wp\/v2\/pages\/9","targetHints":{"allow":["GET"]}}],"collection":[{"href":"https:\/\/blogs2.abo.fi\/eklasstandem\/wp-json\/wp\/v2\/pages"}],"about":[{"href":"https:\/\/blogs2.abo.fi\/eklasstandem\/wp-json\/wp\/v2\/types\/page"}],"author":[{"embeddable":true,"href":"https:\/\/blogs2.abo.fi\/eklasstandem\/wp-json\/wp\/v2\/users\/410"}],"replies":[{"embeddable":true,"href":"https:\/\/blogs2.abo.fi\/eklasstandem\/wp-json\/wp\/v2\/comments?post=9"}],"version-history":[{"count":22,"href":"https:\/\/blogs2.abo.fi\/eklasstandem\/wp-json\/wp\/v2\/pages\/9\/revisions"}],"predecessor-version":[{"id":864,"href":"https:\/\/blogs2.abo.fi\/eklasstandem\/wp-json\/wp\/v2\/pages\/9\/revisions\/864"}],"wp:attachment":[{"href":"https:\/\/blogs2.abo.fi\/eklasstandem\/wp-json\/wp\/v2\/media?parent=9"}],"curies":[{"name":"wp","href":"https:\/\/api.w.org\/{rel}","templated":true}]}}