{"id":89,"date":"2018-05-02T17:27:26","date_gmt":"2018-05-02T15:27:26","guid":{"rendered":"http:\/\/blogs2.abo.fi\/eklasstandem\/?page_id=89"},"modified":"2018-06-05T13:04:36","modified_gmt":"2018-06-05T11:04:36","slug":"tehtavatyyppien-muokkaaminen","status":"publish","type":"page","link":"https:\/\/blogs2.abo.fi\/eklasstandem\/tehtavatyyppien-muokkaaminen\/","title":{"rendered":"Teht\u00e4v\u00e4tyyppien muokkaaminen"},"content":{"rendered":"<p>Monia edell\u00e4 esiteltyj\u00e4 teht\u00e4v\u00e4tyyppej\u00e4 voi melko helposti muokata eri ryhmille, jotka poikkeavat i\u00e4lt\u00e4\u00e4n tai taitotasoltaan toisistaan. Eluokkatandem soveltuu lukion lis\u00e4ksi sek\u00e4 perusopetukseen ja ammattiopistoon ett\u00e4 ammattikorkeakouluun ja yliopistoon. Esimerkkej\u00e4 muokatusta keskusteluteht\u00e4v\u00e4st\u00e4 \u201cKes\u00e4ty\u00f6\u201d sek\u00e4 esimerkkej\u00e4 muokatusta kirjoitusteht\u00e4v\u00e4st\u00e4 \u201cVykort\u201d l\u00f6yd\u00e4t alhaalla.<\/p>\n<p><a href=\"http:\/\/blogs2.abo.fi\/eklasstandem\/wp-content\/uploads\/sites\/91\/2018\/05\/Kolmannen-asteen-ruotsin-opetukseen-muokattu-versio\u2020keskusteluteht\u2030v\u2030st\u2030-Kes\u2030ty\u02c6.pdf\" target=\"_blank\" rel=\"noopener\">Korkea-asteelle muokattu versio keskusteluteht\u00e4v\u00e4st\u00e4 &#8221;Kes\u00e4ty\u00f6&#8221;<\/a>.<br \/>\n<a href=\"http:\/\/blogs2.abo.fi\/eklasstandem\/wp-content\/uploads\/sites\/91\/2018\/05\/Ala-tai-yl\u2030kouluun-muokattu-versio-keskusteluteht\u2030v\u2030st\u2030-Kes\u2030ty\u02c6.pdf\" target=\"_blank\" rel=\"noopener\">Ala- tai yl\u00e4kouluun muokattu versio keskusteluteht\u00e4v\u00e4st\u00e4 &#8221;Kes\u00e4ty\u00f6&#8221;<\/a>.<\/p>\n<p><a href=\"http:\/\/blogs2.abo.fi\/eklasstandem\/wp-content\/uploads\/sites\/91\/2018\/05\/Kolmannelle-asteelle-muokattu-versio-kirjoitusteht\u2030v\u2030st\u2030-Vykort-1.pdf\" target=\"_blank\" rel=\"noopener\">Korkea-asteelle muokattu versio kirjoitusteht\u00e4v\u00e4st\u00e4 &#8221;Vykort&#8221;<\/a>.<br \/>\n<a href=\"http:\/\/blogs2.abo.fi\/eklasstandem\/wp-content\/uploads\/sites\/91\/2018\/05\/Ala-ja-yl\u2030koulun-suomen-opetukseen-muokattu-versio-kirjoitusteht\u2030v\u2030st\u2030-Vykort-1.pdf\" target=\"_blank\" rel=\"noopener\">Ala- tai yl\u00e4kouluun muokattu versio kirjoitusteht\u00e4v\u00e4st\u00e4 &#8221;Vykort&#8221;<\/a>.<\/p>\n","protected":false},"excerpt":{"rendered":"<p>Monia edell\u00e4 esiteltyj\u00e4 teht\u00e4v\u00e4tyyppej\u00e4 voi melko helposti muokata eri ryhmille, jotka poikkeavat i\u00e4lt\u00e4\u00e4n tai taitotasoltaan toisistaan. Eluokkatandem soveltuu lukion lis\u00e4ksi sek\u00e4 perusopetukseen ja ammattiopistoon ett\u00e4 ammattikorkeakouluun ja yliopistoon. Esimerkkej\u00e4 muokatusta keskusteluteht\u00e4v\u00e4st\u00e4 \u201cKes\u00e4ty\u00f6\u201d sek\u00e4 esimerkkej\u00e4 muokatusta kirjoitusteht\u00e4v\u00e4st\u00e4 \u201cVykort\u201d l\u00f6yd\u00e4t alhaalla. Korkea-asteelle &hellip; <a href=\"https:\/\/blogs2.abo.fi\/eklasstandem\/tehtavatyyppien-muokkaaminen\/\">Forts\u00e4tt l\u00e4sa <span class=\"meta-nav\">&rarr;<\/span><\/a><\/p>\n","protected":false},"author":410,"featured_media":0,"parent":0,"menu_order":0,"comment_status":"closed","ping_status":"closed","template":"","meta":{"footnotes":""},"class_list":["post-89","page","type-page","status-publish","hentry"],"_links":{"self":[{"href":"https:\/\/blogs2.abo.fi\/eklasstandem\/wp-json\/wp\/v2\/pages\/89","targetHints":{"allow":["GET"]}}],"collection":[{"href":"https:\/\/blogs2.abo.fi\/eklasstandem\/wp-json\/wp\/v2\/pages"}],"about":[{"href":"https:\/\/blogs2.abo.fi\/eklasstandem\/wp-json\/wp\/v2\/types\/page"}],"author":[{"embeddable":true,"href":"https:\/\/blogs2.abo.fi\/eklasstandem\/wp-json\/wp\/v2\/users\/410"}],"replies":[{"embeddable":true,"href":"https:\/\/blogs2.abo.fi\/eklasstandem\/wp-json\/wp\/v2\/comments?post=89"}],"version-history":[{"count":22,"href":"https:\/\/blogs2.abo.fi\/eklasstandem\/wp-json\/wp\/v2\/pages\/89\/revisions"}],"predecessor-version":[{"id":796,"href":"https:\/\/blogs2.abo.fi\/eklasstandem\/wp-json\/wp\/v2\/pages\/89\/revisions\/796"}],"wp:attachment":[{"href":"https:\/\/blogs2.abo.fi\/eklasstandem\/wp-json\/wp\/v2\/media?parent=89"}],"curies":[{"name":"wp","href":"https:\/\/api.w.org\/{rel}","templated":true}]}}