{"id":83,"date":"2018-05-02T17:25:05","date_gmt":"2018-05-02T15:25:05","guid":{"rendered":"http:\/\/blogs2.abo.fi\/eklasstandem\/?page_id=83"},"modified":"2018-06-05T17:01:19","modified_gmt":"2018-06-05T15:01:19","slug":"sanasto-ja-rakennetehtavat","status":"publish","type":"page","link":"https:\/\/blogs2.abo.fi\/eklasstandem\/sanasto-ja-rakennetehtavat\/","title":{"rendered":"Sanasto- ja rakenneteht\u00e4v\u00e4t"},"content":{"rendered":"<p>Eluokkatandemtunneilla oppilailla on erinomainen mahdollisuus kehitt\u00e4\u00e4 taitojaan opiskelemansa kielen sanaston ja rakenteiden hallinnassa. \u00c4idinkielinen oppilas on t\u00e4rke\u00e4ss\u00e4 roolissa toimiessaan parinsa kielimallina, jolloin h\u00e4n voi usein my\u00f6s pyrki\u00e4 tarjoamaan erilaisia vaihtoehtoja k\u00e4sitelt\u00e4vien asioiden ilmaisemiseksi. Eluokkatandemtunnit tarjoavat oppilaille erinomaisen mahdollisuuden kehitt\u00e4\u00e4 kielitaitoaan niin kurssilla k\u00e4sitelt\u00e4vien aiheiden sanaston osalta kuin my\u00f6s yleisesti k\u00e4ytett\u00e4vien lauseiden, termien sek\u00e4 ilmausten osalta.<\/p>\n<p><strong><em>Fr\u00e5gesport: Norden\u00a0\u00a0\u00a0\u00a0\u00a0\u00a0\u00a0\u00a0\u00a0\u00a0\u00a0\u00a0\u00a0\u00a0\u00a0\u00a0\u00a0\u00a0\u00a0\u00a0\u00a0\u00a0\u00a0\u00a0\u00a0\u00a0\u00a0\u00a0\u00a0\u00a0\u00a0\u00a0\u00a0\u00a0\u00a0\u00a0\u00a0\u00a0\u00a0\u00a0\u00a0\u00a0\u00a0\u00a0\u00a0\u00a0\u00a0\u00a0\u00a0\u00a0\u00a0\u00a0\u00a0\u00a0\u00a0\u00a0\u00a0\u00a0\u00a0\u00a0\u00a0\u00a0\u00a0\u00a0\u00a0\u00a0\u00a0\u00a0\u00a0\u00a0\u00a0\u00a0\u00a0\u00a0\u00a0\u00a0\u00a0\u00a0\u00a0\u00a0\u00a0\u00a0\u00a0\u00a0\u00a0\u00a0\u00a0\u00a0\u00a0\u00a0\u00a0\u00a0\u00a0\u00a0\u00a0\u00a0\u00a0\u00a0\u00a0\u00a0\u00a0\u00a0\u00a0\u00a0\u00a0\u00a0 <\/em><\/strong>Testit ja pelit tuovat mukavaa vaihtelua eluokkatandemtunnille. Esimerkkiteht\u00e4v\u00e4n tietokilpailussa oppilaat saavat yhdess\u00e4 mietti\u00e4 kysymyksi\u00e4 ja saavat samalla tietoa Pohjoismaista&#8230;<a href=\"https:\/\/blogs2.abo.fi\/eklasstandem\/fragesport-norden\/\" rel=\"noopener\">Lue lis\u00e4\u00e4<\/a><\/p>\n<p><strong><em>Adjektiiveja: Henkil\u00f6kohtaiset ominaisuudet\u00a0\u00a0\u00a0\u00a0\u00a0\u00a0\u00a0\u00a0\u00a0\u00a0\u00a0\u00a0\u00a0\u00a0\u00a0\u00a0\u00a0\u00a0\u00a0\u00a0\u00a0\u00a0\u00a0\u00a0\u00a0\u00a0\u00a0\u00a0\u00a0\u00a0\u00a0\u00a0\u00a0\u00a0\u00a0\u00a0\u00a0\u00a0\u00a0\u00a0\u00a0\u00a0\u00a0\u00a0\u00a0\u00a0\u00a0\u00a0\u00a0\u00a0\u00a0\u00a0\u00a0\u00a0\u00a0\u00a0\u00a0\u00a0\u00a0\u00a0\u00a0\u00a0\u00a0 <\/em><\/strong>I den h\u00e4r uppgiften f\u00f6rbereder eleverna sig inf\u00f6r en arbetsintervju genom att l\u00e4ra sig ord som beskriver deras personlighet&#8230;<a href=\"https:\/\/blogs2.abo.fi\/eklasstandem\/adjektiiveja-henkilokohtaiset-ominaisuudet\/\" rel=\"noopener\">L\u00e4s mer<\/a><\/p>\n<p><strong><em>Alias: Ammatteja\u00a0\u00a0\u00a0\u00a0\u00a0\u00a0\u00a0\u00a0\u00a0\u00a0\u00a0\u00a0\u00a0\u00a0\u00a0\u00a0\u00a0\u00a0\u00a0\u00a0\u00a0\u00a0\u00a0\u00a0\u00a0\u00a0\u00a0\u00a0\u00a0\u00a0\u00a0\u00a0\u00a0\u00a0\u00a0\u00a0\u00a0\u00a0\u00a0\u00a0\u00a0\u00a0\u00a0\u00a0\u00a0\u00a0\u00a0\u00a0\u00a0\u00a0\u00a0\u00a0\u00a0\u00a0\u00a0\u00a0\u00a0\u00a0\u00a0\u00a0\u00a0\u00a0\u00a0\u00a0\u00a0\u00a0\u00a0\u00a0\u00a0\u00a0\u00a0\u00a0\u00a0\u00a0\u00a0\u00a0\u00a0\u00a0\u00a0\u00a0\u00a0\u00a0\u00a0\u00a0\u00a0\u00a0\u00a0\u00a0\u00a0\u00a0\u00a0\u00a0\u00a0\u00a0\u00a0\u00a0\u00a0\u00a0\u00a0\u00a0\u00a0\u00a0\u00a0\u00a0\u00a0\u00a0\u00a0\u00a0\u00a0\u00a0\u00a0\u00a0\u00a0 <\/em><\/strong>Alias och andra ordf\u00f6rklaringsuppgifter fungerar utm\u00e4rkt i eklasstandem eftersom eleverna d\u00e5 m\u00e5ste koncentrera sig p\u00e5 att b\u00e5de f\u00f6rklara och lyssna&#8230;<a href=\"https:\/\/blogs2.abo.fi\/eklasstandem\/alias-ammatteja\/\" rel=\"noopener\">L\u00e4s mer<\/a><\/p>\n<p><strong><em>Lukuharjoitus: P\u00e4iv\u00e4m\u00e4\u00e4r\u00e4t sek\u00e4 perus- ja j\u00e4rjestysluvut\u00a0\u00a0\u00a0\u00a0\u00a0\u00a0\u00a0\u00a0\u00a0\u00a0\u00a0\u00a0\u00a0\u00a0\u00a0\u00a0\u00a0\u00a0\u00a0\u00a0\u00a0\u00a0\u00a0\u00a0\u00a0\u00a0\u00a0\u00a0\u00a0\u00a0\u00a0\u00a0\u00a0 <\/em><\/strong>Att anv\u00e4nda och b\u00f6ja r\u00e4kneord och ordningstal korrekt p\u00e5 finska \u00e4r ofta en utmaning f\u00f6r svenskspr\u00e5kiga&#8230;<a href=\"https:\/\/blogs2.abo.fi\/eklasstandem\/lukuharjoitus-paivamaarat-seka-perus-ja-jarjestysluvut\/\" rel=\"noopener\">L\u00e4s mer<\/a><\/p>\n<p><strong><em>Verbb\u00f6jning: Har du n\u00e5gonsin\u2026 ?\u00a0\u00a0\u00a0\u00a0\u00a0\u00a0\u00a0\u00a0\u00a0\u00a0\u00a0\u00a0\u00a0\u00a0\u00a0\u00a0\u00a0\u00a0\u00a0\u00a0\u00a0\u00a0\u00a0\u00a0\u00a0\u00a0\u00a0\u00a0\u00a0\u00a0\u00a0\u00a0\u00a0\u00a0\u00a0\u00a0\u00a0\u00a0\u00a0\u00a0\u00a0\u00a0\u00a0\u00a0\u00a0\u00a0\u00a0\u00a0\u00a0\u00a0\u00a0\u00a0\u00a0\u00a0\u00a0\u00a0\u00a0\u00a0\u00a0\u00a0\u00a0\u00a0\u00a0 <\/em><\/strong>Kielioppiasioita voi harjoitella eluokkatandemtunnilla, kunhan ei edellyt\u00e4 \u00e4idinkielisen osaavan opettaa ja selitt\u00e4\u00e4 kielioppis\u00e4\u00e4nt\u00f6j\u00e4&#8230;<a href=\"https:\/\/blogs2.abo.fi\/eklasstandem\/verbbojning-har-du-nagonsin\/\" rel=\"noopener\">lue lis\u00e4\u00e4<\/a><\/p>\n<p><strong><em>K\u00e4\u00e4nt\u00e4minen ja lauseiden jatkaminen: Ajanm\u00e4\u00e4reet\u00a0\u00a0\u00a0\u00a0\u00a0\u00a0\u00a0\u00a0\u00a0\u00a0\u00a0\u00a0\u00a0\u00a0\u00a0\u00a0\u00a0\u00a0\u00a0\u00a0\u00a0\u00a0\u00a0\u00a0\u00a0\u00a0\u00a0\u00a0\u00a0\u00a0\u00a0\u00a0\u00a0\u00a0\u00a0\u00a0\u00a0\u00a0\u00a0\u00a0\u00a0\u00a0 <\/em><\/strong>Bra uppgifter \u00e4r s\u00e5dana d\u00e4r man tr\u00e4nar p\u00e5 strukturer samtidigt som de anv\u00e4nds i en kontext och eleverna f\u00e5r vidareutveckla diskussionen enligt eget intresse&#8230;<a href=\"https:\/\/blogs2.abo.fi\/eklasstandem\/kaantaminen-ja-lauseiden-jatkaminen-ajanmaareet\/\" rel=\"noopener\">L\u00e4s mer<\/a><\/p>\n","protected":false},"excerpt":{"rendered":"<p>Eluokkatandemtunneilla oppilailla on erinomainen mahdollisuus kehitt\u00e4\u00e4 taitojaan opiskelemansa kielen sanaston ja rakenteiden hallinnassa. \u00c4idinkielinen oppilas on t\u00e4rke\u00e4ss\u00e4 roolissa toimiessaan parinsa kielimallina, jolloin h\u00e4n voi usein my\u00f6s pyrki\u00e4 tarjoamaan erilaisia vaihtoehtoja k\u00e4sitelt\u00e4vien asioiden ilmaisemiseksi. Eluokkatandemtunnit tarjoavat oppilaille erinomaisen mahdollisuuden kehitt\u00e4\u00e4 kielitaitoaan &hellip; <a href=\"https:\/\/blogs2.abo.fi\/eklasstandem\/sanasto-ja-rakennetehtavat\/\">Forts\u00e4tt l\u00e4sa <span class=\"meta-nav\">&rarr;<\/span><\/a><\/p>\n","protected":false},"author":410,"featured_media":0,"parent":0,"menu_order":0,"comment_status":"closed","ping_status":"closed","template":"","meta":{"footnotes":""},"class_list":["post-83","page","type-page","status-publish","hentry"],"_links":{"self":[{"href":"https:\/\/blogs2.abo.fi\/eklasstandem\/wp-json\/wp\/v2\/pages\/83","targetHints":{"allow":["GET"]}}],"collection":[{"href":"https:\/\/blogs2.abo.fi\/eklasstandem\/wp-json\/wp\/v2\/pages"}],"about":[{"href":"https:\/\/blogs2.abo.fi\/eklasstandem\/wp-json\/wp\/v2\/types\/page"}],"author":[{"embeddable":true,"href":"https:\/\/blogs2.abo.fi\/eklasstandem\/wp-json\/wp\/v2\/users\/410"}],"replies":[{"embeddable":true,"href":"https:\/\/blogs2.abo.fi\/eklasstandem\/wp-json\/wp\/v2\/comments?post=83"}],"version-history":[{"count":15,"href":"https:\/\/blogs2.abo.fi\/eklasstandem\/wp-json\/wp\/v2\/pages\/83\/revisions"}],"predecessor-version":[{"id":844,"href":"https:\/\/blogs2.abo.fi\/eklasstandem\/wp-json\/wp\/v2\/pages\/83\/revisions\/844"}],"wp:attachment":[{"href":"https:\/\/blogs2.abo.fi\/eklasstandem\/wp-json\/wp\/v2\/media?parent=83"}],"curies":[{"name":"wp","href":"https:\/\/api.w.org\/{rel}","templated":true}]}}