{"id":64,"date":"2018-05-02T17:14:01","date_gmt":"2018-05-02T15:14:01","guid":{"rendered":"http:\/\/blogs2.abo.fi\/eklasstandem\/?page_id=64"},"modified":"2018-06-05T12:35:10","modified_gmt":"2018-06-05T10:35:10","slug":"tekniska-krav","status":"publish","type":"page","link":"https:\/\/blogs2.abo.fi\/eklasstandem\/tekniska-krav\/","title":{"rendered":"Tekniska krav"},"content":{"rendered":"<p>F\u00f6r att komma ig\u00e5ng med eklasstandem beh\u00f6ver man egentligen ingen annan teknisk utrustning \u00e4n <span style=\"color: #333399\"><strong>datorer<\/strong><\/span>, <span style=\"color: #333399\"><strong>h\u00f6rlurar <\/strong><\/span>och <span style=\"color: #333399\"><strong>internetuppkoppling <\/strong><\/span>(helst tr\u00e5dbundet). D\u00e4rtill beh\u00f6vs n\u00e5gon form av <span style=\"color: #333399\"><strong>l\u00e4rplattform <\/strong><\/span>d\u00e4r eleverna samlas och d\u00e4r l\u00e4rarna strukturerar upp kursinneh\u00e5llet och de verktyg som anv\u00e4nds.<\/p>\n<p>I projektskolorna har vi anv\u00e4nt helt vanliga b\u00e4rbara datorer och h\u00f6rlurar med mikrofon. Som l\u00e4rplattform har vi anv\u00e4nt Fronter men det g\u00e5r lika bra att anv\u00e4nda n\u00e5gon annan l\u00e4rplattform, exempelvis Office365. Det som f\u00f6ruts\u00e4tts av l\u00e4rplattformen \u00e4r att det \u00e4r m\u00f6jligt att bygga upp en slags struktur f\u00f6r kursen i form av en intern webbsida med l\u00e4nkar. V\u00e5r erfarenhet \u00e4r den att det \u00e4r viktigt med en central m\u00f6tesplats d\u00e4r allt material och viktig information samlas och dit b\u00e5de elever och l\u00e4rare loggar in f\u00f6r att delta i kursen. Principen \u00e4r \u201callt p\u00e5 ett och samma st\u00e4lle\u201d.<\/p>\n<p>Den st\u00f6rsta utmaningen \u00e4r inte av teknisk karakt\u00e4r utan snarare att f\u00e5 eleverna att inse betydelsen av att komma ih\u00e5g att ha med sig r\u00e4tt teknisk utrustning och att komma ih\u00e5g alla n\u00f6dv\u00e4ndiga l\u00f6senord. L\u00e4s g\u00e4rna mer om de <a href=\"http:\/\/blogs2.abo.fi\/eklasstandem\/digitala-verktyg\/\" rel=\"noopener\"><u>digitala verktyg<\/u><\/a>\u00a0 vi anv\u00e4nt i eklasstandem.<\/p>\n<p><img loading=\"lazy\" decoding=\"async\" class=\"alignnone wp-image-223 size-full\" src=\"http:\/\/blogs2.abo.fi\/eklasstandem\/wp-content\/uploads\/sites\/91\/2018\/05\/Header-1.jpg\" alt=\"\" width=\"3301\" height=\"1111\" srcset=\"https:\/\/blogs2.abo.fi\/eklasstandem\/wp-content\/uploads\/sites\/91\/2018\/05\/Header-1.jpg 3301w, https:\/\/blogs2.abo.fi\/eklasstandem\/wp-content\/uploads\/sites\/91\/2018\/05\/Header-1-300x101.jpg 300w, https:\/\/blogs2.abo.fi\/eklasstandem\/wp-content\/uploads\/sites\/91\/2018\/05\/Header-1-768x258.jpg 768w, https:\/\/blogs2.abo.fi\/eklasstandem\/wp-content\/uploads\/sites\/91\/2018\/05\/Header-1-1024x345.jpg 1024w\" sizes=\"auto, (max-width: 3301px) 100vw, 3301px\" \/><\/p>\n<p>&nbsp;<\/p>\n<p>&nbsp;<\/p>\n<p>&nbsp;<\/p>\n<p>&nbsp;<\/p>\n","protected":false},"excerpt":{"rendered":"<p>F\u00f6r att komma ig\u00e5ng med eklasstandem beh\u00f6ver man egentligen ingen annan teknisk utrustning \u00e4n datorer, h\u00f6rlurar och internetuppkoppling (helst tr\u00e5dbundet). D\u00e4rtill beh\u00f6vs n\u00e5gon form av l\u00e4rplattform d\u00e4r eleverna samlas och d\u00e4r l\u00e4rarna strukturerar upp kursinneh\u00e5llet och de verktyg som anv\u00e4nds. &hellip; <a href=\"https:\/\/blogs2.abo.fi\/eklasstandem\/tekniska-krav\/\">Forts\u00e4tt l\u00e4sa <span class=\"meta-nav\">&rarr;<\/span><\/a><\/p>\n","protected":false},"author":410,"featured_media":0,"parent":0,"menu_order":0,"comment_status":"closed","ping_status":"closed","template":"","meta":{"footnotes":""},"class_list":["post-64","page","type-page","status-publish","hentry"],"_links":{"self":[{"href":"https:\/\/blogs2.abo.fi\/eklasstandem\/wp-json\/wp\/v2\/pages\/64","targetHints":{"allow":["GET"]}}],"collection":[{"href":"https:\/\/blogs2.abo.fi\/eklasstandem\/wp-json\/wp\/v2\/pages"}],"about":[{"href":"https:\/\/blogs2.abo.fi\/eklasstandem\/wp-json\/wp\/v2\/types\/page"}],"author":[{"embeddable":true,"href":"https:\/\/blogs2.abo.fi\/eklasstandem\/wp-json\/wp\/v2\/users\/410"}],"replies":[{"embeddable":true,"href":"https:\/\/blogs2.abo.fi\/eklasstandem\/wp-json\/wp\/v2\/comments?post=64"}],"version-history":[{"count":14,"href":"https:\/\/blogs2.abo.fi\/eklasstandem\/wp-json\/wp\/v2\/pages\/64\/revisions"}],"predecessor-version":[{"id":781,"href":"https:\/\/blogs2.abo.fi\/eklasstandem\/wp-json\/wp\/v2\/pages\/64\/revisions\/781"}],"wp:attachment":[{"href":"https:\/\/blogs2.abo.fi\/eklasstandem\/wp-json\/wp\/v2\/media?parent=64"}],"curies":[{"name":"wp","href":"https:\/\/api.w.org\/{rel}","templated":true}]}}