{"id":59,"date":"2018-05-02T17:11:42","date_gmt":"2018-05-02T15:11:42","guid":{"rendered":"http:\/\/blogs2.abo.fi\/eklasstandem\/?page_id=59"},"modified":"2018-06-04T16:06:48","modified_gmt":"2018-06-04T14:06:48","slug":"forskar-lararsamarbete","status":"publish","type":"page","link":"https:\/\/blogs2.abo.fi\/eklasstandem\/forskar-lararsamarbete\/","title":{"rendered":"Forskar\u2013l\u00e4rarsamarbete"},"content":{"rendered":"<p>Projektet har bedrivits som ett aktionsforskningsinriktat samarbete mellan forskare och l\u00e4rare d\u00e4r l\u00e4rarna utvecklat sin undervisning och samtidigt skapat nya modeller f\u00f6r samarbete och fungerande arbetss\u00e4tt och klassrumspraxis. Forskarna har fungerat som facilitatorer och erbjudit l\u00e4rarna st\u00f6d i tandempedagogik, observerat klassrumsarbetet och reflekterat \u00f6ver klassrumsaktiviteterna tillsammans med l\u00e4rarna. Forskarna har samtidigt samlat in data och forskningsresultaten har anv\u00e4nts som grund f\u00f6r vidareutveckling av arbetss\u00e4tt och fungerande klassrumspraxis.<\/p>\n<p>Aktionsforskning i Eklasstandemprojektet inneb\u00e4r att l\u00e4rarna tar utg\u00e5ngspunkt i sin egen klassrumspraktik, planerar, iscens\u00e4tter, observerar och reflekterar \u00f6ver (nya) klassrumsaktiviteter. Forskarna deltar i planeringen och observerar klassrumsaktiviteterna genom att samla in och analysera forskningsdata. Observationerna anv\u00e4nds som grund f\u00f6r l\u00e4rarnas och forskarnas gemensamma reflektioner som i sin tur st\u00f6der vidareplanering av verksamheten. Eftersom eklasstandem sker i en virtuell l\u00e4rmilj\u00f6 har det varit viktigt att ha tillg\u00e5ng till en IKT-pedagog som deltagit i planeringen och reflektionerna och bidragit med id\u00e9er och st\u00f6d f\u00f6r l\u00e4rarna d\u00e5 de pr\u00f6vat p\u00e5 olika <a href=\"http:\/\/blogs2.abo.fi\/eklasstandem\/digitala-verktyg\/\" rel=\"noopener\"><u>digitala verktyg<\/u><\/a>.<a href=\"http:\/\/blogs2.abo.fi\/eklasstandem\/wp-content\/uploads\/sites\/91\/2018\/05\/aktionsforskningscykeln.jpg\" target=\"_blank\" rel=\"noopener\"><img loading=\"lazy\" decoding=\"async\" class=\"alignnone wp-image-251 size-full\" src=\"http:\/\/blogs2.abo.fi\/eklasstandem\/wp-content\/uploads\/sites\/91\/2018\/05\/aktionsforskningscykeln.jpg\" alt=\"\" width=\"4960\" height=\"3508\" srcset=\"https:\/\/blogs2.abo.fi\/eklasstandem\/wp-content\/uploads\/sites\/91\/2018\/05\/aktionsforskningscykeln.jpg 4960w, https:\/\/blogs2.abo.fi\/eklasstandem\/wp-content\/uploads\/sites\/91\/2018\/05\/aktionsforskningscykeln-300x212.jpg 300w, https:\/\/blogs2.abo.fi\/eklasstandem\/wp-content\/uploads\/sites\/91\/2018\/05\/aktionsforskningscykeln-768x543.jpg 768w, https:\/\/blogs2.abo.fi\/eklasstandem\/wp-content\/uploads\/sites\/91\/2018\/05\/aktionsforskningscykeln-1024x724.jpg 1024w\" sizes=\"auto, (max-width: 4960px) 100vw, 4960px\" \/><\/a><\/p>\n","protected":false},"excerpt":{"rendered":"<p>Projektet har bedrivits som ett aktionsforskningsinriktat samarbete mellan forskare och l\u00e4rare d\u00e4r l\u00e4rarna utvecklat sin undervisning och samtidigt skapat nya modeller f\u00f6r samarbete och fungerande arbetss\u00e4tt och klassrumspraxis. Forskarna har fungerat som facilitatorer och erbjudit l\u00e4rarna st\u00f6d i tandempedagogik, observerat &hellip; <a href=\"https:\/\/blogs2.abo.fi\/eklasstandem\/forskar-lararsamarbete\/\">Forts\u00e4tt l\u00e4sa <span class=\"meta-nav\">&rarr;<\/span><\/a><\/p>\n","protected":false},"author":410,"featured_media":0,"parent":0,"menu_order":0,"comment_status":"closed","ping_status":"closed","template":"","meta":{"footnotes":""},"class_list":["post-59","page","type-page","status-publish","hentry"],"_links":{"self":[{"href":"https:\/\/blogs2.abo.fi\/eklasstandem\/wp-json\/wp\/v2\/pages\/59","targetHints":{"allow":["GET"]}}],"collection":[{"href":"https:\/\/blogs2.abo.fi\/eklasstandem\/wp-json\/wp\/v2\/pages"}],"about":[{"href":"https:\/\/blogs2.abo.fi\/eklasstandem\/wp-json\/wp\/v2\/types\/page"}],"author":[{"embeddable":true,"href":"https:\/\/blogs2.abo.fi\/eklasstandem\/wp-json\/wp\/v2\/users\/410"}],"replies":[{"embeddable":true,"href":"https:\/\/blogs2.abo.fi\/eklasstandem\/wp-json\/wp\/v2\/comments?post=59"}],"version-history":[{"count":9,"href":"https:\/\/blogs2.abo.fi\/eklasstandem\/wp-json\/wp\/v2\/pages\/59\/revisions"}],"predecessor-version":[{"id":693,"href":"https:\/\/blogs2.abo.fi\/eklasstandem\/wp-json\/wp\/v2\/pages\/59\/revisions\/693"}],"wp:attachment":[{"href":"https:\/\/blogs2.abo.fi\/eklasstandem\/wp-json\/wp\/v2\/media?parent=59"}],"curies":[{"name":"wp","href":"https:\/\/api.w.org\/{rel}","templated":true}]}}