{"id":46,"date":"2018-05-02T16:58:17","date_gmt":"2018-05-02T14:58:17","guid":{"rendered":"http:\/\/blogs2.abo.fi\/eklasstandem\/?page_id=46"},"modified":"2018-06-05T12:16:50","modified_gmt":"2018-06-05T10:16:50","slug":"lararens-roll-i-eklasstandem","status":"publish","type":"page","link":"https:\/\/blogs2.abo.fi\/eklasstandem\/lararens-roll-i-eklasstandem\/","title":{"rendered":"L\u00e4rarens roll i eklasstandem"},"content":{"rendered":"<p>Eklasstandem \u00e4r en elevcentrerad modell d\u00e4r samarbetet och l\u00e4randet bygger p\u00e5 elevernas autonomi och aktivitet. Alla former av tandempedagogik inneb\u00e4r en annorlunda roll f\u00f6r l\u00e4raren j\u00e4mf\u00f6rt med regulj\u00e4r spr\u00e5kundervisning. I tandem \u00e4r det modersm\u00e5lsanv\u00e4ndaren som \u00e4r den fr\u00e4msta interaktionspartnern, spr\u00e5kmodellen och -st\u00f6det. F\u00f6r l\u00e4rarens del l\u00e4ggs tonvikten p\u00e5 planering inf\u00f6r tandemlektionerna s\u00e5 att eleverna erbjuds uppgiftspaket som m\u00f6jligg\u00f6r t\u00e4mligen sj\u00e4lvst\u00e4ndigt pararbete i egen takt. Detta inneb\u00e4r givetvis inte att tandeml\u00e4raren skulle sitta sysslol\u00f6s under tandemlektionerna, utan finns d\u00e4r som st\u00f6d f\u00f6r att eleverna ska klara av att genomf\u00f6ra uppgifterna som planerat, och l\u00e4raren beh\u00f6vs \u00e4ven f\u00f6r utv\u00e4rdering och bed\u00f6mning av elevernas\u00a0 arbete (se <a href=\"http:\/\/blogs2.abo.fi\/eklasstandem\/arvioinnin-perusteet\/\" rel=\"noopener\"><u>riktlinjer f\u00f6r bed\u00f6mning<\/u><\/a>).<\/p>\n<p>I klasstandem har l\u00e4raren konstaterats ha huvudsakligen tre olika roller eller uppgifter: liksom i all undervisning idag fungerar (tandem)l\u00e4raren som <span style=\"color: #333399\"><strong>handledare<\/strong><\/span> f\u00f6r elevernas l\u00e4rande i allm\u00e4nhet (inklusive planering, instruktioner, bed\u00f6mning) och som i all spr\u00e5kundervisning fungerar (tandem)l\u00e4raren som <span style=\"color: #333399\"><strong>spr\u00e5kexpert<\/strong><\/span> som hj\u00e4lper och st\u00f6ttar anv\u00e4ndningen av m\u00e5lspr\u00e5ket och med kontrastering av spr\u00e5ken. Till skillnad fr\u00e5n regulj\u00e4r spr\u00e5kundervisning fungerar tandeml\u00e4raren d\u00e4rtill som en <span style=\"color: #333399\"><strong>coach<\/strong><\/span> som st\u00f6ttar b\u00e4gge tandempartnerna i deras \u00f6msesidiga samarbete (se <a href=\"http:\/\/web.abo.fi\/e-mag\/klasstandem\/pdf.pdf\" target=\"_blank\" rel=\"noopener\"><u>Klasstandemhandboken<\/u><\/a>, kapitel 1.5). B\u00e5de i den fysiska och i den virtuella l\u00e4rmilj\u00f6n agerar tandeml\u00e4raren fr\u00e4mst som en handledare som st\u00f6ttar eleverna med b\u00e5de kursens inneh\u00e5ll och teknik samt som en spr\u00e5kexpert som hj\u00e4lper med spr\u00e5krelaterade fr\u00e5gor och feedback. F\u00f6r att kunna st\u00f6tta tandempartnerna i deras \u00f6msesidiga samarbete och i deras respektive roller som l\u00e4rande part i sitt andraspr\u00e5k och som spr\u00e5klig resurs (modell och st\u00f6d) i sitt modersm\u00e5l beh\u00f6ver l\u00e4raren kunna ta del av och observera tandemparens interaktion som helhet. Det r\u00e4cker inte att endast vara delaktig i interaktionen hos parten som \u00e4r i samma fysiska klassrum som l\u00e4raren. D\u00e4rf\u00f6r \u00e4r det bra om l\u00e4raren p\u00e5 ett smidigt s\u00e4tt kan delta i tandemparens videosamtal, vilket projektskolorna l\u00f6ste genom att paren fick egna <a href=\"http:\/\/blogs2.abo.fi\/eklasstandem\/skype-for-foretag\/\" rel=\"noopener\"><u>Skypekanaler<\/u><\/a>\u00a0som l\u00e4rarna hade tillg\u00e5ng till via <a href=\"http:\/\/blogs2.abo.fi\/eklasstandem\/larplattform\/\" rel=\"noopener\"><u>den virtuella l\u00e4rmilj\u00f6n<\/u><\/a>.<\/p>\n<p><iframe loading=\"lazy\" title=\"Att se ba\u030ade klass och samtal\" width=\"640\" height=\"360\" src=\"https:\/\/www.youtube.com\/embed\/-v8YCHGVULk?feature=oembed\" frameborder=\"0\" allow=\"accelerometer; autoplay; clipboard-write; encrypted-media; gyroscope; picture-in-picture; web-share\" referrerpolicy=\"strict-origin-when-cross-origin\" allowfullscreen><\/iframe><\/p>\n<p>Eklasstandem inneb\u00e4r att l\u00e4rarna \u00e4r n\u00e4rvarande under de lektioner som de sj\u00e4lva ansvarar f\u00f6r, d.v.s. det andra inhemska spr\u00e5ket i sin respektive skola men ocks\u00e5 under de lektioner d\u00e4r deras elever \u00e4r modersm\u00e5lsanv\u00e4ndare, d.v.s. att finskl\u00e4raren \u00e4r n\u00e4rvarande \u00e4ven under svensklektionerna och att svenskl\u00e4raren \u00e4r n\u00e4rvarande \u00e4ven under finsklektionerna. D\u00e4rf\u00f6r \u00e4r det ytterst viktigt att l\u00e4rarna samplanerar lektionerna s\u00e5 att de \u00e4r medvetna om vad alla uppgifter, b\u00e5de i svenska och i finska, g\u00e5r ut p\u00e5 och kan st\u00f6tta sina elever. Det har n\u00e4mligen visat sig att eleverna upplever att det alltid \u00e4r l\u00e4ttast att st\u00e4lla fr\u00e5gor till den egna l\u00e4raren som \u00e4r i samma fysiska klassrum, oavsett m\u00e5lspr\u00e5ket i uppgifterna. Spr\u00e5kligt kan l\u00e4rarna allt som oftast st\u00f6tta eleverna och kontrastera spr\u00e5ken \u00e4ven om de \u00e4r beh\u00f6riga endast i det ena tandemspr\u00e5ket.<\/p>\n<p>L\u00e4rarnas samarbete begr\u00e4nsas inte enbart till planeringen utan det \u00e4r samtidigt viktigt att l\u00e4rarna h\u00e5ller kontinuerlig kontakt med varandra under och efter tandemlektionerna via en egen skypekanal eller telefon. L\u00e4s g\u00e4rna mera om tandeml\u00e4rarnas praktiska samarbete f\u00f6re, under och efter tandemlektionerna i <a href=\"http:\/\/blogs2.abo.fi\/eklasstandem\/miten-paasta-alkuun\/\" rel=\"noopener\"><u>Hur komma ig\u00e5ng med eklasstandem<\/u><\/a>.<\/p>\n<p>&nbsp;<\/p>\n","protected":false},"excerpt":{"rendered":"<p>Eklasstandem \u00e4r en elevcentrerad modell d\u00e4r samarbetet och l\u00e4randet bygger p\u00e5 elevernas autonomi och aktivitet. Alla former av tandempedagogik inneb\u00e4r en annorlunda roll f\u00f6r l\u00e4raren j\u00e4mf\u00f6rt med regulj\u00e4r spr\u00e5kundervisning. I tandem \u00e4r det modersm\u00e5lsanv\u00e4ndaren som \u00e4r den fr\u00e4msta interaktionspartnern, spr\u00e5kmodellen &hellip; <a href=\"https:\/\/blogs2.abo.fi\/eklasstandem\/lararens-roll-i-eklasstandem\/\">Forts\u00e4tt l\u00e4sa <span class=\"meta-nav\">&rarr;<\/span><\/a><\/p>\n","protected":false},"author":410,"featured_media":0,"parent":0,"menu_order":0,"comment_status":"closed","ping_status":"closed","template":"","meta":{"footnotes":""},"class_list":["post-46","page","type-page","status-publish","hentry"],"_links":{"self":[{"href":"https:\/\/blogs2.abo.fi\/eklasstandem\/wp-json\/wp\/v2\/pages\/46","targetHints":{"allow":["GET"]}}],"collection":[{"href":"https:\/\/blogs2.abo.fi\/eklasstandem\/wp-json\/wp\/v2\/pages"}],"about":[{"href":"https:\/\/blogs2.abo.fi\/eklasstandem\/wp-json\/wp\/v2\/types\/page"}],"author":[{"embeddable":true,"href":"https:\/\/blogs2.abo.fi\/eklasstandem\/wp-json\/wp\/v2\/users\/410"}],"replies":[{"embeddable":true,"href":"https:\/\/blogs2.abo.fi\/eklasstandem\/wp-json\/wp\/v2\/comments?post=46"}],"version-history":[{"count":18,"href":"https:\/\/blogs2.abo.fi\/eklasstandem\/wp-json\/wp\/v2\/pages\/46\/revisions"}],"predecessor-version":[{"id":762,"href":"https:\/\/blogs2.abo.fi\/eklasstandem\/wp-json\/wp\/v2\/pages\/46\/revisions\/762"}],"wp:attachment":[{"href":"https:\/\/blogs2.abo.fi\/eklasstandem\/wp-json\/wp\/v2\/media?parent=46"}],"curies":[{"name":"wp","href":"https:\/\/api.w.org\/{rel}","templated":true}]}}