{"id":291,"date":"2018-05-26T11:51:13","date_gmt":"2018-05-26T09:51:13","guid":{"rendered":"http:\/\/blogs2.abo.fi\/eklasstandem\/?page_id=291"},"modified":"2018-06-05T12:27:47","modified_gmt":"2018-06-05T10:27:47","slug":"tandemyhteistyon-edellytykset","status":"publish","type":"page","link":"https:\/\/blogs2.abo.fi\/eklasstandem\/tandemyhteistyon-edellytykset\/","title":{"rendered":"Tandemyhteisty\u00f6n edellytykset"},"content":{"rendered":"<p>Rehtorien osalta ty\u00f6 alkaa jo tandemyhteisty\u00f6n alkua edelt\u00e4v\u00e4n\u00e4 vuonna, koska yhten\u00e4 tandemoppituntien j\u00e4rjest\u00e4misen edellytyksen\u00e4 on se, ett\u00e4 suomen ja ruotsin kielen kurssit pidet\u00e4\u00e4n molemmissa kouluissa samaan aikaan. T\u00e4m\u00e4 tarkoittaa sek\u00e4 jaksojen ett\u00e4 p\u00e4ivitt\u00e4isten oppituntien samanaikaisuutta. Rehtorien tulee ottaa kaikki t\u00e4m\u00e4 huomioon suunnitellessaan seuraavan lukuvuoden tuntijakoa.<\/p>\n<p>Ideaalitilanteessa jaksojen m\u00e4\u00e4r\u00e4, oppituntien pituus ja ryhm\u00e4koot olisivat molemmissa kouluissa samat. T\u00e4m\u00e4 toteutuu kuitenkin vain harvoin k\u00e4yt\u00e4nn\u00f6ss\u00e4. Esimerkiksi Petolahdessa toimivan lukion (Gymnasiet i Petalax) lukuvuosi koostuu kuudesta jaksosta ja Lepp\u00e4virran lukion viidest\u00e4. Koulujen v\u00e4lill\u00e4 on my\u00f6s eroja koeviikkojen sijoittelussa sek\u00e4 esimerkiksi syysloman, joululoman ja hiihtoloman ajankohdissa. My\u00f6s oppituntien pituus ja sijoittelu poikkeavat n\u00e4iss\u00e4 kouluissa toisistaan. T\u00e4st\u00e4 huolimatta hankkeeseen osallistuneet koulut ovat l\u00f6yt\u00e4neet yhteiset ajat eluokkatandemtunneilleen.<\/p>\n<p><a href=\"http:\/\/blogs2.abo.fi\/eklasstandem\/miten-paasta-alkuun\/\"><em>Takaisin<\/em><\/a><\/p>\n","protected":false},"excerpt":{"rendered":"<p>Rehtorien osalta ty\u00f6 alkaa jo tandemyhteisty\u00f6n alkua edelt\u00e4v\u00e4n\u00e4 vuonna, koska yhten\u00e4 tandemoppituntien j\u00e4rjest\u00e4misen edellytyksen\u00e4 on se, ett\u00e4 suomen ja ruotsin kielen kurssit pidet\u00e4\u00e4n molemmissa kouluissa samaan aikaan. T\u00e4m\u00e4 tarkoittaa sek\u00e4 jaksojen ett\u00e4 p\u00e4ivitt\u00e4isten oppituntien samanaikaisuutta. Rehtorien tulee ottaa kaikki t\u00e4m\u00e4 &hellip; <a href=\"https:\/\/blogs2.abo.fi\/eklasstandem\/tandemyhteistyon-edellytykset\/\">Forts\u00e4tt l\u00e4sa <span class=\"meta-nav\">&rarr;<\/span><\/a><\/p>\n","protected":false},"author":410,"featured_media":0,"parent":0,"menu_order":0,"comment_status":"closed","ping_status":"closed","template":"","meta":{"footnotes":""},"class_list":["post-291","page","type-page","status-publish","hentry"],"_links":{"self":[{"href":"https:\/\/blogs2.abo.fi\/eklasstandem\/wp-json\/wp\/v2\/pages\/291","targetHints":{"allow":["GET"]}}],"collection":[{"href":"https:\/\/blogs2.abo.fi\/eklasstandem\/wp-json\/wp\/v2\/pages"}],"about":[{"href":"https:\/\/blogs2.abo.fi\/eklasstandem\/wp-json\/wp\/v2\/types\/page"}],"author":[{"embeddable":true,"href":"https:\/\/blogs2.abo.fi\/eklasstandem\/wp-json\/wp\/v2\/users\/410"}],"replies":[{"embeddable":true,"href":"https:\/\/blogs2.abo.fi\/eklasstandem\/wp-json\/wp\/v2\/comments?post=291"}],"version-history":[{"count":3,"href":"https:\/\/blogs2.abo.fi\/eklasstandem\/wp-json\/wp\/v2\/pages\/291\/revisions"}],"predecessor-version":[{"id":772,"href":"https:\/\/blogs2.abo.fi\/eklasstandem\/wp-json\/wp\/v2\/pages\/291\/revisions\/772"}],"wp:attachment":[{"href":"https:\/\/blogs2.abo.fi\/eklasstandem\/wp-json\/wp\/v2\/media?parent=291"}],"curies":[{"name":"wp","href":"https:\/\/api.w.org\/{rel}","templated":true}]}}