{"id":193,"date":"2018-05-03T16:17:51","date_gmt":"2018-05-03T14:17:51","guid":{"rendered":"http:\/\/blogs2.abo.fi\/eklasstandem\/?page_id=193"},"modified":"2018-06-04T17:04:12","modified_gmt":"2018-06-04T15:04:12","slug":"tips-pa-vidare-lasning","status":"publish","type":"page","link":"https:\/\/blogs2.abo.fi\/eklasstandem\/tips-pa-vidare-lasning\/","title":{"rendered":"Tips p\u00e5 vidare l\u00e4sning"},"content":{"rendered":"<p>Backlund-K\u00e4rjenm\u00e4ki, E. Heil\u00e4-Ylikallio, R. Granfors, U. (red). (2017). <a href=\"https:\/\/projektdididi.files.wordpress.com\/2012\/04\/dididi-vid-vasa-occ88vningsskola-i-10-acc8ar-webb1.pdf\" target=\"_blank\" rel=\"noopener\"><em>Digitala dimensioner. DiDiDi vid Vasa \u00f6vningsskola i tio \u00e5r<\/em><\/a> (2017). \u00c5bo Akademi.<\/p>\n<p>Karjalainen, K. &amp; M. P\u00f6rn (2015). <a href=\"http:\/\/live.grano.fi\/tuotanto\/o\/opetushallitus\/luokkatandem-kieltenopetuksen-mallina\/\" target=\"_blank\" rel=\"noopener\">Luokkatandem kieltenopetuksen mallina<\/a>. <em>Kieli koulun ytimess\u00e4 &#8211; n\u00e4k\u00f6kulmia kielikasvatukseen<\/em>. Opetushallitus 2015.<\/p>\n<p>Hansell, K. &amp; M. P\u00f6rn (2016). Klasstandem som modell f\u00f6r spr\u00e5kundervisning. <a href=\"http:\/\/www.oph.fi\/download\/180986_Sprak_i_rorelse.pdf\" target=\"_blank\" rel=\"noopener\"><em>Spr\u00e5k i r\u00f6relse &#8211; skolspr\u00e5k, flerspr\u00e5kighet och l\u00e4rande<\/em><\/a><a href=\"http:\/\/www.oph.fi\/download\/180986_Sprak_i_rorelse.pdf\">.<\/a> Opetushallitus.<\/p>\n<p>Hilli, C. (2016) <a href=\"https:\/\/www.doria.fi\/handle\/10024\/124710\" target=\"_blank\" rel=\"noopener\"><em>Virtuellt l\u00e4rande p\u00e5 distans. En intervjustudie med finl\u00e4ndska gymnasiestuderand<\/em><\/a><em>e<\/em>. \u00c5bo Akademi.<\/p>\n<p>L\u00f6f, \u00c5., Koskinen, H., P\u00f6rn, M., Hansell, K., Korhonen, A. &amp; C. Engberg (2016). <a href=\"https:\/\/www.klasstandem.com\/skrivet-om-klasstandem\/handboken-om-klasstandem\/\">K<\/a><a href=\"https:\/\/www.klasstandem.com\/skrivet-om-klasstandem\/handboken-om-klasstandem\/\" target=\"_blank\" rel=\"noopener\"><em>lasstandem &#8211; En resa \u00f6ver spr\u00e5kgr\u00e4nsen. Luokkatandem &#8211; matka yli <\/em><\/a><em>kielirajan<\/em>. \u00c5bo Akademi.<\/p>\n<p>P\u00f6rn, M. &amp; K. Hansell (2017). <a href=\"https:\/\/dx.doi.org\/10.1080\/13670050.2017.1379946\" target=\"_blank\" rel=\"noopener\">The teacher&#8217;s role in supporting two-way language learning in classroom tandem<\/a> <em>International Journal of Bilingual Education and Bilingualism<\/em><\/p>\n","protected":false},"excerpt":{"rendered":"<p>Backlund-K\u00e4rjenm\u00e4ki, E. Heil\u00e4-Ylikallio, R. Granfors, U. (red). (2017). Digitala dimensioner. DiDiDi vid Vasa \u00f6vningsskola i tio \u00e5r (2017). \u00c5bo Akademi. Karjalainen, K. &amp; M. P\u00f6rn (2015). Luokkatandem kieltenopetuksen mallina. Kieli koulun ytimess\u00e4 &#8211; n\u00e4k\u00f6kulmia kielikasvatukseen. Opetushallitus 2015. Hansell, K. &amp; &hellip; <a href=\"https:\/\/blogs2.abo.fi\/eklasstandem\/tips-pa-vidare-lasning\/\">Forts\u00e4tt l\u00e4sa <span class=\"meta-nav\">&rarr;<\/span><\/a><\/p>\n","protected":false},"author":410,"featured_media":0,"parent":0,"menu_order":0,"comment_status":"closed","ping_status":"closed","template":"","meta":{"footnotes":""},"class_list":["post-193","page","type-page","status-publish","hentry"],"_links":{"self":[{"href":"https:\/\/blogs2.abo.fi\/eklasstandem\/wp-json\/wp\/v2\/pages\/193","targetHints":{"allow":["GET"]}}],"collection":[{"href":"https:\/\/blogs2.abo.fi\/eklasstandem\/wp-json\/wp\/v2\/pages"}],"about":[{"href":"https:\/\/blogs2.abo.fi\/eklasstandem\/wp-json\/wp\/v2\/types\/page"}],"author":[{"embeddable":true,"href":"https:\/\/blogs2.abo.fi\/eklasstandem\/wp-json\/wp\/v2\/users\/410"}],"replies":[{"embeddable":true,"href":"https:\/\/blogs2.abo.fi\/eklasstandem\/wp-json\/wp\/v2\/comments?post=193"}],"version-history":[{"count":13,"href":"https:\/\/blogs2.abo.fi\/eklasstandem\/wp-json\/wp\/v2\/pages\/193\/revisions"}],"predecessor-version":[{"id":743,"href":"https:\/\/blogs2.abo.fi\/eklasstandem\/wp-json\/wp\/v2\/pages\/193\/revisions\/743"}],"wp:attachment":[{"href":"https:\/\/blogs2.abo.fi\/eklasstandem\/wp-json\/wp\/v2\/media?parent=193"}],"curies":[{"name":"wp","href":"https:\/\/api.w.org\/{rel}","templated":true}]}}