{"id":182,"date":"2018-05-03T16:13:51","date_gmt":"2018-05-03T14:13:51","guid":{"rendered":"http:\/\/blogs2.abo.fi\/eklasstandem\/?page_id=182"},"modified":"2018-06-05T16:49:37","modified_gmt":"2018-06-05T14:49:37","slug":"sociala-medier","status":"publish","type":"page","link":"https:\/\/blogs2.abo.fi\/eklasstandem\/sociala-medier\/","title":{"rendered":"Sosiaalinen media"},"content":{"rendered":"<p>Sosiaalisella medialla tarkoitetaan verkkosivuja tai mobiilisovelluksia, joissa ihmiset voivat olla eri tavoin vuorovaikutuksessa toistensa kanssa. Esimerkkein\u00e4 sosiaalisista medioista voidaan mainita Instagram, WhatsApp, Twitter, blogit ja vlogit. Nuoret k\u00e4ytt\u00e4v\u00e4t paljon sosiaalisia medioita, mutta usein erityisesti kulutus- ja viihdetarkoitukseen. Sosiaalista mediaa voi kuitenkin hy\u00f6dynt\u00e4\u00e4 monipuolisesti my\u00f6s oppimisen tukemisessa ja erilaisten taitojen kehitt\u00e4misess\u00e4. Esimerkiksi <span style=\"color: #333399\"><strong>Twitter<\/strong><\/span> on erinomainen ty\u00f6v\u00e4line my\u00f6s kouluopetuksessa, ja siit\u00e4 ja sen opettajalle tarjoamista mahdollisuuksista voit lukea enemm\u00e4n t\u00e4ss\u00e4 olevan linkin kautta (<a href=\"https:\/\/twitter.com\" target=\"_blank\" rel=\"noopener\">Twitter<\/a>). J\u00e4ljemp\u00e4n\u00e4 t\u00e4ss\u00e4 luvussa k\u00e4sitell\u00e4\u00e4n hieman enemm\u00e4n Instagramia ja WhatsAppia eluokkatandemissa k\u00e4ytett\u00e4vin\u00e4 ty\u00f6v\u00e4linein\u00e4.<\/p>\n<p>Yhten\u00e4 edellytyksen\u00e4 eluokkatandemissa pidett\u00e4v\u00e4n oppitunnin onnistumiselle on kaiken sen aikana hy\u00f6dynnett\u00e4v\u00e4n tekniikan moitteeton toiminta. Projektikouluissa oppilaat kirjautuvat ensin sis\u00e4\u00e4n yhteiseen oppimisymp\u00e4rist\u00f6\u00f6n (<a href=\"http:\/\/blogs2.abo.fi\/eklasstandem\/larplattform\/\">Fronter<\/a>) ja tapaavat toisensa virtuaalisesti <a href=\"http:\/\/blogs2.abo.fi\/eklasstandem\/skype-for-foretag\/\" rel=\"noopener\"><u>Skype for business<\/u><\/a> -sovelluksen avulla. Kaikki oppitunneilla k\u00e4ytett\u00e4v\u00e4 tekniikka toimii yleens\u00e4 moitteettomasti, mutta ei kuitenkaan aina. Joskus nettiyhteydess\u00e4 saattaa olla ongelmia tai verkkosivuilla voi olla katkoksia. Joskus oppilaat saattavat my\u00f6s unohtaa salasanansa, ovat poissa sairastumisen vuoksi tai tapahtuu jotain muuta yll\u00e4tt\u00e4v\u00e4\u00e4, mik\u00e4 on esteen\u00e4 tandemparin yhteiselle tandemoppitunnille. T\u00e4llaisten tilanteiden ratkaisuna voi toimia esimerkiksi <span style=\"color: #333399\"><strong>WhatsApp<\/strong><\/span>. Oppilaat voivat jatkaa yhteydenpitoa toistensa kanssa WhatsAppin kautta ja t\u00e4m\u00e4 pikaviestisovellus toimiikin hyv\u00e4n\u00e4 varasuunnitelmana erilaisissa ongelmatilanteissa. WhatsApp toimii my\u00f6s hyv\u00e4n\u00e4 ty\u00f6v\u00e4lineen\u00e4 oppilaiden kirjoitusprosessin aikana. Oppilaiden WhatsAppissa k\u00e4ym\u00e4t keskustelut voidaan t\u00e4ll\u00f6in tallentaa ja jakaa (esimerkiksi kuvakaappauksena) opettajille, joilla on t\u00e4ll\u00e4 tavoin mahdollisuus arvioida heid\u00e4n kirjoitusprosessiansa. Eluokkatandem-hankkeessa tutkijat ovat hy\u00f6dynt\u00e4neet t\u00e4t\u00e4 menetelm\u00e4\u00e4 esimerkiksi siten, ett\u00e4 kohdeparit ovat tallentaneet omat WhatsApp-keskustelunsa ja l\u00e4hett\u00e4neet ne heille.<\/p>\n<p><span style=\"color: #333399\"><strong>Instagram<\/strong><\/span> on mobiilisovellus ja verkkosivusto, jossa painopiste on kuvien jakamisessa. Tandemkursseilla olemme luoneet yhteisen Instagram-tilin kaikille kurssilla mukana oleville oppilaille ja opettajille. Sen ensisijaisena tarkoituksena on, ett\u00e4 oppilaat voivat julkaista siell\u00e4 kuvia omasta arkiel\u00e4m\u00e4st\u00e4\u00e4n sek\u00e4 tietenkin kommentoida toistensa kuvia. T\u00e4m\u00e4 ty\u00f6v\u00e4line toimii my\u00f6s hyv\u00e4n\u00e4 alustana sellaisille kuville, jotka liittyv\u00e4t tandemoppitunneilla suoritettaviin teht\u00e4viin. Koska kaikilla kurssin osallistujilla on sama k\u00e4ytt\u00e4j\u00e4nimi (Instagram-tili), on t\u00e4rke\u00e4\u00e4 ett\u00e4 jokaisella sinne tehdyll\u00e4 p\u00e4ivityksell\u00e4 on sellainen hashtag, josta k\u00e4y yksil\u00f6llisesti ilmi sen l\u00e4hett\u00e4j\u00e4. Tandempari 1 k\u00e4ytt\u00e4\u00e4 hashtagia #eluokkatandem1 ja tandempari 2 #eluokkatandem2 jne. Kirjoittamalla haluamansa hashtagin Instagramin hakukentt\u00e4\u00e4n kuka tahansa (esimerkiksi opettaja) voi nopeasti p\u00e4\u00e4st\u00e4 katsomaan kaikkia kuvia, jotka juuri tietty tandempari on sivulle ladannut. Yhteinen <a href=\"https:\/\/www.instagram.com\/eklasstandem\/\" target=\"_blank\" rel=\"noopener\">Instagram-tili<\/a> toimii my\u00f6s hyv\u00e4n\u00e4 ulkoisena kanavana, jossa kaikki kyseisest\u00e4 eluokkatandemprojektista kiinnostuneet voivat seurata sen sis\u00e4lt\u00f6\u00e4.<\/p>\n<p><img loading=\"lazy\" decoding=\"async\" class=\"alignnone size-full wp-image-215\" src=\"http:\/\/blogs2.abo.fi\/eklasstandem\/wp-content\/uploads\/sites\/91\/2018\/05\/Screen-Shot-2018-04-05-at-15.27.46.png\" alt=\"\" width=\"1858\" height=\"1194\" srcset=\"https:\/\/blogs2.abo.fi\/eklasstandem\/wp-content\/uploads\/sites\/91\/2018\/05\/Screen-Shot-2018-04-05-at-15.27.46.png 1858w, https:\/\/blogs2.abo.fi\/eklasstandem\/wp-content\/uploads\/sites\/91\/2018\/05\/Screen-Shot-2018-04-05-at-15.27.46-300x193.png 300w, https:\/\/blogs2.abo.fi\/eklasstandem\/wp-content\/uploads\/sites\/91\/2018\/05\/Screen-Shot-2018-04-05-at-15.27.46-768x494.png 768w, https:\/\/blogs2.abo.fi\/eklasstandem\/wp-content\/uploads\/sites\/91\/2018\/05\/Screen-Shot-2018-04-05-at-15.27.46-1024x658.png 1024w\" sizes=\"auto, (max-width: 1858px) 100vw, 1858px\" \/><\/p>\n<p>&nbsp;<\/p>\n<p>&nbsp;<\/p>\n","protected":false},"excerpt":{"rendered":"<p>Sosiaalisella medialla tarkoitetaan verkkosivuja tai mobiilisovelluksia, joissa ihmiset voivat olla eri tavoin vuorovaikutuksessa toistensa kanssa. Esimerkkein\u00e4 sosiaalisista medioista voidaan mainita Instagram, WhatsApp, Twitter, blogit ja vlogit. Nuoret k\u00e4ytt\u00e4v\u00e4t paljon sosiaalisia medioita, mutta usein erityisesti kulutus- ja viihdetarkoitukseen. Sosiaalista mediaa voi &hellip; <a href=\"https:\/\/blogs2.abo.fi\/eklasstandem\/sociala-medier\/\">Forts\u00e4tt l\u00e4sa <span class=\"meta-nav\">&rarr;<\/span><\/a><\/p>\n","protected":false},"author":410,"featured_media":0,"parent":0,"menu_order":0,"comment_status":"closed","ping_status":"closed","template":"","meta":{"footnotes":""},"class_list":["post-182","page","type-page","status-publish","hentry"],"_links":{"self":[{"href":"https:\/\/blogs2.abo.fi\/eklasstandem\/wp-json\/wp\/v2\/pages\/182","targetHints":{"allow":["GET"]}}],"collection":[{"href":"https:\/\/blogs2.abo.fi\/eklasstandem\/wp-json\/wp\/v2\/pages"}],"about":[{"href":"https:\/\/blogs2.abo.fi\/eklasstandem\/wp-json\/wp\/v2\/types\/page"}],"author":[{"embeddable":true,"href":"https:\/\/blogs2.abo.fi\/eklasstandem\/wp-json\/wp\/v2\/users\/410"}],"replies":[{"embeddable":true,"href":"https:\/\/blogs2.abo.fi\/eklasstandem\/wp-json\/wp\/v2\/comments?post=182"}],"version-history":[{"count":21,"href":"https:\/\/blogs2.abo.fi\/eklasstandem\/wp-json\/wp\/v2\/pages\/182\/revisions"}],"predecessor-version":[{"id":838,"href":"https:\/\/blogs2.abo.fi\/eklasstandem\/wp-json\/wp\/v2\/pages\/182\/revisions\/838"}],"wp:attachment":[{"href":"https:\/\/blogs2.abo.fi\/eklasstandem\/wp-json\/wp\/v2\/media?parent=182"}],"curies":[{"name":"wp","href":"https:\/\/api.w.org\/{rel}","templated":true}]}}