{"id":180,"date":"2018-05-03T16:13:09","date_gmt":"2018-05-03T14:13:09","guid":{"rendered":"http:\/\/blogs2.abo.fi\/eklasstandem\/?page_id=180"},"modified":"2018-05-28T18:49:19","modified_gmt":"2018-05-28T16:49:19","slug":"thinglink","status":"publish","type":"page","link":"https:\/\/blogs2.abo.fi\/eklasstandem\/thinglink\/","title":{"rendered":"ThingLink"},"content":{"rendered":"<p><a href=\"http:\/\/www.thinglink.com\" target=\"_blank\" rel=\"noopener\">ThingLink<\/a> \u00e4r ett webbaserat verktyg som ocks\u00e5 finns som app i b\u00e5de Google Play och App Store. Med hj\u00e4lp av ThingLink kan man skapa animerade bilder. Detta betyder i korthet att man utifr\u00e5n en bild kan skapa interaktiva taggar (klickbara l\u00e4nkar) best\u00e5ende av exempelvis text, bild eller webbsida (URL). Den interaktiva bilden kan enkelt delas i sociala medier eller b\u00e4ddas in p\u00e5 en hemsida. Likt m\u00e5nga andra webbverktyg erbjuder f\u00f6retaget ocks\u00e5 en betalversion med m\u00e5ngsidigare finesser (som exempelvis animerade videon och 360-bilder) men man klarar sig r\u00e4tt bra med gratisversionen.<\/p>\n<p>F\u00f6r att komma ig\u00e5ng med ThingLink\u00a0 beh\u00f6ver man skapa ett konto, vilket \u00e4r gratis. Efter att ha loggat in i ThingLink kan man b\u00f6rja utforska vad andra gjort f\u00f6r att f\u00e5 en uppfattning om verktygets m\u00f6jligheter. F\u00f6r att skapa en egen interaktiv bild klickar man p\u00e5 \u201cCreate\u201d, verktyget fungerar tillsvidare endast p\u00e5 engelska.<\/p>\n<p>Efter att ha laddat upp en bild kan man b\u00f6rja animera den. Editeringsprogrammet \u00e4r mycket anv\u00e4ndarv\u00e4nligt och intuitivt. Det \u00e4r bara att klicka p\u00e5 bilden p\u00e5 det st\u00e4lle d\u00e4r man vill s\u00e4tta en tagg (bokm\u00e4rke). Det g\u00e5r att v\u00e4lja olika slags utseende p\u00e5 taggarna (fr\u00e4mst olika bollar eller bokst\u00e4ver med olika f\u00e4rger). Samtidigt finns det m\u00f6jlighet att s\u00e4tta till en bildtext eller webbsida som syns n\u00e4r man klickar p\u00e5 taggen. Efter att ha lagt ut alla taggar sparar man bilden p\u00e5 webbplatsen. Man hittar alla sina sparade och animerade bilder p\u00e5 webbplatsen (genom att logga in) och d\u00e4rifr\u00e5n \u00e4r det ocks\u00e5 enkelt att dela bilderna vidare i sociala medier eller b\u00e4dda in dem p\u00e5 en webbplats. Det \u00e4r ocks\u00e5 m\u00f6jligt att bjuda in andra att redigera de bilder som man skapat. F\u00f6r mera information och praktiska detaljer, se exempelvis f\u00f6ljande <a href=\"https:\/\/www.thinglink.com\/video\/918612536402640897\" target=\"_blank\" rel=\"noopener\">instruktionsfilm <\/a>(p\u00e5 engelska) eller recension p\u00e5 <a href=\"https:\/\/www.skolappar.nu\/thinglink\/\" target=\"_blank\" rel=\"noopener\">Skolappar<\/a> (p\u00e5 svenska).<\/p>\n<p>Inom ramen f\u00f6r den valbara kursen i eklasstandem finns en skriftlig uppgift d\u00e4r tandempartnerna har som uppgift att skapa en gemensam ThingLink d\u00e4r de ska samla sina favoritst\u00e4llen p\u00e5 en karta. Uppgiften g\u00e5r ut p\u00e5 att tillsammans skriva en reklamtext till varje st\u00e4lle (tagg). Slutresultatet \u00e4r s\u00e5ledes en animerad karta med favoritst\u00e4llen inklusive reklamtext som de tillsammans har producerat.<\/p>\n","protected":false},"excerpt":{"rendered":"<p>ThingLink \u00e4r ett webbaserat verktyg som ocks\u00e5 finns som app i b\u00e5de Google Play och App Store. Med hj\u00e4lp av ThingLink kan man skapa animerade bilder. Detta betyder i korthet att man utifr\u00e5n en bild kan skapa interaktiva taggar (klickbara &hellip; <a href=\"https:\/\/blogs2.abo.fi\/eklasstandem\/thinglink\/\">Forts\u00e4tt l\u00e4sa <span class=\"meta-nav\">&rarr;<\/span><\/a><\/p>\n","protected":false},"author":410,"featured_media":0,"parent":0,"menu_order":0,"comment_status":"closed","ping_status":"closed","template":"","meta":{"footnotes":""},"class_list":["post-180","page","type-page","status-publish","hentry"],"_links":{"self":[{"href":"https:\/\/blogs2.abo.fi\/eklasstandem\/wp-json\/wp\/v2\/pages\/180","targetHints":{"allow":["GET"]}}],"collection":[{"href":"https:\/\/blogs2.abo.fi\/eklasstandem\/wp-json\/wp\/v2\/pages"}],"about":[{"href":"https:\/\/blogs2.abo.fi\/eklasstandem\/wp-json\/wp\/v2\/types\/page"}],"author":[{"embeddable":true,"href":"https:\/\/blogs2.abo.fi\/eklasstandem\/wp-json\/wp\/v2\/users\/410"}],"replies":[{"embeddable":true,"href":"https:\/\/blogs2.abo.fi\/eklasstandem\/wp-json\/wp\/v2\/comments?post=180"}],"version-history":[{"count":4,"href":"https:\/\/blogs2.abo.fi\/eklasstandem\/wp-json\/wp\/v2\/pages\/180\/revisions"}],"predecessor-version":[{"id":457,"href":"https:\/\/blogs2.abo.fi\/eklasstandem\/wp-json\/wp\/v2\/pages\/180\/revisions\/457"}],"wp:attachment":[{"href":"https:\/\/blogs2.abo.fi\/eklasstandem\/wp-json\/wp\/v2\/media?parent=180"}],"curies":[{"name":"wp","href":"https:\/\/api.w.org\/{rel}","templated":true}]}}