{"id":178,"date":"2018-05-03T16:12:31","date_gmt":"2018-05-03T14:12:31","guid":{"rendered":"http:\/\/blogs2.abo.fi\/eklasstandem\/?page_id=178"},"modified":"2018-06-05T16:30:45","modified_gmt":"2018-06-05T14:30:45","slug":"padlet","status":"publish","type":"page","link":"https:\/\/blogs2.abo.fi\/eklasstandem\/padlet\/","title":{"rendered":"Padlet"},"content":{"rendered":"<p><a href=\"https:\/\/padlet.com\/\" target=\"_blank\" rel=\"noopener\">Padlet<\/a> on verkkopohjainen ty\u00f6v\u00e4line, joka toimii er\u00e4\u00e4nlaisena digitaalisena ilmoitustauluna. Padlet vaatii rekister\u00f6itymist\u00e4 ennen kuin sinne voi luoda oman tilin ja k\u00e4ytt\u00e4\u00e4 sen tarjoamia palveluita. T\u00e4ss\u00e4 esitetyss\u00e4 yhteenvedossa keskityt\u00e4\u00e4n niihin Padletin tarjoamiin toimintoihin, jotka ovat saatavissa sen ilmaisversiossa. Padletin maksullisesta versiosta l\u00f6ytyy lis\u00e4ominaisuuksia, jotka muun muassa tarjoavat mahdollisuuden oppilashallinnon j\u00e4rjest\u00e4miseen sek\u00e4 suurempien tiedostojen lataamiseen. Padletin ilmaisversion tarjoamilla toiminnoilla p\u00e4rj\u00e4\u00e4 kuitenkin jo hyvin pitk\u00e4lle.<\/p>\n<p>Tilin luomisen j\u00e4lkeen voi heti alkaa suunnitella uutta Padlet-sivua, joka siis toimii er\u00e4\u00e4nlaisena digitaalisena ilmoitustauluna tai -sein\u00e4n\u00e4. Padletista l\u00f6ytyy erilaisia ja hieman eri tavalla toimivia sein\u00e4vaihtoehtoja, mutta yhteist\u00e4 niille kaikille on se, ett\u00e4 niille voi tehd\u00e4 erilaisia lis\u00e4yksi\u00e4 teksti-, kuva-, \u00e4\u00e4ni- sek\u00e4 videomateriaalin muodossa. Kaikkia luotuja seini\u00e4 voi my\u00f6s jakaa muille, jolloin ne tarjoavat mahdollisuuden yhteisty\u00f6h\u00f6n ja yhteiseen muokkaamiseen. Sivujen eri ominaisuuksiin perustuva jakamismahdollisuus (lukeminen, kirjoittaminen, ohjaus ja hallinto) on tervetullut lis\u00e4, koska se mahdollistaa kaikenlaiset oppilaita aktivoivat teht\u00e4v\u00e4t, jotka tukevat yhteisty\u00f6h\u00f6n perustuvaa ajattelua ja oppimista. Jokaiselle Padlet-sivulle voi aina valita haluamansa taustakuvan. Suosittelemme katsomaan seuraavan esittelyvideon, jossa n\u00e4ytet\u00e4\u00e4n, miten opiskelijat voivat luoda oman Padlet-sivun eluokkatandemin valinnaiselle kurssille.<\/p>\n<p><iframe loading=\"lazy\" title=\"Padlet tekeminen\" width=\"640\" height=\"360\" src=\"https:\/\/www.youtube.com\/embed\/0NmvHiccPzw?feature=oembed\" frameborder=\"0\" allow=\"accelerometer; autoplay; clipboard-write; encrypted-media; gyroscope; picture-in-picture; web-share\" referrerpolicy=\"strict-origin-when-cross-origin\" allowfullscreen><\/iframe><\/p>\n<p>Padletista l\u00f6ytyy valittavaksi useita vaihtoehtoisia taustaseini\u00e4 kunkin sivun k\u00e4ytt\u00f6tarkoituksen mukaan. Perusajatuksena on aina kuitenkin se, ett\u00e4 jokaisen sivun ja sill\u00e4 julkaistavan materiaalin pystyy rakentamaan samojen ohjeiden mukaan. Seuraavassa esitell\u00e4\u00e4n kolme eri Padlet-vaihtoehtoa sek\u00e4 esimerkkein\u00e4 niiden pohjalta rakennetut kolme erilaista sivua. Jokainen sein\u00e4 on muokattavissa siten, ett\u00e4 oppilaat voivat kommentoida toistensa tuotoksia. T\u00e4llaiset toiminnot tarjoavat viel\u00e4 paremman mahdollisuuden erityyppiseen vuorovaikutukseen, esimerkiksi vertaisarviointiin.<\/p>\n<p>Padlet-vaihtoehto \u201dSein\u00e4\u201d tarkoittaa tiilisein\u00e4\u00e4 muistuttavaa layoutia, jossa kaiken sis\u00e4ll\u00f6n voi raahata ja sijoitella itse haluamaansa kohtaan. T\u00e4m\u00e4n vaihtoehdon k\u00e4yt\u00f6st\u00e4 l\u00f6yd\u00e4t hyv\u00e4n esimerkin seuraavasta linkist\u00e4 (<a href=\"https:\/\/padlet.com\/simon_hansell\/eh0s6nreiomd\" target=\"_blank\" rel=\"noopener\">Padlet, Sein\u00e4<\/a>), johon eluokkatandemin valinnaiselle kurssille osallistuneet oppilaat ovat koonneet omat lopputy\u00f6ns\u00e4.<\/p>\n<p>Toinen k\u00e4yt\u00e4nn\u00f6llinen vaihtoehto on \u201dCanvas\u201d, jossa sis\u00e4lt\u00f6\u00e4 voi ker\u00e4t\u00e4 haluamaansa paikkaan ja joka my\u00f6s mahdollistaa sis\u00e4lt\u00f6ruutujen yhdist\u00e4misen toisiinsa nuolien avulla. T\u00e4m\u00e4 vaihtoehto soveltuu moneen erilaiseen k\u00e4ytt\u00f6tarkoitukseen, kuten esimerkiksi esitelmien pohjaksi. Esimerkkin\u00e4 yhdest\u00e4 k\u00e4ytt\u00f6tarkoituksesta voit tutustua t\u00e4ss\u00e4 <a href=\"https:\/\/padlet.com\/simon_hansell\/bhcwp42gkup3\" target=\"_blank\" rel=\"noopener\">oppilaiden tekem\u00e4\u00e4n teht\u00e4v\u00e4\u00e4n<\/a>, jossa heid\u00e4n tuli yhdell\u00e4 oppitunnilla laittaa kymmenen eri tapahtumaa kronologiseen j\u00e4rjestykseen ja t\u00e4ytt\u00e4\u00e4 kaikki ruudut faktatiedolla. Teht\u00e4v\u00e4n pohjana oli siis ainoastaan sis\u00e4lt\u00f6ruutujen muodossa annetut kymmenen otsikkoa. Oppilaat ovat t\u00e4m\u00e4n j\u00e4lkeen sijoittaneet ruudut oikeaan j\u00e4rjestykseen ja kirjoittaneet niihin annettuun otsikkoon pohjautuvaa faktatietoa. Lopputuotoksena syntyi jalanj\u00e4lkien muodossa laadittu yhteenveto ortodoksisen kirkon historiasta, ja se jaettiin muiden kurssille osallistuneiden oppilaiden kanssa.<\/p>\n<p>Vaihtoehdossa \u201dHylly\u201d kaikki sis\u00e4lt\u00f6 kootaan vierekk\u00e4isiin sarakkeisiin. T\u00e4m\u00e4 vaihtoehto toimii eritt\u00e4in hyvin silloin, kun sivulle halutaan pelkist\u00e4 sarakkeista koostuva selke\u00e4 rakenne. Maalahdessa ja Petolahdessa on perusopetuksessa laadittu erillinen suunnitelma digitaalista osaamista varten (klikkaa t\u00e4st\u00e4) ja sen pohjana on k\u00e4ytetty Padletin Hylly-sein\u00e4\u00e4. Kyseisess\u00e4 <a href=\"https:\/\/padlet.com\/simon_hansell\/2f62jod2nu3f\" target=\"_blank\" rel=\"noopener\">Padletissa (Hylly)<\/a> on hy\u00f6dynnetty kolumneja havainnollistamaan erityyppist\u00e4 digitaalista osaamista (otsikko), jolloin eri vuosikursseja koskevat tiedot l\u00f6yt\u00e4\u00e4 vieritt\u00e4m\u00e4ll\u00e4 yl\u00f6s- ja alasp\u00e4in kunkin kolumnin sis\u00e4ll\u00e4.<\/p>\n<p>Padlet on saatavissa omana sovelluksenaan Google Playsta ja App Storesta. Kyseist\u00e4 sovellusta voi k\u00e4ytt\u00e4\u00e4 hyvin ainakin eri seinien etsimiseen ja lukemiseen. Jos haluat luoda oman Padlet-tilin ja rakentaa sinne omia sivuja, kannattaa se tehd\u00e4 tietokoneen verkkoversion avulla.<\/p>\n","protected":false},"excerpt":{"rendered":"<p>Padlet on verkkopohjainen ty\u00f6v\u00e4line, joka toimii er\u00e4\u00e4nlaisena digitaalisena ilmoitustauluna. Padlet vaatii rekister\u00f6itymist\u00e4 ennen kuin sinne voi luoda oman tilin ja k\u00e4ytt\u00e4\u00e4 sen tarjoamia palveluita. T\u00e4ss\u00e4 esitetyss\u00e4 yhteenvedossa keskityt\u00e4\u00e4n niihin Padletin tarjoamiin toimintoihin, jotka ovat saatavissa sen ilmaisversiossa. Padletin maksullisesta versiosta &hellip; <a href=\"https:\/\/blogs2.abo.fi\/eklasstandem\/padlet\/\">Forts\u00e4tt l\u00e4sa <span class=\"meta-nav\">&rarr;<\/span><\/a><\/p>\n","protected":false},"author":410,"featured_media":0,"parent":0,"menu_order":0,"comment_status":"closed","ping_status":"closed","template":"","meta":{"footnotes":""},"class_list":["post-178","page","type-page","status-publish","hentry"],"_links":{"self":[{"href":"https:\/\/blogs2.abo.fi\/eklasstandem\/wp-json\/wp\/v2\/pages\/178","targetHints":{"allow":["GET"]}}],"collection":[{"href":"https:\/\/blogs2.abo.fi\/eklasstandem\/wp-json\/wp\/v2\/pages"}],"about":[{"href":"https:\/\/blogs2.abo.fi\/eklasstandem\/wp-json\/wp\/v2\/types\/page"}],"author":[{"embeddable":true,"href":"https:\/\/blogs2.abo.fi\/eklasstandem\/wp-json\/wp\/v2\/users\/410"}],"replies":[{"embeddable":true,"href":"https:\/\/blogs2.abo.fi\/eklasstandem\/wp-json\/wp\/v2\/comments?post=178"}],"version-history":[{"count":16,"href":"https:\/\/blogs2.abo.fi\/eklasstandem\/wp-json\/wp\/v2\/pages\/178\/revisions"}],"predecessor-version":[{"id":822,"href":"https:\/\/blogs2.abo.fi\/eklasstandem\/wp-json\/wp\/v2\/pages\/178\/revisions\/822"}],"wp:attachment":[{"href":"https:\/\/blogs2.abo.fi\/eklasstandem\/wp-json\/wp\/v2\/media?parent=178"}],"curies":[{"name":"wp","href":"https:\/\/api.w.org\/{rel}","templated":true}]}}