{"id":174,"date":"2018-05-03T16:10:32","date_gmt":"2018-05-03T14:10:32","guid":{"rendered":"http:\/\/blogs2.abo.fi\/eklasstandem\/?page_id=174"},"modified":"2018-06-05T16:33:00","modified_gmt":"2018-06-05T14:33:00","slug":"skype-for-foretag","status":"publish","type":"page","link":"https:\/\/blogs2.abo.fi\/eklasstandem\/skype-for-foretag\/","title":{"rendered":"Skype for business"},"content":{"rendered":"<p>Nyky\u00e4\u00e4n on olemassa monia eri ty\u00f6v\u00e4lineit\u00e4 videotapaamisiin tai ns. IP-puheohjelmiksi. Skype for business on yksi tunnetuimmista t\u00e4llaisista sovelluksista ja se on nyky\u00e4\u00e4n integroitu Office365-oppimisymp\u00e4rist\u00f6\u00f6n. Skype for business -sovelluksen tarjoamat mahdollisuudet ovat moninaisia. Perinteisten \u00e4\u00e4ni- ja videopuheluiden lis\u00e4ksi puhelun aikana on my\u00f6s mahdollisuus n\u00e4yt\u00f6n ja tiedostojen jakamiseen sek\u00e4 tietenkin my\u00f6s chattaamiseen. Ohjelman k\u00e4ytt\u00e4j\u00e4lle tarjotaan my\u00f6s mahdollisuus nauhoittaa videopuhelunsa voidakseen katsoa niit\u00e4 my\u00f6hemmin. Skypen vaihtoehtoina toimivat esimerkiksi Googles Hangouts tai Adobe Connect. Skype for Business -sovelluksen vahvuutena voi pit\u00e4\u00e4 sit\u00e4, ett\u00e4 ohjelman k\u00e4ytt\u00e4minen ei vaadi perinteist\u00e4 soittoa vastaanottajalle. Ohjelman avulla voi luoda videolinkkej\u00e4, jolloin jokainen linkki mahdollistaa oman erillisen videotapaamisen. T\u00e4llaisia linkkej\u00e4 voi hyvin koota esimerkiksi jollekin yhteiselle oppimisalustalle, jolloin useat eri videotapaamiset muodostavat samanaikaisesti tavoitettavissa olevan visuaalisen kokonaisuuden.<\/p>\n<p>Projektikouluissa oppilaat tapaavat virtuaalisesti yhteisen oppimisalustan aloitussivulle koottujen linkkien avulla. 1. tandemparin linkkin\u00e4 on t\u00e4ll\u00f6in \u201dKanava 1\u201d, 2. tandemparin linkkin\u00e4 \u201dKanava 2\u201d jne. Oppimisalustassa on valittavana yhteens\u00e4 50 Skype-kanavaa, mutta selkeyden vuoksi tandempareille jaetaan oma Skype-kanavan numero, jota he k\u00e4ytt\u00e4v\u00e4t koko projektin ajan. Oppitunnin aikana opettajat voivat klikata haluamaansa linkki\u00e4 (tandemparin oma numero) ja vierailla jokaisessa videotapaamisessa seuraamassa kunkin tandemparin keskustelua.<\/p>\n<p><img loading=\"lazy\" decoding=\"async\" class=\"alignnone wp-image-823 size-full\" src=\"http:\/\/blogs2.abo.fi\/eklasstandem\/wp-content\/uploads\/sites\/91\/2018\/06\/Skype-for-Business.png\" alt=\"\" width=\"638\" height=\"490\" srcset=\"https:\/\/blogs2.abo.fi\/eklasstandem\/wp-content\/uploads\/sites\/91\/2018\/06\/Skype-for-Business.png 638w, https:\/\/blogs2.abo.fi\/eklasstandem\/wp-content\/uploads\/sites\/91\/2018\/06\/Skype-for-Business-300x230.png 300w\" sizes=\"auto, (max-width: 638px) 100vw, 638px\" \/><\/p>\n<p>&nbsp;<\/p>\n","protected":false},"excerpt":{"rendered":"<p>Nyky\u00e4\u00e4n on olemassa monia eri ty\u00f6v\u00e4lineit\u00e4 videotapaamisiin tai ns. IP-puheohjelmiksi. Skype for business on yksi tunnetuimmista t\u00e4llaisista sovelluksista ja se on nyky\u00e4\u00e4n integroitu Office365-oppimisymp\u00e4rist\u00f6\u00f6n. Skype for business -sovelluksen tarjoamat mahdollisuudet ovat moninaisia. Perinteisten \u00e4\u00e4ni- ja videopuheluiden lis\u00e4ksi puhelun aikana on &hellip; <a href=\"https:\/\/blogs2.abo.fi\/eklasstandem\/skype-for-foretag\/\">Forts\u00e4tt l\u00e4sa <span class=\"meta-nav\">&rarr;<\/span><\/a><\/p>\n","protected":false},"author":410,"featured_media":0,"parent":0,"menu_order":0,"comment_status":"closed","ping_status":"closed","template":"","meta":{"footnotes":""},"class_list":["post-174","page","type-page","status-publish","hentry"],"_links":{"self":[{"href":"https:\/\/blogs2.abo.fi\/eklasstandem\/wp-json\/wp\/v2\/pages\/174","targetHints":{"allow":["GET"]}}],"collection":[{"href":"https:\/\/blogs2.abo.fi\/eklasstandem\/wp-json\/wp\/v2\/pages"}],"about":[{"href":"https:\/\/blogs2.abo.fi\/eklasstandem\/wp-json\/wp\/v2\/types\/page"}],"author":[{"embeddable":true,"href":"https:\/\/blogs2.abo.fi\/eklasstandem\/wp-json\/wp\/v2\/users\/410"}],"replies":[{"embeddable":true,"href":"https:\/\/blogs2.abo.fi\/eklasstandem\/wp-json\/wp\/v2\/comments?post=174"}],"version-history":[{"count":8,"href":"https:\/\/blogs2.abo.fi\/eklasstandem\/wp-json\/wp\/v2\/pages\/174\/revisions"}],"predecessor-version":[{"id":824,"href":"https:\/\/blogs2.abo.fi\/eklasstandem\/wp-json\/wp\/v2\/pages\/174\/revisions\/824"}],"wp:attachment":[{"href":"https:\/\/blogs2.abo.fi\/eklasstandem\/wp-json\/wp\/v2\/media?parent=174"}],"curies":[{"name":"wp","href":"https:\/\/api.w.org\/{rel}","templated":true}]}}