{"id":172,"date":"2018-05-03T16:10:04","date_gmt":"2018-05-03T14:10:04","guid":{"rendered":"http:\/\/blogs2.abo.fi\/eklasstandem\/?page_id=172"},"modified":"2018-06-05T13:13:26","modified_gmt":"2018-06-05T11:13:26","slug":"larplattform","status":"publish","type":"page","link":"https:\/\/blogs2.abo.fi\/eklasstandem\/larplattform\/","title":{"rendered":"L\u00e4rplattform"},"content":{"rendered":"<p>Som grund f\u00f6r den virtuella interaktionen mellan eleverna i eklasstandem har vi anv\u00e4nt oss av den webbaserade l\u00e4rplattformen <a href=\"https:\/\/www.simonhansell.com\/larplattform\/\" target=\"_blank\" rel=\"noopener\">Fronter<\/a>. I den virtuella\u00a0 l\u00e4rplattformen skapas f\u00f6ruts\u00e4ttningar f\u00f6r eleverna att koppla upp sig till <span style=\"color: #333399\"><strong>videosamtal <\/strong><\/span>och att samarbeta i <span style=\"color: #333399\"><strong>delade dokument<\/strong><\/span>. I v\u00e5ra projektskolor har vi valt verktyget <a href=\"http:\/\/blogs2.abo.fi\/eklasstandem\/skype-for-foretag\/\" rel=\"noopener\"><u>Skype f\u00f6r f\u00f6retag<\/u>\u00a0<\/a> och <a href=\"http:\/\/blogs2.abo.fi\/eklasstandem\/delade-dokument\/\" rel=\"noopener\"><u>Googles delade dokument<\/u><\/a>\u00a0. I l\u00e4rplattformen Fronter har vi samlat alla tandempars videom\u00f6tesl\u00e4nkar p\u00e5 ett och samma st\u00e4lle. Detta m\u00f6jligg\u00f6r ocks\u00e5 f\u00f6r l\u00e4rarna att via l\u00e4nkarna g\u00e5 in och delta i alla tandempars diskussioner. P\u00e5 samma s\u00e4tt har vi samlat alla delade dokument p\u00e5 samma sida. Eleven beh\u00f6ver s\u00e5ledes inte bekymra sig \u00f6ver tekniska aspekter, utan beh\u00f6ver bara klicka p\u00e5 r\u00e4tt l\u00e4nk (dokument) f\u00f6r att kunna b\u00f6rja producera gemensamma texter tillsammans med sin tandempartner.<\/p>\n<p>Arbetet med att bygga upp de tekniska f\u00f6ruts\u00e4ttningarna f\u00f6r kursen kr\u00e4ver inga s\u00e4rskilda IT-kunskaper av l\u00e4raren s\u00e5 l\u00e4nge utrustningen finns p\u00e5 skolan. Se g\u00e4rna f\u00f6ljande video som kort beskriver hur vi valt att bygga upp kursrummets struktur och inneh\u00e5ll i l\u00e4rplattformen Fronter.<\/p>\n<p><a href=\"https:\/\/www.youtube.com\/watch?v=IvaARmnm9OI\">https:\/\/www.youtube.com\/watch?v=IvaARmnm9OI<\/a><\/p>\n<p>&nbsp;<\/p>\n","protected":false},"excerpt":{"rendered":"<p>Som grund f\u00f6r den virtuella interaktionen mellan eleverna i eklasstandem har vi anv\u00e4nt oss av den webbaserade l\u00e4rplattformen Fronter. I den virtuella\u00a0 l\u00e4rplattformen skapas f\u00f6ruts\u00e4ttningar f\u00f6r eleverna att koppla upp sig till videosamtal och att samarbeta i delade dokument. I &hellip; <a href=\"https:\/\/blogs2.abo.fi\/eklasstandem\/larplattform\/\">Forts\u00e4tt l\u00e4sa <span class=\"meta-nav\">&rarr;<\/span><\/a><\/p>\n","protected":false},"author":410,"featured_media":0,"parent":0,"menu_order":0,"comment_status":"closed","ping_status":"closed","template":"","meta":{"footnotes":""},"class_list":["post-172","page","type-page","status-publish","hentry"],"_links":{"self":[{"href":"https:\/\/blogs2.abo.fi\/eklasstandem\/wp-json\/wp\/v2\/pages\/172","targetHints":{"allow":["GET"]}}],"collection":[{"href":"https:\/\/blogs2.abo.fi\/eklasstandem\/wp-json\/wp\/v2\/pages"}],"about":[{"href":"https:\/\/blogs2.abo.fi\/eklasstandem\/wp-json\/wp\/v2\/types\/page"}],"author":[{"embeddable":true,"href":"https:\/\/blogs2.abo.fi\/eklasstandem\/wp-json\/wp\/v2\/users\/410"}],"replies":[{"embeddable":true,"href":"https:\/\/blogs2.abo.fi\/eklasstandem\/wp-json\/wp\/v2\/comments?post=172"}],"version-history":[{"count":12,"href":"https:\/\/blogs2.abo.fi\/eklasstandem\/wp-json\/wp\/v2\/pages\/172\/revisions"}],"predecessor-version":[{"id":805,"href":"https:\/\/blogs2.abo.fi\/eklasstandem\/wp-json\/wp\/v2\/pages\/172\/revisions\/805"}],"wp:attachment":[{"href":"https:\/\/blogs2.abo.fi\/eklasstandem\/wp-json\/wp\/v2\/media?parent=172"}],"curies":[{"name":"wp","href":"https:\/\/api.w.org\/{rel}","templated":true}]}}