{"id":170,"date":"2018-05-03T16:09:21","date_gmt":"2018-05-03T14:09:21","guid":{"rendered":"http:\/\/blogs2.abo.fi\/eklasstandem\/?page_id=170"},"modified":"2018-06-05T13:10:21","modified_gmt":"2018-06-05T11:10:21","slug":"digitala-verktyg","status":"publish","type":"page","link":"https:\/\/blogs2.abo.fi\/eklasstandem\/digitala-verktyg\/","title":{"rendered":"Digitala verktyg"},"content":{"rendered":"<p>Det finns en hel del nya digitala verktyg som kan anv\u00e4ndas i spr\u00e5kundervisning och eklasstandem. N\u00e4r det kommer till digitala verktyg \u00f6verlag \u00e4r det viktigt att komma ih\u00e5g syftet med utnyttjandet av tekniken, att den tillf\u00f6r ett <span style=\"color: #333399\"><strong>pedagogiskt merv\u00e4rde<\/strong><\/span> och st\u00f6djer l\u00e4randet. I eklasstandem g\u00e5r det i princip att anv\u00e4nda alla digitala verktyg och metoder som l\u00e4raren ocks\u00e5 anv\u00e4nder i regulj\u00e4r undervisning. Utg\u00e5ngsl\u00e4get inom eklasstandem \u00e4r dock att eleverna befinner sig p\u00e5 olika geografiska platser vilket inverkar p\u00e5 valet av verktyg och metoder. I detta kapitel presenteras n\u00e5gra verktyg som vi upplever som meningsfulla i eklasstandem. Dessa digitala verktyg \u00e4r l\u00e4rplattformen Fronter, Skype f\u00f6r f\u00f6retag, delade dokument, Padlet, ThingLink och sociala medier. Det b\u00f6r po\u00e4ngteras att valen av verktyg inte \u00e4r obligatoriska f\u00f6r genomf\u00f6rande av eklasstandem. Det finns alternativa verktyg och n\u00e5gra av dessa omn\u00e4mns ocks\u00e5 kort i texten.<\/p>\n<p><img loading=\"lazy\" decoding=\"async\" class=\"alignnone size-full wp-image-211\" src=\"http:\/\/blogs2.abo.fi\/eklasstandem\/wp-content\/uploads\/sites\/91\/2018\/05\/Ska\u0308rmavbild-2018-04-05-kl.-16.03.17.png\" alt=\"\" width=\"1279\" height=\"679\" srcset=\"https:\/\/blogs2.abo.fi\/eklasstandem\/wp-content\/uploads\/sites\/91\/2018\/05\/Ska\u0308rmavbild-2018-04-05-kl.-16.03.17.png 1279w, https:\/\/blogs2.abo.fi\/eklasstandem\/wp-content\/uploads\/sites\/91\/2018\/05\/Ska\u0308rmavbild-2018-04-05-kl.-16.03.17-300x159.png 300w, https:\/\/blogs2.abo.fi\/eklasstandem\/wp-content\/uploads\/sites\/91\/2018\/05\/Ska\u0308rmavbild-2018-04-05-kl.-16.03.17-768x408.png 768w, https:\/\/blogs2.abo.fi\/eklasstandem\/wp-content\/uploads\/sites\/91\/2018\/05\/Ska\u0308rmavbild-2018-04-05-kl.-16.03.17-1024x544.png 1024w\" sizes=\"auto, (max-width: 1279px) 100vw, 1279px\" \/><\/p>\n<p>&nbsp;<\/p>\n","protected":false},"excerpt":{"rendered":"<p>Det finns en hel del nya digitala verktyg som kan anv\u00e4ndas i spr\u00e5kundervisning och eklasstandem. N\u00e4r det kommer till digitala verktyg \u00f6verlag \u00e4r det viktigt att komma ih\u00e5g syftet med utnyttjandet av tekniken, att den tillf\u00f6r ett pedagogiskt merv\u00e4rde och &hellip; <a href=\"https:\/\/blogs2.abo.fi\/eklasstandem\/digitala-verktyg\/\">Forts\u00e4tt l\u00e4sa <span class=\"meta-nav\">&rarr;<\/span><\/a><\/p>\n","protected":false},"author":410,"featured_media":0,"parent":0,"menu_order":0,"comment_status":"closed","ping_status":"closed","template":"","meta":{"footnotes":""},"class_list":["post-170","page","type-page","status-publish","hentry"],"_links":{"self":[{"href":"https:\/\/blogs2.abo.fi\/eklasstandem\/wp-json\/wp\/v2\/pages\/170","targetHints":{"allow":["GET"]}}],"collection":[{"href":"https:\/\/blogs2.abo.fi\/eklasstandem\/wp-json\/wp\/v2\/pages"}],"about":[{"href":"https:\/\/blogs2.abo.fi\/eklasstandem\/wp-json\/wp\/v2\/types\/page"}],"author":[{"embeddable":true,"href":"https:\/\/blogs2.abo.fi\/eklasstandem\/wp-json\/wp\/v2\/users\/410"}],"replies":[{"embeddable":true,"href":"https:\/\/blogs2.abo.fi\/eklasstandem\/wp-json\/wp\/v2\/comments?post=170"}],"version-history":[{"count":6,"href":"https:\/\/blogs2.abo.fi\/eklasstandem\/wp-json\/wp\/v2\/pages\/170\/revisions"}],"predecessor-version":[{"id":803,"href":"https:\/\/blogs2.abo.fi\/eklasstandem\/wp-json\/wp\/v2\/pages\/170\/revisions\/803"}],"wp:attachment":[{"href":"https:\/\/blogs2.abo.fi\/eklasstandem\/wp-json\/wp\/v2\/media?parent=170"}],"curies":[{"name":"wp","href":"https:\/\/api.w.org\/{rel}","templated":true}]}}