{"id":163,"date":"2018-05-03T16:04:05","date_gmt":"2018-05-03T14:04:05","guid":{"rendered":"http:\/\/blogs2.abo.fi\/eklasstandem\/?page_id=163"},"modified":"2023-08-14T16:43:46","modified_gmt":"2023-08-14T14:43:46","slug":"esimerkkikurssi","status":"publish","type":"page","link":"https:\/\/blogs2.abo.fi\/eklasstandem\/esimerkkikurssi\/","title":{"rendered":"Esimerkkikurssi"},"content":{"rendered":"<p>Valinnaista et\u00e4kurssia kehitett\u00e4ess\u00e4 opettajat sopivat ensin kesken\u00e4\u00e4n, mit\u00e4 virtuaalista opiskeluymp\u00e4rist\u00f6\u00e4 kurssilla k\u00e4ytet\u00e4\u00e4n ja millaisia opiskelukokonaisuuksia oppilaille tarjotaan. Oman kurssimme opiskeluymp\u00e4rist\u00f6ksi valikoitui <a href=\"https:\/\/blogs2.abo.fi\/eklasstandem\/larplattform\/\" rel=\"noopener\"><u>Fronter-oppimisalusta<\/u><\/a>, jonne opettajat suunnittelivat yhdess\u00e4 nelj\u00e4 opiskelukokonaisuutta eli moduulia (<a href=\"http:\/\/blogs2.abo.fi\/eklasstandem\/wp-content\/uploads\/sites\/91\/2023\/08\/Modul_Det-hander-i-var-skola.pdf\" target=\"_blank\" rel=\"noopener\"><u>esimerkki moduulista<\/u><\/a>). Kokonaisuutta on my\u00f6hemmin t\u00e4ydennetty digitaalisiin peleihin keskittyv\u00e4ll\u00e4 <a href=\"http:\/\/blogs2.abo.fi\/eklasstandem\/wp-content\/uploads\/sites\/91\/2023\/08\/Modul-5_Digitaaliset-pelit-Digitala-spel.pdf\" target=\"_blank\" rel=\"noopener\">moduulilla<\/a>. Tandemparit valitsevat yhteisen keskustelun j\u00e4lkeen kaksi moduulia, jotka suorittavat. Jokaiseen moduuliin kuuluu useita teht\u00e4vi\u00e4 (esim. ennakkoteht\u00e4vi\u00e4, l\u00e4mmittelyteht\u00e4vi\u00e4 ja palautettavia teht\u00e4vi\u00e4). Palautettavia tuotoksia parit tekev\u00e4t molemmissa moduuleissa yhteens\u00e4 kolme: yhden suullisen, yhden kirjallisen ja yhden laajemman teht\u00e4v\u00e4n, jossa opiskelijat hy\u00f6dynt\u00e4v\u00e4t monipuolisesti kielitaidon eri osa-alueita. Palautettavat teht\u00e4v\u00e4t edellytt\u00e4v\u00e4t oppilailta muun muassa yhteissuunnittelua ja yhdess\u00e4 kirjoittamista.<\/p>\n<p>Suoritusmerkinn\u00e4n lis\u00e4ksi opettajat antavat pareille heid\u00e4n palauttamistaan teht\u00e4vist\u00e4 sek\u00e4 suullista ett\u00e4 kirjallista palautetta. Lis\u00e4ksi tandemparit arvioivat omaa ty\u00f6panostaan ja kielitaitonsa kehittymist\u00e4.<\/p>\n<p>Oppilaat ovat pit\u00e4neet siit\u00e4, ett\u00e4 he ovat itse voineet valita suoritettavat moduulit. Parasta on ollut se, ett\u00e4 oppilaat ovat voineet olla joustavasti yhteydess\u00e4 toisiinsa itselleen parhaiten sopivina aikoina. Virtuaalitapaamisia on ollut viikoittain, usein my\u00f6s viikonloppuisin, ja ne ovat olleet kestoltaan 30\u201390 minuuttia.<\/p>\n<p><a href=\"http:\/\/blogs2.abo.fi\/eklasstandem\/valinnainen-etakurssi\/\"><em>Takaisin<\/em><\/a><\/p>\n<p>&nbsp;<\/p>\n","protected":false},"excerpt":{"rendered":"<p>Valinnaista et\u00e4kurssia kehitett\u00e4ess\u00e4 opettajat sopivat ensin kesken\u00e4\u00e4n, mit\u00e4 virtuaalista opiskeluymp\u00e4rist\u00f6\u00e4 kurssilla k\u00e4ytet\u00e4\u00e4n ja millaisia opiskelukokonaisuuksia oppilaille tarjotaan. Oman kurssimme opiskeluymp\u00e4rist\u00f6ksi valikoitui Fronter-oppimisalusta, jonne opettajat suunnittelivat yhdess\u00e4 nelj\u00e4 opiskelukokonaisuutta eli moduulia (esimerkki moduulista). Kokonaisuutta on my\u00f6hemmin t\u00e4ydennetty digitaalisiin peleihin keskittyv\u00e4ll\u00e4 moduulilla. &hellip; <a href=\"https:\/\/blogs2.abo.fi\/eklasstandem\/esimerkkikurssi\/\">Forts\u00e4tt l\u00e4sa <span class=\"meta-nav\">&rarr;<\/span><\/a><\/p>\n","protected":false},"author":410,"featured_media":0,"parent":0,"menu_order":0,"comment_status":"closed","ping_status":"closed","template":"","meta":{"footnotes":""},"class_list":["post-163","page","type-page","status-publish","hentry"],"_links":{"self":[{"href":"https:\/\/blogs2.abo.fi\/eklasstandem\/wp-json\/wp\/v2\/pages\/163","targetHints":{"allow":["GET"]}}],"collection":[{"href":"https:\/\/blogs2.abo.fi\/eklasstandem\/wp-json\/wp\/v2\/pages"}],"about":[{"href":"https:\/\/blogs2.abo.fi\/eklasstandem\/wp-json\/wp\/v2\/types\/page"}],"author":[{"embeddable":true,"href":"https:\/\/blogs2.abo.fi\/eklasstandem\/wp-json\/wp\/v2\/users\/410"}],"replies":[{"embeddable":true,"href":"https:\/\/blogs2.abo.fi\/eklasstandem\/wp-json\/wp\/v2\/comments?post=163"}],"version-history":[{"count":12,"href":"https:\/\/blogs2.abo.fi\/eklasstandem\/wp-json\/wp\/v2\/pages\/163\/revisions"}],"predecessor-version":[{"id":888,"href":"https:\/\/blogs2.abo.fi\/eklasstandem\/wp-json\/wp\/v2\/pages\/163\/revisions\/888"}],"wp:attachment":[{"href":"https:\/\/blogs2.abo.fi\/eklasstandem\/wp-json\/wp\/v2\/media?parent=163"}],"curies":[{"name":"wp","href":"https:\/\/api.w.org\/{rel}","templated":true}]}}