{"id":161,"date":"2018-05-03T16:03:36","date_gmt":"2018-05-03T14:03:36","guid":{"rendered":"http:\/\/blogs2.abo.fi\/eklasstandem\/?page_id=161"},"modified":"2018-06-04T16:57:27","modified_gmt":"2018-06-04T14:57:27","slug":"kurssin-suorittaminen","status":"publish","type":"page","link":"https:\/\/blogs2.abo.fi\/eklasstandem\/kurssin-suorittaminen\/","title":{"rendered":"Kurssin suorittaminen"},"content":{"rendered":"<p>Et\u00e4kurssin suorittamiseen ei ole muita reunaehtoja kuin aloitus- ja lopetustapaamiset sek\u00e4\u00a0 kurssiteht\u00e4vien palautusp\u00e4iv\u00e4m\u00e4\u00e4r\u00e4t. Muuten oppilaat voivat suorittaa kurssin joustavasti haluaminaan ajankohtina. Tapaamisia on hyv\u00e4 olla viikottain, mutta tandemparit voivat kesken\u00e4\u00e4n sopia milloin ja kuinka usein he tapaavat ja kuinka kauan yksi tapaaminen kest\u00e4\u00e4. Valinnainen et\u00e4kurssi kannattaa sijoittaa sellaiseen kohtaan lukuvuotta, jossa oppilaat pystyv\u00e4t t\u00e4ysipainoisesti panostamaan kurssin suorittamiseen (esim. syyslukukaudella ylioppilaskirjoitusten j\u00e4lkeen).<\/p>\n<p>Tandemparit valitsevat yhteisen keskustelun j\u00e4lkeen ne teht\u00e4v\u00e4t, joiden parissa he haluavat ty\u00f6skennell\u00e4 et\u00e4kurssin aikana. Alussa parien on hyv\u00e4 sopia aikataulu, jonka puitteissa heid\u00e4n on tarkoitus suorittaa kurssi. Kurssin aikana parit j\u00e4tt\u00e4v\u00e4t arvioitaviksi sek\u00e4 suullisia ett\u00e4 kirjallisia teht\u00e4vi\u00e4, jotka edellytt\u00e4v\u00e4t oppilailta yhteissuunnittelua ja yhdess\u00e4 kirjoittamista.<\/p>\n<p><a href=\"http:\/\/blogs2.abo.fi\/eklasstandem\/valinnainen-etakurssi\/\"><em>Takaisin<\/em><\/a><\/p>\n","protected":false},"excerpt":{"rendered":"<p>Et\u00e4kurssin suorittamiseen ei ole muita reunaehtoja kuin aloitus- ja lopetustapaamiset sek\u00e4\u00a0 kurssiteht\u00e4vien palautusp\u00e4iv\u00e4m\u00e4\u00e4r\u00e4t. Muuten oppilaat voivat suorittaa kurssin joustavasti haluaminaan ajankohtina. Tapaamisia on hyv\u00e4 olla viikottain, mutta tandemparit voivat kesken\u00e4\u00e4n sopia milloin ja kuinka usein he tapaavat ja kuinka kauan &hellip; <a href=\"https:\/\/blogs2.abo.fi\/eklasstandem\/kurssin-suorittaminen\/\">Forts\u00e4tt l\u00e4sa <span class=\"meta-nav\">&rarr;<\/span><\/a><\/p>\n","protected":false},"author":410,"featured_media":0,"parent":0,"menu_order":0,"comment_status":"closed","ping_status":"closed","template":"","meta":{"footnotes":""},"class_list":["post-161","page","type-page","status-publish","hentry"],"_links":{"self":[{"href":"https:\/\/blogs2.abo.fi\/eklasstandem\/wp-json\/wp\/v2\/pages\/161","targetHints":{"allow":["GET"]}}],"collection":[{"href":"https:\/\/blogs2.abo.fi\/eklasstandem\/wp-json\/wp\/v2\/pages"}],"about":[{"href":"https:\/\/blogs2.abo.fi\/eklasstandem\/wp-json\/wp\/v2\/types\/page"}],"author":[{"embeddable":true,"href":"https:\/\/blogs2.abo.fi\/eklasstandem\/wp-json\/wp\/v2\/users\/410"}],"replies":[{"embeddable":true,"href":"https:\/\/blogs2.abo.fi\/eklasstandem\/wp-json\/wp\/v2\/comments?post=161"}],"version-history":[{"count":3,"href":"https:\/\/blogs2.abo.fi\/eklasstandem\/wp-json\/wp\/v2\/pages\/161\/revisions"}],"predecessor-version":[{"id":737,"href":"https:\/\/blogs2.abo.fi\/eklasstandem\/wp-json\/wp\/v2\/pages\/161\/revisions\/737"}],"wp:attachment":[{"href":"https:\/\/blogs2.abo.fi\/eklasstandem\/wp-json\/wp\/v2\/media?parent=161"}],"curies":[{"name":"wp","href":"https:\/\/api.w.org\/{rel}","templated":true}]}}