{"id":159,"date":"2018-05-03T16:03:09","date_gmt":"2018-05-03T14:03:09","guid":{"rendered":"http:\/\/blogs2.abo.fi\/eklasstandem\/?page_id=159"},"modified":"2018-06-04T16:56:49","modified_gmt":"2018-06-04T14:56:49","slug":"opiskelijoiden-rooli","status":"publish","type":"page","link":"https:\/\/blogs2.abo.fi\/eklasstandem\/opiskelijoiden-rooli\/","title":{"rendered":"Oppilaiden teht\u00e4v\u00e4"},"content":{"rendered":"<p>Oppilailta et\u00e4kurssin suorittaminen edellytt\u00e4\u00e4 ennen kaikkea halua vuorovaikutteiseen opiskeluun, jossa kielen k\u00e4ytt\u00e4minen on etusijalla. Oppilailta vaaditaan my\u00f6s sitoutumista, sill\u00e4 tandemty\u00f6skentelyn onnistuminen edellytt\u00e4\u00e4 vastavuoroisuutta. T\u00e4ll\u00e4 tarkoitetaan sit\u00e4, ett\u00e4 sovituista tapaamisista pidet\u00e4\u00e4n kiinni, ja ett\u00e4 seuraavaan tapaamiseen valmistaudutaan huolella. Mahdollisen esteen ilmaantuessa on t\u00e4rke\u00e4\u00e4 sopia uudesta tapaamisesta. Vastavuoroisuus tarkoittaa my\u00f6s sit\u00e4, ett\u00e4 molemmat osapuolet osoittavat kiinnostusta parinsa kielenoppimiseen ja pyrkiv\u00e4t auttamaan ja tukemaan h\u00e4nt\u00e4 t\u00e4ss\u00e4.<\/p>\n<p>Avoimuudesta, ennakkoluulottomuudesta tai heitt\u00e4ytymiskyvyst\u00e4k\u00e4\u00e4n ei ole haittaa. Tekniset vaatimukset ovat melko v\u00e4h\u00e4isi\u00e4. Riitt\u00e4\u00e4, ett\u00e4 oppilaalla on k\u00e4yt\u00f6ss\u00e4\u00e4n laite, jolla p\u00e4\u00e4see verkkoon ja joka mahdollistaa yhteisty\u00f6n \u00e4\u00e4nen ja kuvan kanssa.<\/p>\n<p><a href=\"http:\/\/blogs2.abo.fi\/eklasstandem\/valinnainen-etakurssi\/\"><em>Takaisin<\/em><\/a><\/p>\n","protected":false},"excerpt":{"rendered":"<p>Oppilailta et\u00e4kurssin suorittaminen edellytt\u00e4\u00e4 ennen kaikkea halua vuorovaikutteiseen opiskeluun, jossa kielen k\u00e4ytt\u00e4minen on etusijalla. Oppilailta vaaditaan my\u00f6s sitoutumista, sill\u00e4 tandemty\u00f6skentelyn onnistuminen edellytt\u00e4\u00e4 vastavuoroisuutta. T\u00e4ll\u00e4 tarkoitetaan sit\u00e4, ett\u00e4 sovituista tapaamisista pidet\u00e4\u00e4n kiinni, ja ett\u00e4 seuraavaan tapaamiseen valmistaudutaan huolella. Mahdollisen esteen ilmaantuessa &hellip; <a href=\"https:\/\/blogs2.abo.fi\/eklasstandem\/opiskelijoiden-rooli\/\">Forts\u00e4tt l\u00e4sa <span class=\"meta-nav\">&rarr;<\/span><\/a><\/p>\n","protected":false},"author":410,"featured_media":0,"parent":0,"menu_order":0,"comment_status":"closed","ping_status":"closed","template":"","meta":{"footnotes":""},"class_list":["post-159","page","type-page","status-publish","hentry"],"_links":{"self":[{"href":"https:\/\/blogs2.abo.fi\/eklasstandem\/wp-json\/wp\/v2\/pages\/159","targetHints":{"allow":["GET"]}}],"collection":[{"href":"https:\/\/blogs2.abo.fi\/eklasstandem\/wp-json\/wp\/v2\/pages"}],"about":[{"href":"https:\/\/blogs2.abo.fi\/eklasstandem\/wp-json\/wp\/v2\/types\/page"}],"author":[{"embeddable":true,"href":"https:\/\/blogs2.abo.fi\/eklasstandem\/wp-json\/wp\/v2\/users\/410"}],"replies":[{"embeddable":true,"href":"https:\/\/blogs2.abo.fi\/eklasstandem\/wp-json\/wp\/v2\/comments?post=159"}],"version-history":[{"count":3,"href":"https:\/\/blogs2.abo.fi\/eklasstandem\/wp-json\/wp\/v2\/pages\/159\/revisions"}],"predecessor-version":[{"id":736,"href":"https:\/\/blogs2.abo.fi\/eklasstandem\/wp-json\/wp\/v2\/pages\/159\/revisions\/736"}],"wp:attachment":[{"href":"https:\/\/blogs2.abo.fi\/eklasstandem\/wp-json\/wp\/v2\/media?parent=159"}],"curies":[{"name":"wp","href":"https:\/\/api.w.org\/{rel}","templated":true}]}}