{"id":157,"date":"2018-05-03T16:02:42","date_gmt":"2018-05-03T14:02:42","guid":{"rendered":"http:\/\/blogs2.abo.fi\/eklasstandem\/?page_id=157"},"modified":"2018-06-05T09:18:56","modified_gmt":"2018-06-05T07:18:56","slug":"opettajien-rooli","status":"publish","type":"page","link":"https:\/\/blogs2.abo.fi\/eklasstandem\/opettajien-rooli\/","title":{"rendered":"Opettajien teht\u00e4v\u00e4"},"content":{"rendered":"<p>Opettajien teht\u00e4v\u00e4 valinnaisen et\u00e4kurssin luomisessa painottuu suunnitteluun ja opiskelukokonaisuuksien rakentamiseen. Tandemkoulut rakentavat yhdess\u00e4 itse omat kokonaisuutensa (moduulit) ja m\u00e4\u00e4rittelev\u00e4t niiden sis\u00e4ll\u00f6t. Opiskelukokonaisuuksiin on hyv\u00e4 j\u00e4tt\u00e4\u00e4 v\u00e4ljyytt\u00e4, jotta oppilaat voivat suorituksissaan hy\u00f6dynt\u00e4\u00e4 omia mielenkiinnon kohteitaan. Ajan my\u00f6t\u00e4 opiskelukokonaisuuksista muodostuu moduulipankki, joka tarjoaa oppilaille runsaasti valinnanvaraa.<\/p>\n<p>Ennen kurssin aloittamista opettajat tapaavat oppilaansa ja kertovat heille lyhyesti tandemty\u00f6skentelyn periaatteista ja toimintatavoista (ks. <a href=\"http:\/\/web.abo.fi\/e-mag\/klasstandem\/pdf.pdf\" target=\"_blank\" rel=\"noopener\">Luokkatandem-k\u00e4sikirja<\/a>, luku 1.1). T\u00e4ll\u00f6in sovitaan my\u00f6s tandemparit sek\u00e4 kurssiteht\u00e4vien palautusp\u00e4iv\u00e4m\u00e4\u00e4r\u00e4t. Kurssin aikana opettajat seuraavat ty\u00f6skentely\u00e4, antavat palautetta sen etenemisest\u00e4 ja auttavat tarvittaessa opiskeluun liittyvien asioiden kanssa. Valinnaisesta et\u00e4kurssista annetaan yleens\u00e4 suoritusmerkint\u00e4, mutta kurssin suorittaminen antaa luonnollisesti lis\u00e4n\u00e4ytt\u00f6\u00e4 oppilaan osaamisen kehittymisest\u00e4, mill\u00e4 voi olla my\u00f6nteisi\u00e4 vaikutuksia p\u00e4\u00e4tt\u00f6arvosanan muodostumiseen.<\/p>\n<p><a href=\"http:\/\/blogs2.abo.fi\/eklasstandem\/valinnainen-etakurssi\/\"><em>Takaisin<\/em><\/a><\/p>\n","protected":false},"excerpt":{"rendered":"<p>Opettajien teht\u00e4v\u00e4 valinnaisen et\u00e4kurssin luomisessa painottuu suunnitteluun ja opiskelukokonaisuuksien rakentamiseen. Tandemkoulut rakentavat yhdess\u00e4 itse omat kokonaisuutensa (moduulit) ja m\u00e4\u00e4rittelev\u00e4t niiden sis\u00e4ll\u00f6t. Opiskelukokonaisuuksiin on hyv\u00e4 j\u00e4tt\u00e4\u00e4 v\u00e4ljyytt\u00e4, jotta oppilaat voivat suorituksissaan hy\u00f6dynt\u00e4\u00e4 omia mielenkiinnon kohteitaan. Ajan my\u00f6t\u00e4 opiskelukokonaisuuksista muodostuu moduulipankki, joka &hellip; <a href=\"https:\/\/blogs2.abo.fi\/eklasstandem\/opettajien-rooli\/\">Forts\u00e4tt l\u00e4sa <span class=\"meta-nav\">&rarr;<\/span><\/a><\/p>\n","protected":false},"author":410,"featured_media":0,"parent":0,"menu_order":0,"comment_status":"closed","ping_status":"closed","template":"","meta":{"footnotes":""},"class_list":["post-157","page","type-page","status-publish","hentry"],"_links":{"self":[{"href":"https:\/\/blogs2.abo.fi\/eklasstandem\/wp-json\/wp\/v2\/pages\/157","targetHints":{"allow":["GET"]}}],"collection":[{"href":"https:\/\/blogs2.abo.fi\/eklasstandem\/wp-json\/wp\/v2\/pages"}],"about":[{"href":"https:\/\/blogs2.abo.fi\/eklasstandem\/wp-json\/wp\/v2\/types\/page"}],"author":[{"embeddable":true,"href":"https:\/\/blogs2.abo.fi\/eklasstandem\/wp-json\/wp\/v2\/users\/410"}],"replies":[{"embeddable":true,"href":"https:\/\/blogs2.abo.fi\/eklasstandem\/wp-json\/wp\/v2\/comments?post=157"}],"version-history":[{"count":5,"href":"https:\/\/blogs2.abo.fi\/eklasstandem\/wp-json\/wp\/v2\/pages\/157\/revisions"}],"predecessor-version":[{"id":752,"href":"https:\/\/blogs2.abo.fi\/eklasstandem\/wp-json\/wp\/v2\/pages\/157\/revisions\/752"}],"wp:attachment":[{"href":"https:\/\/blogs2.abo.fi\/eklasstandem\/wp-json\/wp\/v2\/media?parent=157"}],"curies":[{"name":"wp","href":"https:\/\/api.w.org\/{rel}","templated":true}]}}