{"id":155,"date":"2018-05-03T16:02:12","date_gmt":"2018-05-03T14:02:12","guid":{"rendered":"http:\/\/blogs2.abo.fi\/eklasstandem\/?page_id=155"},"modified":"2018-06-05T13:07:00","modified_gmt":"2018-06-05T11:07:00","slug":"vaadittavat-resurssit","status":"publish","type":"page","link":"https:\/\/blogs2.abo.fi\/eklasstandem\/vaadittavat-resurssit\/","title":{"rendered":"Vaadittavat resurssit"},"content":{"rendered":"<p>Valinnainen et\u00e4kurssi vaatii aluksi jonkin verran lis\u00e4resursseja kouluilta, mutta toiminnan vakiinnuttua resurssitarpeet pienenev\u00e4t. Kurssin k\u00e4ynnist\u00e4minen vie aikaa, sill\u00e4 se edellytt\u00e4\u00e4 tandemkoulujen opettajien <a href=\"http:\/\/blogs2.abo.fi\/eklasstandem\/kurssisuunnittelu\/\" rel=\"noopener\"><u>yhteissuunnittelua<\/u><\/a> muun muassa opiskeltavien kurssisis\u00e4lt\u00f6jen ja virtuaalisen opiskeluymp\u00e4rist\u00f6n luomisen osalta. T\u00e4h\u00e4n yhteissuunnitteluun tarvittavasta ajasta ja siihen liittyvist\u00e4 korvauksista on hyv\u00e4 sopia etuk\u00e4teen koulun johdon kanssa. Virtuaalisen opiskeluymp\u00e4rist\u00f6n rakentamisessa voi tarvittaessa k\u00e4\u00e4nty\u00e4 koulun it-vastaavan puoleen. Kun et\u00e4kurssista on tullut vakiintunut osa koulun toimintakulttuuria, lis\u00e4resurssien tarve pienenee. Jatkossa opettajien teht\u00e4v\u00e4n\u00e4 on ennen kurssin aloittamista avata tandemty\u00f6skentely\u00e4 oppilaille, kurssin aikana kannustaa ja antaa oppimista edist\u00e4v\u00e4\u00e4 palautetta ja kurssin j\u00e4lkeen arvioida kokonaisuus.<\/p>\n<p><a href=\"http:\/\/blogs2.abo.fi\/eklasstandem\/valinnainen-etakurssi\/\"><em>Takaisin<\/em><\/a><\/p>\n<p>&nbsp;<\/p>\n","protected":false},"excerpt":{"rendered":"<p>Valinnainen et\u00e4kurssi vaatii aluksi jonkin verran lis\u00e4resursseja kouluilta, mutta toiminnan vakiinnuttua resurssitarpeet pienenev\u00e4t. Kurssin k\u00e4ynnist\u00e4minen vie aikaa, sill\u00e4 se edellytt\u00e4\u00e4 tandemkoulujen opettajien yhteissuunnittelua muun muassa opiskeltavien kurssisis\u00e4lt\u00f6jen ja virtuaalisen opiskeluymp\u00e4rist\u00f6n luomisen osalta. T\u00e4h\u00e4n yhteissuunnitteluun tarvittavasta ajasta ja siihen liittyvist\u00e4 korvauksista &hellip; <a href=\"https:\/\/blogs2.abo.fi\/eklasstandem\/vaadittavat-resurssit\/\">Forts\u00e4tt l\u00e4sa <span class=\"meta-nav\">&rarr;<\/span><\/a><\/p>\n","protected":false},"author":410,"featured_media":0,"parent":0,"menu_order":0,"comment_status":"closed","ping_status":"closed","template":"","meta":{"footnotes":""},"class_list":["post-155","page","type-page","status-publish","hentry"],"_links":{"self":[{"href":"https:\/\/blogs2.abo.fi\/eklasstandem\/wp-json\/wp\/v2\/pages\/155","targetHints":{"allow":["GET"]}}],"collection":[{"href":"https:\/\/blogs2.abo.fi\/eklasstandem\/wp-json\/wp\/v2\/pages"}],"about":[{"href":"https:\/\/blogs2.abo.fi\/eklasstandem\/wp-json\/wp\/v2\/types\/page"}],"author":[{"embeddable":true,"href":"https:\/\/blogs2.abo.fi\/eklasstandem\/wp-json\/wp\/v2\/users\/410"}],"replies":[{"embeddable":true,"href":"https:\/\/blogs2.abo.fi\/eklasstandem\/wp-json\/wp\/v2\/comments?post=155"}],"version-history":[{"count":6,"href":"https:\/\/blogs2.abo.fi\/eklasstandem\/wp-json\/wp\/v2\/pages\/155\/revisions"}],"predecessor-version":[{"id":799,"href":"https:\/\/blogs2.abo.fi\/eklasstandem\/wp-json\/wp\/v2\/pages\/155\/revisions\/799"}],"wp:attachment":[{"href":"https:\/\/blogs2.abo.fi\/eklasstandem\/wp-json\/wp\/v2\/media?parent=155"}],"curies":[{"name":"wp","href":"https:\/\/api.w.org\/{rel}","templated":true}]}}