{"id":151,"date":"2018-05-03T15:59:47","date_gmt":"2018-05-03T13:59:47","guid":{"rendered":"http:\/\/blogs2.abo.fi\/eklasstandem\/?page_id=151"},"modified":"2018-06-04T16:51:06","modified_gmt":"2018-06-04T14:51:06","slug":"asumissaantojen-kirjoittaminen","status":"publish","type":"page","link":"https:\/\/blogs2.abo.fi\/eklasstandem\/asumissaantojen-kirjoittaminen\/","title":{"rendered":"Asumiss\u00e4\u00e4nt\u00f6jen kirjoittaminen"},"content":{"rendered":"<p>Denna skrivuppgift f\u00f6reg\u00e5s av en muntlig \u00f6vning som inledning till temat boende. Eleverna diskuterar f\u00f6rst olika boendeformer och de f\u00f6r- och nackdelar som finns med dessa. D\u00e4refter forts\u00e4tter de med en skriftlig uppgift. F\u00f6rst sammanfattar eleverna viktiga punkter i t.ex. en mind map innan de b\u00f6rjar skriva.<\/p>\n<p>Det \u00e4r viktigt att b\u00e5da \u00e4r aktiva under skrivprocessen och att b\u00e5das \u00e5sikter kommer fram. Utmaningen ligger i att modersm\u00e5lsanv\u00e4ndaren inte dikterar texten, men inte heller passiveras och bara korrigerar spr\u00e5kfel i efterhand. Man m\u00e5ste uttryckligen betona b\u00e5das ansvar f\u00f6r inneh\u00e5llet. Exempeluppgiften hittar du <a href=\"http:\/\/blogs2.abo.fi\/eklasstandem\/wp-content\/uploads\/sites\/91\/2018\/05\/Asumiss\u2030\u2030nt\u02c6jen-kirjoittaminen\u2020.pdf\" target=\"_blank\" rel=\"noopener\"><u>h\u00e4r<\/u><\/a>.<\/p>\n<p><a href=\"http:\/\/blogs2.abo.fi\/eklasstandem\/kirjoitustehtavat\/\"><em>Tillbaka<\/em><\/a><\/p>\n<p>&nbsp;<\/p>\n","protected":false},"excerpt":{"rendered":"<p>Denna skrivuppgift f\u00f6reg\u00e5s av en muntlig \u00f6vning som inledning till temat boende. Eleverna diskuterar f\u00f6rst olika boendeformer och de f\u00f6r- och nackdelar som finns med dessa. D\u00e4refter forts\u00e4tter de med en skriftlig uppgift. F\u00f6rst sammanfattar eleverna viktiga punkter i t.ex. &hellip; <a href=\"https:\/\/blogs2.abo.fi\/eklasstandem\/asumissaantojen-kirjoittaminen\/\">Forts\u00e4tt l\u00e4sa <span class=\"meta-nav\">&rarr;<\/span><\/a><\/p>\n","protected":false},"author":410,"featured_media":0,"parent":0,"menu_order":0,"comment_status":"closed","ping_status":"closed","template":"","meta":{"footnotes":""},"class_list":["post-151","page","type-page","status-publish","hentry"],"_links":{"self":[{"href":"https:\/\/blogs2.abo.fi\/eklasstandem\/wp-json\/wp\/v2\/pages\/151","targetHints":{"allow":["GET"]}}],"collection":[{"href":"https:\/\/blogs2.abo.fi\/eklasstandem\/wp-json\/wp\/v2\/pages"}],"about":[{"href":"https:\/\/blogs2.abo.fi\/eklasstandem\/wp-json\/wp\/v2\/types\/page"}],"author":[{"embeddable":true,"href":"https:\/\/blogs2.abo.fi\/eklasstandem\/wp-json\/wp\/v2\/users\/410"}],"replies":[{"embeddable":true,"href":"https:\/\/blogs2.abo.fi\/eklasstandem\/wp-json\/wp\/v2\/comments?post=151"}],"version-history":[{"count":3,"href":"https:\/\/blogs2.abo.fi\/eklasstandem\/wp-json\/wp\/v2\/pages\/151\/revisions"}],"predecessor-version":[{"id":731,"href":"https:\/\/blogs2.abo.fi\/eklasstandem\/wp-json\/wp\/v2\/pages\/151\/revisions\/731"}],"wp:attachment":[{"href":"https:\/\/blogs2.abo.fi\/eklasstandem\/wp-json\/wp\/v2\/media?parent=151"}],"curies":[{"name":"wp","href":"https:\/\/api.w.org\/{rel}","templated":true}]}}