{"id":144,"date":"2018-05-03T15:57:31","date_gmt":"2018-05-03T13:57:31","guid":{"rendered":"http:\/\/blogs2.abo.fi\/eklasstandem\/?page_id=144"},"modified":"2018-06-05T13:05:30","modified_gmt":"2018-06-05T11:05:30","slug":"uttal-t%ca%83-och-%ca%83-ljud","status":"publish","type":"page","link":"https:\/\/blogs2.abo.fi\/eklasstandem\/uttal-t%ca%83-och-%ca%83-ljud\/","title":{"rendered":"Uttal: t\u0283- och \u0283-ljud"},"content":{"rendered":"<p>Ruotsin kielen \u00e4\u00e4nt\u00e4misen harjoittelussa ruotsinkielisest\u00e4 oppilaasta on paljon apua. \u00c4\u00e4nt\u00e4miseen kiinnitet\u00e4\u00e4n huomiota toki muissakin teht\u00e4viss\u00e4, mutta varsinkin t<strong>\u0283-<\/strong> ja <strong>\u0283<\/strong>-\u00e4\u00e4nteit\u00e4 kannattaa harjoitella my\u00f6s omana teht\u00e4v\u00e4n\u00e4. Esimerkkiteht\u00e4v\u00e4n l\u00f6yd\u00e4t <a href=\"http:\/\/blogs2.abo.fi\/eklasstandem\/wp-content\/uploads\/sites\/91\/2018\/05\/Uttal-t-och-ljud.pdf\" target=\"_blank\" rel=\"noopener\"><u>t\u00e4\u00e4lt\u00e4<\/u><\/a>.<\/p>\n<p><iframe loading=\"lazy\" title=\"Uttal   Sjo\u0308mannen blev sjo\u0308sjuk\" width=\"640\" height=\"360\" src=\"https:\/\/www.youtube.com\/embed\/JjsIqvPen3g?feature=oembed\" frameborder=\"0\" allow=\"accelerometer; autoplay; clipboard-write; encrypted-media; gyroscope; picture-in-picture; web-share\" referrerpolicy=\"strict-origin-when-cross-origin\" allowfullscreen><\/iframe><\/p>\n<p><a href=\"http:\/\/blogs2.abo.fi\/eklasstandem\/lukemis-ja-aantamisharjoitukset\/\"><em>Takaisin<\/em><\/a><\/p>\n","protected":false},"excerpt":{"rendered":"<p>Ruotsin kielen \u00e4\u00e4nt\u00e4misen harjoittelussa ruotsinkielisest\u00e4 oppilaasta on paljon apua. \u00c4\u00e4nt\u00e4miseen kiinnitet\u00e4\u00e4n huomiota toki muissakin teht\u00e4viss\u00e4, mutta varsinkin t\u0283- ja \u0283-\u00e4\u00e4nteit\u00e4 kannattaa harjoitella my\u00f6s omana teht\u00e4v\u00e4n\u00e4. Esimerkkiteht\u00e4v\u00e4n l\u00f6yd\u00e4t t\u00e4\u00e4lt\u00e4. Takaisin<\/p>\n","protected":false},"author":410,"featured_media":0,"parent":0,"menu_order":0,"comment_status":"closed","ping_status":"closed","template":"","meta":{"footnotes":""},"class_list":["post-144","page","type-page","status-publish","hentry"],"_links":{"self":[{"href":"https:\/\/blogs2.abo.fi\/eklasstandem\/wp-json\/wp\/v2\/pages\/144","targetHints":{"allow":["GET"]}}],"collection":[{"href":"https:\/\/blogs2.abo.fi\/eklasstandem\/wp-json\/wp\/v2\/pages"}],"about":[{"href":"https:\/\/blogs2.abo.fi\/eklasstandem\/wp-json\/wp\/v2\/types\/page"}],"author":[{"embeddable":true,"href":"https:\/\/blogs2.abo.fi\/eklasstandem\/wp-json\/wp\/v2\/users\/410"}],"replies":[{"embeddable":true,"href":"https:\/\/blogs2.abo.fi\/eklasstandem\/wp-json\/wp\/v2\/comments?post=144"}],"version-history":[{"count":5,"href":"https:\/\/blogs2.abo.fi\/eklasstandem\/wp-json\/wp\/v2\/pages\/144\/revisions"}],"predecessor-version":[{"id":797,"href":"https:\/\/blogs2.abo.fi\/eklasstandem\/wp-json\/wp\/v2\/pages\/144\/revisions\/797"}],"wp:attachment":[{"href":"https:\/\/blogs2.abo.fi\/eklasstandem\/wp-json\/wp\/v2\/media?parent=144"}],"curies":[{"name":"wp","href":"https:\/\/api.w.org\/{rel}","templated":true}]}}