{"id":134,"date":"2018-05-03T15:53:04","date_gmt":"2018-05-03T13:53:04","guid":{"rendered":"http:\/\/blogs2.abo.fi\/eklasstandem\/?page_id=134"},"modified":"2018-06-04T16:38:51","modified_gmt":"2018-06-04T14:38:51","slug":"kaantaminen-ja-lauseiden-jatkaminen-ajanmaareet","status":"publish","type":"page","link":"https:\/\/blogs2.abo.fi\/eklasstandem\/kaantaminen-ja-lauseiden-jatkaminen-ajanmaareet\/","title":{"rendered":"K\u00e4\u00e4nt\u00e4minen ja lauseiden jatkaminen: Ajanm\u00e4\u00e4reet"},"content":{"rendered":"<p>Bra uppgifter \u00e4r s\u00e5dana d\u00e4r man tr\u00e4nar p\u00e5 strukturer samtidigt som de anv\u00e4nds i en kontext och eleverna f\u00e5r vidareutveckla diskussionen enligt eget intresse. I exempeluppgiften f\u00e5r eleverna \u00f6va p\u00e5 s\u00e5v\u00e4l tidsuttryck som tempus. Att beh\u00e4rska tidsuttryck \u00e4r viktigt i det dagliga spr\u00e5kbruket och i denna uppgift r\u00e4cker modersm\u00e5lsanv\u00e4ndarens spr\u00e5kliga kompetens till att hj\u00e4lpa tandempartnern. Uppgiften ger ocks\u00e5 tandemparet m\u00f6jlighet att l\u00e4ra k\u00e4nna varandra b\u00e4ttre. Exempeluppgiften hittar du <a href=\"http:\/\/blogs2.abo.fi\/eklasstandem\/wp-content\/uploads\/sites\/91\/2018\/05\/K\u2030\u2030nt\u2030minen-ja-lauseiden-jatkaminen-Ajanm\u2030\u2030reet.pdf\" target=\"_blank\" rel=\"noopener\"><u>h\u00e4r<\/u><\/a>.<\/p>\n<p><iframe loading=\"lazy\"  id=\"_ytid_99000\"  width=\"640\" height=\"360\"  data-origwidth=\"640\" data-origheight=\"360\" src=\"https:\/\/www.youtube.com\/embed\/QwaSrhOCAts?enablejsapi=1&#038;autoplay=0&#038;cc_load_policy=0&#038;cc_lang_pref=&#038;iv_load_policy=1&#038;loop=0&#038;rel=1&#038;fs=1&#038;playsinline=0&#038;autohide=2&#038;theme=dark&#038;color=red&#038;controls=1&#038;disablekb=0&#038;\" class=\"__youtube_prefs__  epyt-is-override  no-lazyload\" title=\"YouTube player\"  allow=\"fullscreen; accelerometer; autoplay; clipboard-write; encrypted-media; gyroscope; picture-in-picture; web-share\" referrerpolicy=\"strict-origin-when-cross-origin\" allowfullscreen data-no-lazy=\"1\" data-skipgform_ajax_framebjll=\"\"><\/iframe><\/p>\n<p><a href=\"http:\/\/blogs2.abo.fi\/eklasstandem\/sanasto-ja-rakennetehtavat\/\"><em>Tillbaka<\/em><\/a><\/p>\n","protected":false},"excerpt":{"rendered":"<p>Bra uppgifter \u00e4r s\u00e5dana d\u00e4r man tr\u00e4nar p\u00e5 strukturer samtidigt som de anv\u00e4nds i en kontext och eleverna f\u00e5r vidareutveckla diskussionen enligt eget intresse. I exempeluppgiften f\u00e5r eleverna \u00f6va p\u00e5 s\u00e5v\u00e4l tidsuttryck som tempus. Att beh\u00e4rska tidsuttryck \u00e4r viktigt i &hellip; <a href=\"https:\/\/blogs2.abo.fi\/eklasstandem\/kaantaminen-ja-lauseiden-jatkaminen-ajanmaareet\/\">Forts\u00e4tt l\u00e4sa <span class=\"meta-nav\">&rarr;<\/span><\/a><\/p>\n","protected":false},"author":410,"featured_media":0,"parent":0,"menu_order":0,"comment_status":"closed","ping_status":"closed","template":"","meta":{"footnotes":""},"class_list":["post-134","page","type-page","status-publish","hentry"],"_links":{"self":[{"href":"https:\/\/blogs2.abo.fi\/eklasstandem\/wp-json\/wp\/v2\/pages\/134","targetHints":{"allow":["GET"]}}],"collection":[{"href":"https:\/\/blogs2.abo.fi\/eklasstandem\/wp-json\/wp\/v2\/pages"}],"about":[{"href":"https:\/\/blogs2.abo.fi\/eklasstandem\/wp-json\/wp\/v2\/types\/page"}],"author":[{"embeddable":true,"href":"https:\/\/blogs2.abo.fi\/eklasstandem\/wp-json\/wp\/v2\/users\/410"}],"replies":[{"embeddable":true,"href":"https:\/\/blogs2.abo.fi\/eklasstandem\/wp-json\/wp\/v2\/comments?post=134"}],"version-history":[{"count":4,"href":"https:\/\/blogs2.abo.fi\/eklasstandem\/wp-json\/wp\/v2\/pages\/134\/revisions"}],"predecessor-version":[{"id":722,"href":"https:\/\/blogs2.abo.fi\/eklasstandem\/wp-json\/wp\/v2\/pages\/134\/revisions\/722"}],"wp:attachment":[{"href":"https:\/\/blogs2.abo.fi\/eklasstandem\/wp-json\/wp\/v2\/media?parent=134"}],"curies":[{"name":"wp","href":"https:\/\/api.w.org\/{rel}","templated":true}]}}