{"id":132,"date":"2018-05-03T15:52:39","date_gmt":"2018-05-03T13:52:39","guid":{"rendered":"http:\/\/blogs2.abo.fi\/eklasstandem\/?page_id=132"},"modified":"2018-06-05T12:47:41","modified_gmt":"2018-06-05T10:47:41","slug":"verbbojning-har-du-nagonsin","status":"publish","type":"page","link":"https:\/\/blogs2.abo.fi\/eklasstandem\/verbbojning-har-du-nagonsin\/","title":{"rendered":"Verbb\u00f6jning: Har du n\u00e5gonsin\u2026?"},"content":{"rendered":"<p>Kielioppiasioita voi harjoitella eluokkatandemtunnilla, kunhan ei edellyt\u00e4 \u00e4idinkielisen osaavan opettaa ja selitt\u00e4\u00e4 kielioppis\u00e4\u00e4nt\u00f6j\u00e4. Esimerkkiteht\u00e4v\u00e4ss\u00e4 harjoitellaan kysymysten muodostamista ja verbien taivutusta tutustuen samalla lis\u00e4\u00e4 omaan tandempariin. \u00c4idinkielist\u00e4 kannattaa rohkaista esitt\u00e4m\u00e4\u00e4n lis\u00e4kysymyksi\u00e4 ja auttamaan suomenkielist\u00e4 muodostamaan oikea verbimuoto. Esimerkkiteht\u00e4v\u00e4n l\u00f6yd\u00e4t <a href=\"http:\/\/blogs2.abo.fi\/eklasstandem\/wp-content\/uploads\/sites\/91\/2018\/05\/Verbb\u02c6jning-Har-du-nA\u0302gonsin....pdf\" target=\"_blank\" rel=\"noopener\"><u>t\u00e4\u00e4lt\u00e4<\/u><\/a>.<\/p>\n<p><iframe loading=\"lazy\" title=\"Verbbo\u0308jning   Att ha\u030alla tal\" width=\"640\" height=\"360\" src=\"https:\/\/www.youtube.com\/embed\/-1_YVtNmIhc?feature=oembed\" frameborder=\"0\" allow=\"accelerometer; autoplay; clipboard-write; encrypted-media; gyroscope; picture-in-picture; web-share\" referrerpolicy=\"strict-origin-when-cross-origin\" allowfullscreen><\/iframe><\/p>\n<p><a href=\"http:\/\/blogs2.abo.fi\/eklasstandem\/sanasto-ja-rakennetehtavat\/\"><em>Takaisin<\/em><\/a><\/p>\n","protected":false},"excerpt":{"rendered":"<p>Kielioppiasioita voi harjoitella eluokkatandemtunnilla, kunhan ei edellyt\u00e4 \u00e4idinkielisen osaavan opettaa ja selitt\u00e4\u00e4 kielioppis\u00e4\u00e4nt\u00f6j\u00e4. Esimerkkiteht\u00e4v\u00e4ss\u00e4 harjoitellaan kysymysten muodostamista ja verbien taivutusta tutustuen samalla lis\u00e4\u00e4 omaan tandempariin. \u00c4idinkielist\u00e4 kannattaa rohkaista esitt\u00e4m\u00e4\u00e4n lis\u00e4kysymyksi\u00e4 ja auttamaan suomenkielist\u00e4 muodostamaan oikea verbimuoto. Esimerkkiteht\u00e4v\u00e4n l\u00f6yd\u00e4t t\u00e4\u00e4lt\u00e4. Takaisin<\/p>\n","protected":false},"author":410,"featured_media":0,"parent":0,"menu_order":0,"comment_status":"closed","ping_status":"closed","template":"","meta":{"footnotes":""},"class_list":["post-132","page","type-page","status-publish","hentry"],"_links":{"self":[{"href":"https:\/\/blogs2.abo.fi\/eklasstandem\/wp-json\/wp\/v2\/pages\/132","targetHints":{"allow":["GET"]}}],"collection":[{"href":"https:\/\/blogs2.abo.fi\/eklasstandem\/wp-json\/wp\/v2\/pages"}],"about":[{"href":"https:\/\/blogs2.abo.fi\/eklasstandem\/wp-json\/wp\/v2\/types\/page"}],"author":[{"embeddable":true,"href":"https:\/\/blogs2.abo.fi\/eklasstandem\/wp-json\/wp\/v2\/users\/410"}],"replies":[{"embeddable":true,"href":"https:\/\/blogs2.abo.fi\/eklasstandem\/wp-json\/wp\/v2\/comments?post=132"}],"version-history":[{"count":5,"href":"https:\/\/blogs2.abo.fi\/eklasstandem\/wp-json\/wp\/v2\/pages\/132\/revisions"}],"predecessor-version":[{"id":790,"href":"https:\/\/blogs2.abo.fi\/eklasstandem\/wp-json\/wp\/v2\/pages\/132\/revisions\/790"}],"wp:attachment":[{"href":"https:\/\/blogs2.abo.fi\/eklasstandem\/wp-json\/wp\/v2\/media?parent=132"}],"curies":[{"name":"wp","href":"https:\/\/api.w.org\/{rel}","templated":true}]}}