{"id":130,"date":"2018-05-03T15:52:15","date_gmt":"2018-05-03T13:52:15","guid":{"rendered":"http:\/\/blogs2.abo.fi\/eklasstandem\/?page_id=130"},"modified":"2018-06-04T16:37:02","modified_gmt":"2018-06-04T14:37:02","slug":"lukuharjoitus-paivamaarat-seka-perus-ja-jarjestysluvut","status":"publish","type":"page","link":"https:\/\/blogs2.abo.fi\/eklasstandem\/lukuharjoitus-paivamaarat-seka-perus-ja-jarjestysluvut\/","title":{"rendered":"Lukuharjoitus: P\u00e4iv\u00e4m\u00e4\u00e4r\u00e4t sek\u00e4 perus- ja j\u00e4rjestysluvut"},"content":{"rendered":"<p>Att anv\u00e4nda och b\u00f6ja r\u00e4kneord och ordningstal korrekt p\u00e5 finska \u00e4r ofta en utmaning f\u00f6r svenskspr\u00e5kiga. I den h\u00e4r typen av \u00f6vning f\u00e5r man \u00f6va i lugn och ro tillsammans med tandempartnern som hj\u00e4lper och korrigerar. H\u00e4r kan modersm\u00e5lsanv\u00e4ndaren vara en utm\u00e4rkt resurs eftersom hen inte beh\u00f6ver k\u00e4nna till grammatikregler f\u00f6r att kunna hj\u00e4lpa sin tandempartner att b\u00f6ja r\u00e4tt. Exempeluppgiften hittar du <a href=\"http:\/\/blogs2.abo.fi\/eklasstandem\/wp-content\/uploads\/sites\/91\/2018\/05\/Lukuharjoitus-P\u2030iv\u2030m\u2030\u2030r\u2030t-sek\u2030-perus-ja-j\u2030rjestysluvut-.pdf\" target=\"_blank\" rel=\"noopener\"><u>h\u00e4r<\/u><\/a>.<\/p>\n<p>Man kan ocks\u00e5 modifiera \u00f6vningen s\u00e5 att man alltid har tv\u00e5 stycken liknande uttryck och modersm\u00e5lsanv\u00e4ndaren l\u00e4ser h\u00f6gt och fungerar som spr\u00e5kmodell och partnern f\u00e5r ta efter. F\u00f6r snabba elever kan man ge en till\u00e4ggsuppgift: hitta turvis p\u00e5 fr\u00e5gor d\u00e4r du f\u00e5r r\u00e4kneord\/ordningstal\/datum som svar.<\/p>\n<p><iframe loading=\"lazy\" title=\"Lukuharjoitus\" width=\"640\" height=\"360\" src=\"https:\/\/www.youtube.com\/embed\/zrVNry2WzZI?feature=oembed\" frameborder=\"0\" allow=\"accelerometer; autoplay; clipboard-write; encrypted-media; gyroscope; picture-in-picture; web-share\" referrerpolicy=\"strict-origin-when-cross-origin\" allowfullscreen><\/iframe><\/p>\n<p><a href=\"http:\/\/blogs2.abo.fi\/eklasstandem\/sanasto-ja-rakennetehtavat\/\"><em>Tillbaka<\/em><\/a><\/p>\n","protected":false},"excerpt":{"rendered":"<p>Att anv\u00e4nda och b\u00f6ja r\u00e4kneord och ordningstal korrekt p\u00e5 finska \u00e4r ofta en utmaning f\u00f6r svenskspr\u00e5kiga. I den h\u00e4r typen av \u00f6vning f\u00e5r man \u00f6va i lugn och ro tillsammans med tandempartnern som hj\u00e4lper och korrigerar. H\u00e4r kan modersm\u00e5lsanv\u00e4ndaren vara &hellip; <a href=\"https:\/\/blogs2.abo.fi\/eklasstandem\/lukuharjoitus-paivamaarat-seka-perus-ja-jarjestysluvut\/\">Forts\u00e4tt l\u00e4sa <span class=\"meta-nav\">&rarr;<\/span><\/a><\/p>\n","protected":false},"author":410,"featured_media":0,"parent":0,"menu_order":0,"comment_status":"closed","ping_status":"closed","template":"","meta":{"footnotes":""},"class_list":["post-130","page","type-page","status-publish","hentry"],"_links":{"self":[{"href":"https:\/\/blogs2.abo.fi\/eklasstandem\/wp-json\/wp\/v2\/pages\/130","targetHints":{"allow":["GET"]}}],"collection":[{"href":"https:\/\/blogs2.abo.fi\/eklasstandem\/wp-json\/wp\/v2\/pages"}],"about":[{"href":"https:\/\/blogs2.abo.fi\/eklasstandem\/wp-json\/wp\/v2\/types\/page"}],"author":[{"embeddable":true,"href":"https:\/\/blogs2.abo.fi\/eklasstandem\/wp-json\/wp\/v2\/users\/410"}],"replies":[{"embeddable":true,"href":"https:\/\/blogs2.abo.fi\/eklasstandem\/wp-json\/wp\/v2\/comments?post=130"}],"version-history":[{"count":5,"href":"https:\/\/blogs2.abo.fi\/eklasstandem\/wp-json\/wp\/v2\/pages\/130\/revisions"}],"predecessor-version":[{"id":720,"href":"https:\/\/blogs2.abo.fi\/eklasstandem\/wp-json\/wp\/v2\/pages\/130\/revisions\/720"}],"wp:attachment":[{"href":"https:\/\/blogs2.abo.fi\/eklasstandem\/wp-json\/wp\/v2\/media?parent=130"}],"curies":[{"name":"wp","href":"https:\/\/api.w.org\/{rel}","templated":true}]}}