{"id":128,"date":"2018-05-03T15:51:51","date_gmt":"2018-05-03T13:51:51","guid":{"rendered":"http:\/\/blogs2.abo.fi\/eklasstandem\/?page_id=128"},"modified":"2018-06-05T12:46:21","modified_gmt":"2018-06-05T10:46:21","slug":"alias-ammatteja","status":"publish","type":"page","link":"https:\/\/blogs2.abo.fi\/eklasstandem\/alias-ammatteja\/","title":{"rendered":"Alias: ammatteja"},"content":{"rendered":"<p>Alias och andra ordf\u00f6rklaringsuppgifter fungerar utm\u00e4rkt i eklasstandem eftersom eleverna d\u00e5 m\u00e5ste koncentrera sig p\u00e5 att b\u00e5de f\u00f6rklara och lyssna. Denna uppgiftstyp v\u00e4cker mycket diskussion d\u00e5 eleverna hj\u00e4lper varandra med att f\u00f6rklara och hitta ord och i sin iver l\u00e4gger de inte m\u00e4rke till hur mycket de anv\u00e4nder m\u00e5lspr\u00e5ket. Alias ger m\u00e5ngsidig ord\u00f6vning inom kurstemat. I denna uppgift \u00e4r temat arbetsliv och yrken.\u00a0 Exempeluppgiften hittar du <a href=\"http:\/\/blogs2.abo.fi\/eklasstandem\/wp-content\/uploads\/sites\/91\/2018\/05\/Alias-Ammatteja.pdf\" target=\"_blank\" rel=\"noopener\"><u>h\u00e4r<\/u><\/a>. Du kan l\u00e4sa mera om olika variationer av Alias i <a href=\"http:\/\/web.abo.fi\/e-mag\/klasstandem\/pdf.pdf\" target=\"_blank\" rel=\"noopener\"><u>Klasstandemhandboken<\/u><\/a>: (kapitlen 3.2. och 3.3.)<\/p>\n<p><iframe loading=\"lazy\" title=\"Aliasta ammatteja kuvaavin sanoin\" width=\"640\" height=\"360\" src=\"https:\/\/www.youtube.com\/embed\/0r8RVXLvPbI?feature=oembed\" frameborder=\"0\" allow=\"accelerometer; autoplay; clipboard-write; encrypted-media; gyroscope; picture-in-picture; web-share\" referrerpolicy=\"strict-origin-when-cross-origin\" allowfullscreen><\/iframe><\/p>\n<p><a href=\"http:\/\/blogs2.abo.fi\/eklasstandem\/sanasto-ja-rakennetehtavat\/\"><em>Tillbaka<\/em><\/a><\/p>\n","protected":false},"excerpt":{"rendered":"<p>Alias och andra ordf\u00f6rklaringsuppgifter fungerar utm\u00e4rkt i eklasstandem eftersom eleverna d\u00e5 m\u00e5ste koncentrera sig p\u00e5 att b\u00e5de f\u00f6rklara och lyssna. Denna uppgiftstyp v\u00e4cker mycket diskussion d\u00e5 eleverna hj\u00e4lper varandra med att f\u00f6rklara och hitta ord och i sin iver l\u00e4gger &hellip; <a href=\"https:\/\/blogs2.abo.fi\/eklasstandem\/alias-ammatteja\/\">Forts\u00e4tt l\u00e4sa <span class=\"meta-nav\">&rarr;<\/span><\/a><\/p>\n","protected":false},"author":410,"featured_media":0,"parent":0,"menu_order":0,"comment_status":"closed","ping_status":"closed","template":"","meta":{"footnotes":""},"class_list":["post-128","page","type-page","status-publish","hentry"],"_links":{"self":[{"href":"https:\/\/blogs2.abo.fi\/eklasstandem\/wp-json\/wp\/v2\/pages\/128","targetHints":{"allow":["GET"]}}],"collection":[{"href":"https:\/\/blogs2.abo.fi\/eklasstandem\/wp-json\/wp\/v2\/pages"}],"about":[{"href":"https:\/\/blogs2.abo.fi\/eklasstandem\/wp-json\/wp\/v2\/types\/page"}],"author":[{"embeddable":true,"href":"https:\/\/blogs2.abo.fi\/eklasstandem\/wp-json\/wp\/v2\/users\/410"}],"replies":[{"embeddable":true,"href":"https:\/\/blogs2.abo.fi\/eklasstandem\/wp-json\/wp\/v2\/comments?post=128"}],"version-history":[{"count":7,"href":"https:\/\/blogs2.abo.fi\/eklasstandem\/wp-json\/wp\/v2\/pages\/128\/revisions"}],"predecessor-version":[{"id":789,"href":"https:\/\/blogs2.abo.fi\/eklasstandem\/wp-json\/wp\/v2\/pages\/128\/revisions\/789"}],"wp:attachment":[{"href":"https:\/\/blogs2.abo.fi\/eklasstandem\/wp-json\/wp\/v2\/media?parent=128"}],"curies":[{"name":"wp","href":"https:\/\/api.w.org\/{rel}","templated":true}]}}